{"id":964,"date":"2018-08-31T13:51:30","date_gmt":"2018-08-31T16:51:30","guid":{"rendered":"https:\/\/int6029-sal.infd.edu.ar\/sitio\/uso-del-nodo\/"},"modified":"2021-12-12T15:02:16","modified_gmt":"2021-12-12T18:02:16","slug":"uso-del-nodo","status":"publish","type":"page","link":"https:\/\/int6029-sal.infd.edu.ar\/sitio\/uso-del-nodo\/","title":{"rendered":"Uso del Nodo"},"content":{"rendered":"<h2 style=\"text-align: center;\"><span style=\"color: #339966;\">FORTALECIMIENTO INSTITUCIONAL<\/span><\/h2>\n<h3><\/h3>\n<h4><strong>Pautas para hacer del<\/strong> Nodo del Instituto de Educaci\u00f3n Superior N\u00b0 6.029 &#8211; Tartagal, un espacio de encuentro con otros y con nosotros mismos.<\/h4>\n<h4><\/h4>\n<h4>1. Utilizar el espacio frecuentemente, en los horarios en que cada uno disponga.<\/h4>\n<h4><\/h4>\n<h4>2.&nbsp;Poner inter\u00e9s, dedicaci\u00f3n&nbsp;y cooperaci\u00f3n&nbsp;para lograr mejores resultados del trabajo en grupo.<\/h4>\n<h4><\/h4>\n<h4>3.&nbsp;APRENDER A RESPETAR LAS OPINIONES DE LOS DEM\u00c1S, ABRIRSE A LO NUEVO.<\/h4>\n<h4><\/h4>\n<h4>4.&nbsp;Actuar desde y para la&nbsp;uni\u00f3n, la solidaridad y la cooperaci\u00f3n.<\/h4>\n<h4><\/h4>\n<h4>5.&nbsp;Que la Rectora, los Profesores y el personal administrativo se involucren en el Nodo.<\/h4>\n<h4><\/h4>\n<h4>6.&nbsp;Que todos los alumnos de las carreras del Terciario participen.<\/h4>\n<h4><\/h4>\n<h4>7.&nbsp;Valorar la&nbsp;organizaci\u00f3n como&nbsp;un punto fundamental para trabajar en grupo.<\/h4>\n<h4><\/h4>\n<h4>8.&nbsp;\u00b7&nbsp;Compartir los materiales de trabajo y las producciones individuales.<\/h4>\n<h4><\/h4>\n<h4>9.&nbsp;\u00b7&nbsp;Escuchar&nbsp;sugerencias y planteos de profesores en cuanto a las actividades y su desarrollo; a los&nbsp;administrativos y&nbsp;directivos en cuanto a nuestro comportamiento y obligaciones dentro del Instituto como alumnos y tambi\u00e9n realizarlas cuando as\u00ed lo consideremos, siempre con respeto.<\/h4>\n<h4><\/h4>\n<h4>10.- Aportar con nuestro aprendizaje individual al enriquecimiento y actualizacion de nuestro nodo.<\/h4>\n<h4><\/h4>\n<h4>11.- Que todos se sientan parte de esta comunidad de aprendizaje virtual valorando cada uno de los aportes como significativo, pensando en que todo suma.<\/h4>\n<h4><\/h4>\n<h4>12.- Saber escuchar para ponerse de acuerdo en puntos comunes y as\u00ed resolver los conflictos desde el di\u00e1logo.<\/h4>\n<h4><\/h4>\n<h4><em>Estas pautas fueron elaboradas por la comunidad educativa de la Tecnicatura Superior Sociohuman\u00edstica en Administraci\u00f3n P\u00fablica orientada al Desarrollo Local, durante el 2\u00b0 Cuatrimestre del a\u00f1o 2.009, en el marco del PMI \u00abLa escuela en el territorio\u00bb.<\/em><\/h4>\n<h4 style=\"text-align: justify;\"><\/h4>\n\n\n<div style=\"width: 100%;\"><div style=\"position: relative; padding-bottom: 56.25%; padding-top: 0; height: 0;\"><iframe loading=\"lazy\" frameborder=\"0\" width=\"1200\" height=\"675\" style=\"position: absolute; top: 0; left: 0; width: 100%; height: 100%;\" src=\"https:\/\/view.genial.ly\/5f5ef0d58cc8340d8feeb1fe\" type=\"text\/html\" allowscriptaccess=\"always\" allowfullscreen=\"true\" scrolling=\"yes\" allownetworking=\"all\"><\/iframe> <\/div> <\/div>\n","protected":false},"excerpt":{"rendered":"<p>FORTALECIMIENTO INSTITUCIONAL Pautas para hacer del Nodo del Instituto de Educaci\u00f3n Superior N\u00b0 6.029 &#8211; Tartagal, un espacio de encuentro con otros y con nosotros mismos. 1. Utilizar el espacio frecuentemente, en los horarios en que cada uno disponga. 2.&nbsp;Poner inter\u00e9s, dedicaci\u00f3n&nbsp;y cooperaci\u00f3n&nbsp;para lograr mejores resultados del trabajo en grupo. 3.&nbsp;APRENDER A RESPETAR LAS OPINIONES &#8230; <a title=\"Uso del Nodo\" class=\"read-more\" href=\"https:\/\/int6029-sal.infd.edu.ar\/sitio\/uso-del-nodo\/\" aria-label=\"More on Uso del Nodo\">[+]<\/a><\/p>\n","protected":false},"author":698,"featured_media":0,"parent":0,"menu_order":0,"comment_status":"closed","ping_status":"closed","template":"","meta":[],"acf":[],"_links":{"self":[{"href":"https:\/\/int6029-sal.infd.edu.ar\/sitio\/wp-json\/wp\/v2\/pages\/964"}],"collection":[{"href":"https:\/\/int6029-sal.infd.edu.ar\/sitio\/wp-json\/wp\/v2\/pages"}],"about":[{"href":"https:\/\/int6029-sal.infd.edu.ar\/sitio\/wp-json\/wp\/v2\/types\/page"}],"author":[{"embeddable":true,"href":"https:\/\/int6029-sal.infd.edu.ar\/sitio\/wp-json\/wp\/v2\/users\/698"}],"replies":[{"embeddable":true,"href":"https:\/\/int6029-sal.infd.edu.ar\/sitio\/wp-json\/wp\/v2\/comments?post=964"}],"version-history":[{"count":6,"href":"https:\/\/int6029-sal.infd.edu.ar\/sitio\/wp-json\/wp\/v2\/pages\/964\/revisions"}],"predecessor-version":[{"id":2205,"href":"https:\/\/int6029-sal.infd.edu.ar\/sitio\/wp-json\/wp\/v2\/pages\/964\/revisions\/2205"}],"wp:attachment":[{"href":"https:\/\/int6029-sal.infd.edu.ar\/sitio\/wp-json\/wp\/v2\/media?parent=964"}],"curies":[{"name":"wp","href":"https:\/\/api.w.org\/{rel}","templated":true}]}}