{"id":929,"date":"2018-08-31T13:51:18","date_gmt":"2018-08-31T16:51:18","guid":{"rendered":"https:\/\/int6029-sal.infd.edu.ar\/sitio\/carreras\/"},"modified":"2024-12-10T10:13:43","modified_gmt":"2024-12-10T13:13:43","slug":"carreras","status":"publish","type":"page","link":"https:\/\/int6029-sal.infd.edu.ar\/sitio\/carreras\/","title":{"rendered":"OFERTA EDUCATIVA 2025"},"content":{"rendered":"\n<h2 class=\"wp-block-heading has-text-align-center has-black-color has-light-green-cyan-to-vivid-green-cyan-gradient-background has-text-color has-background\">Profesorado de Educaci\u00f3n Secundaria en Inform\u00e1tica<\/h2>\n\n\n<a class=\"wp-block-read-more\" href=\"https:\/\/int6029-sal.infd.edu.ar\/sitio\/carreras\/\" target=\"_self\">http:\/\/www.edusalta.gov.ar\/index.php\/docentes\/normativa-educativa\/resoluciones\/4485-res-min-n-1168-16\/file<span class=\"screen-reader-text\">: OFERTA EDUCATIVA 2025<\/span><\/a>\n\n\n<p class=\"has-text-align-center\"><strong>1*  , 2* a\u00f1o A\u00f1o<\/strong> <\/p>\n\n\n\n<h2 class=\"wp-block-heading has-text-align-center has-black-color has-cool-to-warm-spectrum-gradient-background has-text-color has-background\">Profesorado en Teatro<\/h2>\n\n\n<a class=\"wp-block-read-more\" href=\"https:\/\/int6029-sal.infd.edu.ar\/sitio\/carreras\/\" target=\"_self\">http:\/\/www.edusalta.gov.ar\/index.php\/docentes\/normativa-educativa\/resoluciones\/4515-res-min-n-014-10\/file<span class=\"screen-reader-text\">: OFERTA EDUCATIVA 2025<\/span><\/a>\n\n\n<p class=\"has-text-align-center\"><strong>1* A\u00f1o<\/strong>, <strong>2* a\u00f1o<\/strong>  <\/p>\n\n\n\n<div class=\"wp-block-buttons is-horizontal is-content-justification-center is-layout-flex wp-container-1\"><\/div>\n\n\n\n<h2 class=\"wp-block-heading has-text-align-center has-black-color has-light-green-cyan-background-color has-text-color has-background\">Profesorado de Educaci\u00f3n Secundaria en Psicolog\u00eda<\/h2>\n\n\n\n<h2 class=\"wp-block-heading\">RM&nbsp; 3954\/18<\/h2>\n\n\n\n<p class=\"has-text-align-center has-medium-font-size\"><strong>1*, 2* y 3* A\u00f1o<\/strong> <strong>(Ingreso 2024)<\/strong><\/p>\n\n\n\n<div class=\"wp-block-buttons is-horizontal is-content-justification-center is-layout-flex wp-container-2\">\n<div class=\"wp-block-button\"><a class=\"wp-block-button__link wp-element-button\">Ver aqu\u00ed<\/a><\/div>\n<\/div>\n\n\n\n<h2 class=\"wp-block-heading has-text-align-center has-black-color has-electric-grass-gradient-background has-text-color has-background\">Profesorado de Educaci\u00f3n Secundaria en Matem\u00e1ticas<\/h2>\n\n\n\n<h2 class=\"wp-block-heading\"><a href=\"http:\/\/www.edusalta.gov.ar\/index.php\/docentes\/normativa-educativa\/disenos-curriculares\/disenos-curriculares-educacion-superior\/2866-diseno-curricular-profesorado-de-educacion-secundaria-en-matematica\/file\">RM&nbsp; 3125\/14<\/a><\/h2>\n\n\n\n<p class=\"has-text-align-center has-medium-font-size\"><strong>  3* y 4* A\u00f1o<\/strong><\/p>\n\n\n\n<p class=\"has-text-align-center has-medium-font-size\"><\/p>\n","protected":false},"excerpt":{"rendered":"<p>Profesorado de Educaci\u00f3n Secundaria en Inform\u00e1tica 1* , 2* a\u00f1o A\u00f1o Profesorado en Teatro 1* A\u00f1o, 2* a\u00f1o Profesorado de Educaci\u00f3n Secundaria en Psicolog\u00eda RM&nbsp; 3954\/18 1*, 2* y 3* A\u00f1o (Ingreso 2024) Profesorado de Educaci\u00f3n Secundaria en Matem\u00e1ticas RM&nbsp; 3125\/14 3* y 4* A\u00f1o<\/p>\n","protected":false},"author":698,"featured_media":0,"parent":0,"menu_order":0,"comment_status":"closed","ping_status":"closed","template":"","meta":[],"acf":[],"_links":{"self":[{"href":"https:\/\/int6029-sal.infd.edu.ar\/sitio\/wp-json\/wp\/v2\/pages\/929"}],"collection":[{"href":"https:\/\/int6029-sal.infd.edu.ar\/sitio\/wp-json\/wp\/v2\/pages"}],"about":[{"href":"https:\/\/int6029-sal.infd.edu.ar\/sitio\/wp-json\/wp\/v2\/types\/page"}],"author":[{"embeddable":true,"href":"https:\/\/int6029-sal.infd.edu.ar\/sitio\/wp-json\/wp\/v2\/users\/698"}],"replies":[{"embeddable":true,"href":"https:\/\/int6029-sal.infd.edu.ar\/sitio\/wp-json\/wp\/v2\/comments?post=929"}],"version-history":[{"count":17,"href":"https:\/\/int6029-sal.infd.edu.ar\/sitio\/wp-json\/wp\/v2\/pages\/929\/revisions"}],"predecessor-version":[{"id":4414,"href":"https:\/\/int6029-sal.infd.edu.ar\/sitio\/wp-json\/wp\/v2\/pages\/929\/revisions\/4414"}],"wp:attachment":[{"href":"https:\/\/int6029-sal.infd.edu.ar\/sitio\/wp-json\/wp\/v2\/media?parent=929"}],"curies":[{"name":"wp","href":"https:\/\/api.w.org\/{rel}","templated":true}]}}