{"id":4283,"date":"2024-06-21T13:12:22","date_gmt":"2024-06-21T16:12:22","guid":{"rendered":"https:\/\/int6029-sal.infd.edu.ar\/sitio\/?page_id=4283"},"modified":"2024-12-27T10:15:51","modified_gmt":"2024-12-27T13:15:51","slug":"profesorado-de-educacion-secundaria-en-informatica-2","status":"publish","type":"page","link":"https:\/\/int6029-sal.infd.edu.ar\/sitio\/profesorado-de-educacion-secundaria-en-informatica-2\/","title":{"rendered":"PROFESORADO DE INFORM\u00c1TICA"},"content":{"rendered":"\n<figure class=\"wp-block-image size-full\"><img decoding=\"async\" loading=\"lazy\" width=\"1800\" height=\"1200\" src=\"https:\/\/int6029-sal.infd.edu.ar\/sitio\/wp-content\/uploads\/2024\/06\/Tarjeta-Agradecimiento-Gracias-por-tu-Compra-Simple-Rosa-1.png\" alt=\"\" class=\"wp-image-4288\" srcset=\"https:\/\/int6029-sal.infd.edu.ar\/sitio\/wp-content\/uploads\/2024\/06\/Tarjeta-Agradecimiento-Gracias-por-tu-Compra-Simple-Rosa-1.png 1800w, https:\/\/int6029-sal.infd.edu.ar\/sitio\/wp-content\/uploads\/2024\/06\/Tarjeta-Agradecimiento-Gracias-por-tu-Compra-Simple-Rosa-1-1000x667.png 1000w, https:\/\/int6029-sal.infd.edu.ar\/sitio\/wp-content\/uploads\/2024\/06\/Tarjeta-Agradecimiento-Gracias-por-tu-Compra-Simple-Rosa-1-768x512.png 768w, https:\/\/int6029-sal.infd.edu.ar\/sitio\/wp-content\/uploads\/2024\/06\/Tarjeta-Agradecimiento-Gracias-por-tu-Compra-Simple-Rosa-1-1536x1024.png 1536w\" sizes=\"(max-width: 1800px) 100vw, 1800px\" \/><\/figure>\n\n\n\n<p class=\"has-text-align-center has-light-green-cyan-to-vivid-green-cyan-gradient-background has-background has-x-large-font-size\"><strong>MESAS DE EX\u00c1MENES <\/strong><\/p>\n\n\n\n<p class=\"has-text-align-center has-electric-grass-gradient-background has-background has-large-font-size\">TURNO ORDINARIO FEBRERO 2025 <\/p>\n\n\n\n<p><strong>. PRIMER LLAMADO:\u00a0 10 AL 18 DE FEBRERO DE 2025<\/strong><\/p>\n\n\n\n<ul>\n<li><strong>SEGUNDO LLAMADO:&nbsp; 19 DE FEBRERO A L&nbsp;&nbsp; 01 DE MARZO DE&nbsp; 2025<\/strong><strong><\/strong><\/li>\n<\/ul>\n\n\n\n<p><a><strong>&nbsp;&nbsp;&nbsp;&nbsp;&nbsp;&nbsp;&nbsp; &nbsp;HORA: 19:00<\/strong><\/a><\/p>\n\n\n\n<p><strong>A las y los estudiantes:<\/strong><\/p>\n\n\n\n<p>&nbsp;&nbsp;&nbsp;&nbsp;&nbsp;&nbsp;&nbsp;&nbsp;&nbsp;&nbsp;&nbsp; Se les informa que las mesas de examen final, del TURNO ORDINARIO deben tener en cuenta al momento de realizar la inscripci\u00f3n:<\/p>\n\n\n\n<p>1.- RESOLUCI\u00d3N N\u00b02484\/13 &#8211; REGLAMENTO ACADEMICO MACRO \u2013 R.A.M, es prioridad los siguientes art\u00edculos: 43\u00b0- 47\u00b0- 48\u00b0- 49\u00b0- 55\u00b0- 56\u00b0 &nbsp;<\/p>\n\n\n\n<p>a.- <em>Se destaca la informaci\u00f3n puntual:<\/em><\/p>\n\n\n\n<p><strong>2.- de la INSCRIPCI\u00d3N:<\/strong><\/p>\n\n\n\n<p><strong>&#8211; se realiza por TAQINKI la inscripci\u00f3n de las mesas de ex\u00e1menes, Se podr\u00e1 <em>anular<\/em> la inscripci\u00f3n al mismo&nbsp;&nbsp; hasta <em>2(dos) d\u00edas h\u00e1biles<\/em> previo al examen final. (art. 47\u00b0)<\/strong><\/p>\n\n\n\n<p><strong><u>LAS INSCRIPCIONES &nbsp;&nbsp;SE REALIZA EL <\/u><\/strong><strong><u>DIA VIERNES 07 DE FEBRERO DE 2025<\/u><\/strong><strong><u> PARA LOS DOS LLAMADOS.<\/u><\/strong><\/p>\n\n\n\n<p><strong><u>EN HORARIO INSTITUCIONAL de 20:00 a 21:30 horas. SIN EXCEPCION<\/u><\/strong><\/p>\n\n\n\n<div class=\"wp-block-file\"><object class=\"wp-block-file__embed\" data=\"https:\/\/int6029-sal.infd.edu.ar\/sitio\/wp-content\/uploads\/2024\/12\/PROFESORADO-EN-INFORMATICA-FEBRERO-MARZO-2025.pdf\" type=\"application\/pdf\" style=\"width:100%;height:600px\" aria-label=\"Incrustado de PROFESORADO-EN-INFORMATICA-FEBRERO-MARZO-2025.\"><\/object><a id=\"wp-block-file--media-6ce0ed92-b4d8-4f62-9319-9aeec88f0fa7\" href=\"https:\/\/int6029-sal.infd.edu.ar\/sitio\/wp-content\/uploads\/2024\/12\/PROFESORADO-EN-INFORMATICA-FEBRERO-MARZO-2025.pdf\">PROFESORADO-EN-INFORMATICA-FEBRERO-MARZO-2025<\/a><a href=\"https:\/\/int6029-sal.infd.edu.ar\/sitio\/wp-content\/uploads\/2024\/12\/PROFESORADO-EN-INFORMATICA-FEBRERO-MARZO-2025.pdf\" class=\"wp-block-file__button wp-element-button\" download aria-describedby=\"wp-block-file--media-6ce0ed92-b4d8-4f62-9319-9aeec88f0fa7\">Descarga<\/a><\/div>\n\n\n\n<p class=\"has-text-align-center has-luminous-vivid-amber-to-luminous-vivid-orange-gradient-background has-background has-large-font-size\">TURNO ORDINARIO DICIEMBRE 2024<\/p>\n\n\n\n<p><strong>PROFESORADO EN EDUCACI\u00d3N SECUNDARIA EN INFORMATICA R.M. N.\u00ba 1168\/16 &nbsp;DISP. N.\u00ba 056\/22<\/strong><\/p>\n\n\n\n<p><strong>CRONOGRAMA: <\/strong><\/p>\n\n\n\n<ul>\n<li><strong>A las y los estudiantes:<\/strong><\/li>\n<\/ul>\n\n\n\n<p>&nbsp;&nbsp;&nbsp;&nbsp;&nbsp;&nbsp;&nbsp;&nbsp;&nbsp;&nbsp;&nbsp; Se les informa que las mesas de examen final, del TURNO ORDINARIO deben tener en cuenta al momento de realizar la inscripci\u00f3n:<\/p>\n\n\n\n<p><img decoding=\"async\" loading=\"lazy\" width=\"25\" height=\"32\" src=\"\">1.- RESOLUCI\u00d3N N\u00b02484\/13 &#8211; REGLAMENTO ACADEMICO MACRO \u2013 R.A.M, es prioridad los siguientes art\u00edculos: 43\u00b0- 47\u00b0- 48\u00b0- 49\u00b0- 55\u00b0- 56\u00b0 (se sugiere la lectura de los mismos en <a href=\"https:\/\/int6029-sal.infd.edu.ar\/sitio\/profesorado-de-educacion-secundaria-en-psicologia-rm-n-3954-18\/\">https:\/\/int6029-sal.infd.edu.ar\/sitio\/profesorado-de-educacion-secundaria-en-psicologia-rm-n-3954-18\/<\/a> o en carteleras de la instituci\u00f3n)<\/p>\n\n\n\n<p>a.- <em>Se destaca la informaci\u00f3n puntual:<\/em><\/p>\n\n\n\n<p><strong>b.- de la INSCRIPCI\u00d3N:<\/strong><\/p>\n\n\n\n<p><strong>&#8211; se realiza por TAQINKI la inscripci\u00f3n de las mesas de ex\u00e1menes, Se podr\u00e1 <em>anular<\/em> la inscripci\u00f3n al mismo&nbsp;&nbsp; hasta <em>2(dos) d\u00edas h\u00e1biles<\/em> previo al examen final. (art. 47\u00b0)<\/strong><\/p>\n\n\n\n<p><strong><u>LAS INSCRIPCIONES SERAN SOLO LOS DIAS:&nbsp; LUNES 25 DE NOVIEMBRE&nbsp; DEL 2024 PARA LOS DOS LLAMADOS.<\/u><\/strong><\/p>\n\n\n\n<p><strong><u>EN HORARIO INSTITUCIONAL de 19:30 a 21:30 horas SIN EXCEPCION<\/u><\/strong><\/p>\n\n\n\n<div class=\"wp-block-file\"><object class=\"wp-block-file__embed\" data=\"https:\/\/int6029-sal.infd.edu.ar\/sitio\/wp-content\/uploads\/2024\/11\/PROFESORADO-EN-EDUCACION-SECUNDARIA-EN-INFORMATICA_-Informacion.pdf\" type=\"application\/pdf\" style=\"width:100%;height:600px\" aria-label=\"Incrustado de PROFESORADO-EN-EDUCACION-SECUNDARIA-EN-INFORMATICA_-Informacion.\"><\/object><a id=\"wp-block-file--media-ecb58d4f-6cbc-4a07-905d-144bdb869098\" href=\"https:\/\/int6029-sal.infd.edu.ar\/sitio\/wp-content\/uploads\/2024\/11\/PROFESORADO-EN-EDUCACION-SECUNDARIA-EN-INFORMATICA_-Informacion.pdf\">PROFESORADO-EN-EDUCACION-SECUNDARIA-EN-INFORMATICA_-Informacion<\/a><a href=\"https:\/\/int6029-sal.infd.edu.ar\/sitio\/wp-content\/uploads\/2024\/11\/PROFESORADO-EN-EDUCACION-SECUNDARIA-EN-INFORMATICA_-Informacion.pdf\" class=\"wp-block-file__button wp-element-button\" download aria-describedby=\"wp-block-file--media-ecb58d4f-6cbc-4a07-905d-144bdb869098\">Descarga<\/a><\/div>\n\n\n\n<div class=\"wp-block-file\"><object class=\"wp-block-file__embed\" data=\"https:\/\/int6029-sal.infd.edu.ar\/sitio\/wp-content\/uploads\/2024\/11\/PROFESORADO-EN-INFORMATICA-Cronograma-_-EXAMEN-DICIEMBRE-2024.pdf\" type=\"application\/pdf\" style=\"width:100%;height:600px\" aria-label=\"Incrustado de PROFESORADO-EN-INFORMATICA-Cronograma-_-EXAMEN-DICIEMBRE-2024.\"><\/object><a id=\"wp-block-file--media-00daf269-3524-44ab-8079-f433d984b6bc\" href=\"https:\/\/int6029-sal.infd.edu.ar\/sitio\/wp-content\/uploads\/2024\/11\/PROFESORADO-EN-INFORMATICA-Cronograma-_-EXAMEN-DICIEMBRE-2024.pdf\">PROFESORADO-EN-INFORMATICA-Cronograma-_-EXAMEN-DICIEMBRE-2024<\/a><a href=\"https:\/\/int6029-sal.infd.edu.ar\/sitio\/wp-content\/uploads\/2024\/11\/PROFESORADO-EN-INFORMATICA-Cronograma-_-EXAMEN-DICIEMBRE-2024.pdf\" class=\"wp-block-file__button wp-element-button\" download aria-describedby=\"wp-block-file--media-00daf269-3524-44ab-8079-f433d984b6bc\">Descarga<\/a><\/div>\n\n\n\n<p class=\"has-text-align-center has-blush-light-purple-gradient-background has-background has-large-font-size\">TURNO ORDINARIO JULIO -AGOSTO 2024<\/p>\n\n\n\n<p><strong>PRIMER LLAMADO:&nbsp; 1\u00b0 AL 23 DE JULIO DE 2024<\/strong><\/p>\n\n\n\n<p><strong>RECESO INVERNAL: DEL 8&nbsp;&nbsp; AL 21 DE JULIO DE 2024<\/strong><strong><\/strong><\/p>\n\n\n\n<ul>\n<li><strong>SEGUNDO LLAMADO: 24 DE JULIO&nbsp;&nbsp; AL 3 DE AGOSTO DE 2024<\/strong><strong><\/strong><\/li>\n<\/ul>\n\n\n\n<p><strong>A las y los estudiantes:<\/strong><\/p>\n\n\n\n<p>&nbsp;&nbsp;&nbsp;&nbsp;&nbsp;&nbsp;&nbsp;&nbsp;&nbsp;&nbsp;&nbsp; Se les informa que las mesas de examen final, del PRIMER TURNO ORDINARIO correspondiente est\u00e1 destinada a:<\/p>\n\n\n\n<p>1.- Las y los que est\u00e9n cursando en el presente ciclo lectivo<\/p>\n\n\n\n<p>2.- Las y los que deben completar carrera.<\/p>\n\n\n\n<p>3.- Mesas abiertas para todas las cohortes<\/p>\n\n\n\n<p>Es importante a tener en cuenta al momento de realizar la inscripci\u00f3n:<\/p>\n\n\n\n<p>1.- RESOLUCI\u00d3N N\u00b02484\/13 &#8211; REGLAMENTO ACADEMICO MACRO \u2013 R.A.M, es prioridad los siguientes art\u00edculos: 43\u00b0 -47\u00b0-48\u00b0-49\u00b0- 55\u00b0 \u2013 56\u00b0<\/p>\n\n\n\n<p>a.- <em>se destaca la informaci\u00f3n puntual:<\/em><\/p>\n\n\n\n<ul>\n<li><strong>En los ex\u00e1menes finales, seg\u00fan la condici\u00f3n ser\u00e1n evaluados como: a) <em>Regulares<\/em>: debiendo rendir examen oral o escrito, b) <em>Libres<\/em>: debiendo rendir una evaluaci\u00f3n escrita(aprobar) y una oral- (art. 43\u00b0)<\/strong><\/li>\n\n\n\n<li><strong>Podr\u00e1n rendir hasta 2 (dos) unidades curriculares por d\u00eda- (art.48)<\/strong><\/li>\n\n\n\n<li><strong>Podr\u00e1n rendir en un mismo turno y llamado Unidades correlativas entre campos&nbsp;&nbsp; de la formaci\u00f3n, establecido en el correspondiente plan de estudio -(art.48)<\/strong><\/li>\n\n\n\n<li><strong>Presentar al inicio de la mesa de examen final (art. 49 \u2013 R.A.M): LIBRETA DE ALUMNO REGULAR \u2013 D.N.I. \u2013 PROGRAMA DE LA UNIDAD CURRICULAR.<\/strong><\/li>\n<\/ul>\n\n\n\n<p>2.- RESPETAR EL REGIMEN DE CORRELATIVIDAD R.M. N\u00b02 DISP. CONJUNTA N\u00b0 056\/22 ANEXO II<\/p>\n\n\n\n<p>3.- De las <strong>inscripciones<\/strong><\/p>\n\n\n\n<p>&nbsp;&nbsp;&nbsp;&nbsp; a.- Las <strong>inscripciones<\/strong> se realizan por el SISTEMA DE TAKINQUI del 26 al 28 de junio del 2024 DE 19:00 A 22:00 HORAS<strong><em><u><\/u><\/em><\/strong><\/p>\n\n\n\n<div class=\"wp-block-file\"><object class=\"wp-block-file__embed\" data=\"https:\/\/int6029-sal.infd.edu.ar\/sitio\/wp-content\/uploads\/2024\/06\/21_06_24_PROFESORADO-EN-EDUCACION-SECUNDARIA-EN-INFORMATICA-INFORMACION.pdf\" type=\"application\/pdf\" style=\"width:100%;height:600px\" aria-label=\"Incrustado de 21_06_24_PROFESORADO-EN-EDUCACION-SECUNDARIA-EN-INFORMATICA-INFORMACION.\"><\/object><a id=\"wp-block-file--media-2efbbece-c5e1-4290-9379-998a096109fd\" href=\"https:\/\/int6029-sal.infd.edu.ar\/sitio\/wp-content\/uploads\/2024\/06\/21_06_24_PROFESORADO-EN-EDUCACION-SECUNDARIA-EN-INFORMATICA-INFORMACION.pdf\">21_06_24_PROFESORADO-EN-EDUCACION-SECUNDARIA-EN-INFORMATICA-INFORMACION<\/a><a href=\"https:\/\/int6029-sal.infd.edu.ar\/sitio\/wp-content\/uploads\/2024\/06\/21_06_24_PROFESORADO-EN-EDUCACION-SECUNDARIA-EN-INFORMATICA-INFORMACION.pdf\" class=\"wp-block-file__button wp-element-button\" download aria-describedby=\"wp-block-file--media-2efbbece-c5e1-4290-9379-998a096109fd\">Descarga<\/a><\/div>\n\n\n\n<div class=\"wp-block-file\"><object class=\"wp-block-file__embed\" data=\"https:\/\/int6029-sal.infd.edu.ar\/sitio\/wp-content\/uploads\/2024\/06\/21_06_24_PROFESORADO-EN-EDUCACION-SECUNDARIA-EN-INFORMATICA.CRONOGRAMA.pdf\" type=\"application\/pdf\" style=\"width:100%;height:600px\" aria-label=\"Incrustado de 21_06_24_PROFESORADO-EN-EDUCACION-SECUNDARIA-EN-INFORMATICA.CRONOGRAMA.\"><\/object><a id=\"wp-block-file--media-27a8ed1a-e26c-4f65-a101-985e78727e17\" href=\"https:\/\/int6029-sal.infd.edu.ar\/sitio\/wp-content\/uploads\/2024\/06\/21_06_24_PROFESORADO-EN-EDUCACION-SECUNDARIA-EN-INFORMATICA.CRONOGRAMA.pdf\">21_06_24_PROFESORADO-EN-EDUCACION-SECUNDARIA-EN-INFORMATICA.CRONOGRAMA<\/a><a href=\"https:\/\/int6029-sal.infd.edu.ar\/sitio\/wp-content\/uploads\/2024\/06\/21_06_24_PROFESORADO-EN-EDUCACION-SECUNDARIA-EN-INFORMATICA.CRONOGRAMA.pdf\" class=\"wp-block-file__button wp-element-button\" download aria-describedby=\"wp-block-file--media-27a8ed1a-e26c-4f65-a101-985e78727e17\">Descarga<\/a><\/div>\n","protected":false},"excerpt":{"rendered":"<p>MESAS DE EX\u00c1MENES TURNO ORDINARIO FEBRERO 2025 . PRIMER LLAMADO:\u00a0 10 AL 18 DE FEBRERO DE 2025 &nbsp;&nbsp;&nbsp;&nbsp;&nbsp;&nbsp;&nbsp; &nbsp;HORA: 19:00 A las y los estudiantes: &nbsp;&nbsp;&nbsp;&nbsp;&nbsp;&nbsp;&nbsp;&nbsp;&nbsp;&nbsp;&nbsp; Se les informa que las mesas de examen final, del TURNO ORDINARIO deben tener en cuenta al momento de realizar la inscripci\u00f3n: 1.- RESOLUCI\u00d3N N\u00b02484\/13 &#8211; REGLAMENTO ACADEMICO MACRO &#8230; <a title=\"PROFESORADO DE INFORM\u00c1TICA\" class=\"read-more\" href=\"https:\/\/int6029-sal.infd.edu.ar\/sitio\/profesorado-de-educacion-secundaria-en-informatica-2\/\" aria-label=\"More on PROFESORADO DE INFORM\u00c1TICA\">[+]<\/a><\/p>\n","protected":false},"author":1319,"featured_media":0,"parent":0,"menu_order":0,"comment_status":"closed","ping_status":"closed","template":"","meta":[],"acf":[],"_links":{"self":[{"href":"https:\/\/int6029-sal.infd.edu.ar\/sitio\/wp-json\/wp\/v2\/pages\/4283"}],"collection":[{"href":"https:\/\/int6029-sal.infd.edu.ar\/sitio\/wp-json\/wp\/v2\/pages"}],"about":[{"href":"https:\/\/int6029-sal.infd.edu.ar\/sitio\/wp-json\/wp\/v2\/types\/page"}],"author":[{"embeddable":true,"href":"https:\/\/int6029-sal.infd.edu.ar\/sitio\/wp-json\/wp\/v2\/users\/1319"}],"replies":[{"embeddable":true,"href":"https:\/\/int6029-sal.infd.edu.ar\/sitio\/wp-json\/wp\/v2\/comments?post=4283"}],"version-history":[{"count":5,"href":"https:\/\/int6029-sal.infd.edu.ar\/sitio\/wp-json\/wp\/v2\/pages\/4283\/revisions"}],"predecessor-version":[{"id":4457,"href":"https:\/\/int6029-sal.infd.edu.ar\/sitio\/wp-json\/wp\/v2\/pages\/4283\/revisions\/4457"}],"wp:attachment":[{"href":"https:\/\/int6029-sal.infd.edu.ar\/sitio\/wp-json\/wp\/v2\/media?parent=4283"}],"curies":[{"name":"wp","href":"https:\/\/api.w.org\/{rel}","templated":true}]}}