{"id":4279,"date":"2024-06-21T13:07:43","date_gmt":"2024-06-21T16:07:43","guid":{"rendered":"https:\/\/int6029-sal.infd.edu.ar\/sitio\/?page_id=4279"},"modified":"2024-12-27T10:18:31","modified_gmt":"2024-12-27T13:18:31","slug":"profesorado-de-teatro-2","status":"publish","type":"page","link":"https:\/\/int6029-sal.infd.edu.ar\/sitio\/profesorado-de-teatro-2\/","title":{"rendered":"PROFESORADO DE TEATRO"},"content":{"rendered":"<div class=\"wp-block-image\">\n<figure class=\"aligncenter size-full\"><img decoding=\"async\" loading=\"lazy\" width=\"1800\" height=\"1200\" src=\"https:\/\/int6029-sal.infd.edu.ar\/sitio\/wp-content\/uploads\/2024\/06\/Tarjeta-Agradecimiento-Gracias-por-tu-Compra-Simple-Rosa.png\" alt=\"\" class=\"wp-image-4292\" srcset=\"https:\/\/int6029-sal.infd.edu.ar\/sitio\/wp-content\/uploads\/2024\/06\/Tarjeta-Agradecimiento-Gracias-por-tu-Compra-Simple-Rosa.png 1800w, https:\/\/int6029-sal.infd.edu.ar\/sitio\/wp-content\/uploads\/2024\/06\/Tarjeta-Agradecimiento-Gracias-por-tu-Compra-Simple-Rosa-1000x667.png 1000w, https:\/\/int6029-sal.infd.edu.ar\/sitio\/wp-content\/uploads\/2024\/06\/Tarjeta-Agradecimiento-Gracias-por-tu-Compra-Simple-Rosa-768x512.png 768w, https:\/\/int6029-sal.infd.edu.ar\/sitio\/wp-content\/uploads\/2024\/06\/Tarjeta-Agradecimiento-Gracias-por-tu-Compra-Simple-Rosa-1536x1024.png 1536w\" sizes=\"(max-width: 1800px) 100vw, 1800px\" \/><\/figure><\/div>\n\n\n<p class=\"has-text-align-center has-luminous-vivid-amber-to-luminous-vivid-orange-gradient-background has-background has-x-large-font-size\"><strong>MESAS DE EX\u00c1MENES<\/strong><\/p>\n\n\n\n<p class=\"has-text-align-center has-electric-grass-gradient-background has-background has-medium-font-size\"><strong>TURNO ORDINARIO FEBRERO 2025<\/strong><\/p>\n\n\n\n<ul>\n<li><strong>PRIMER LLAMADO:&nbsp; 10 DE FEBRERO AL 18 DE FEBRERO DEL 2025.<\/strong><strong><\/strong><\/li>\n\n\n\n<li><strong>SEGUNDO LLAMADO: 19 DE FEBRERO AL 01 DE MARZO DEL 2025.-<\/strong><strong><\/strong><\/li>\n\n\n\n<li><strong>HORA: 19:00<\/strong><\/li>\n<\/ul>\n\n\n\n<p><strong>A las y los estudiantes:<\/strong><\/p>\n\n\n\n<p>&nbsp;&nbsp;&nbsp;&nbsp;&nbsp;&nbsp;&nbsp;&nbsp;&nbsp;&nbsp;&nbsp; Se les informa que las mesas de examen final, del TURNO ORDINARIO deben tener en cuenta al momento de realizar la inscripci\u00f3n:<\/p>\n\n\n\n<p>1.- RESOLUCI\u00d3N N\u00b02484\/13 &#8211; REGLAMENTO ACADEMICO MACRO \u2013 R.A.M, es prioridad los siguientes art\u00edculos: 43\u00b0- 47\u00b0- 48\u00b0- 49\u00b0- 55\u00b0- 56\u00b0 .-<\/p>\n\n\n\n<p>a.- <em>Se destaca la informaci\u00f3n puntual:<\/em><\/p>\n\n\n\n<ul>\n<li><strong>En los ex\u00e1menes finales, seg\u00fan la condici\u00f3n ser\u00e1n evaluados como: a) <em>Regulares<\/em>: debiendo rendir examen oral o escrito, b) <em>Libres<\/em>: debiendo rendir una evaluaci\u00f3n escrita(aprobar) y una oral- (art. 43\u00b0)<\/strong><\/li>\n\n\n\n<li><strong>Podr\u00e1n rendir hasta 2 (dos) unidades curriculares por d\u00eda- (art.48)<\/strong><\/li>\n\n\n\n<li><strong>Podr\u00e1n rendir en un mismo turno y llamado Unidades correlativas entre campos&nbsp;&nbsp; de la formaci\u00f3n, establecido en el correspondiente plan de estudio -(art.48)<\/strong><\/li>\n\n\n\n<li><strong>Presentar al inicio de la mesa de examen final (art. 49 \u2013 R.A.M): LIBRETA DE ALUMNO REGULAR \u2013 D.N.I. \u2013 PROGRAMA DE LA UNIDAD CURRICULAR.<\/strong><\/li>\n<\/ul>\n\n\n\n<p><strong>2.- de la INSCRIPCI\u00d3N:<\/strong><\/p>\n\n\n\n<p><strong>&#8211; se realiza por TAQINKI la inscripci\u00f3n de las mesas de ex\u00e1menes, Se podr\u00e1 <em>anular<\/em> la inscripci\u00f3n al mismo&nbsp;&nbsp; hasta <em>2(dos) d\u00edas h\u00e1biles<\/em> previo al examen final. (art. 47\u00b0)<\/strong><\/p>\n\n\n\n<p><strong><u>LAS INSCRIPCIONES SE REALIZA EL DIA VIERNES 07 DE FEBRERO DE 2025 PARA LOS DOS LLAMADOS.<\/u><\/strong><\/p>\n\n\n\n<p><strong><u>EN HORARIO INSTITUCIONAL de 20:00 a 21:30 horas. SIN EXCEPCION<\/u><\/strong><\/p>\n\n\n\n<div class=\"wp-block-file\"><object class=\"wp-block-file__embed\" data=\"https:\/\/int6029-sal.infd.edu.ar\/sitio\/wp-content\/uploads\/2024\/12\/PROFESORADO-EN-TEATRO-FEBRERO-2025-EXAMEN-FINAL.pdf\" type=\"application\/pdf\" style=\"width:100%;height:600px\" aria-label=\"Incrustado de PROFESORADO-EN-TEATRO-FEBRERO-2025-EXAMEN-FINAL.\"><\/object><a id=\"wp-block-file--media-d0812809-4efa-471c-9f1f-dd5109cf127b\" href=\"https:\/\/int6029-sal.infd.edu.ar\/sitio\/wp-content\/uploads\/2024\/12\/PROFESORADO-EN-TEATRO-FEBRERO-2025-EXAMEN-FINAL.pdf\">PROFESORADO-EN-TEATRO-FEBRERO-2025-EXAMEN-FINAL<\/a><a href=\"https:\/\/int6029-sal.infd.edu.ar\/sitio\/wp-content\/uploads\/2024\/12\/PROFESORADO-EN-TEATRO-FEBRERO-2025-EXAMEN-FINAL.pdf\" class=\"wp-block-file__button wp-element-button\" download aria-describedby=\"wp-block-file--media-d0812809-4efa-471c-9f1f-dd5109cf127b\">Descarga<\/a><\/div>\n\n\n\n<p class=\"has-text-align-center has-light-green-cyan-to-vivid-green-cyan-gradient-background has-background has-medium-font-size\"><strong>TURNO ORDINARIO DICIEMBRE 2024<\/strong><\/p>\n\n\n\n<p><strong>PROFESORADO EN TEATRO &nbsp;<\/strong><strong>R.M. N.\u00ba 014\/10<\/strong><\/p>\n\n\n\n<p><strong>CRONOGRAMA: <\/strong><\/p>\n\n\n\n<ul>\n<li class=\"has-medium-font-size\"><strong>PRIMER LLAMADO:&nbsp; 02 DE DICIEMBRE 2024 AL 12 DE DICIEMBRE DE 2024<\/strong><strong><\/strong><\/li>\n\n\n\n<li><strong>SEGUNDO LLAMADO: 13 DE DICIEMBRE AL 26 DE DICIEMBRE DE 2024 <\/strong><strong><\/strong><\/li>\n\n\n\n<li><strong>MODALIDAD PRESENCIAL&nbsp;&nbsp;&nbsp;&nbsp;&nbsp;&nbsp;&nbsp;&nbsp;&nbsp;&nbsp;&nbsp;&nbsp;&nbsp;&nbsp;&nbsp;&nbsp;&nbsp;&nbsp;&nbsp; &nbsp;&nbsp;&nbsp;&nbsp;&nbsp;&nbsp;&nbsp;&nbsp;&nbsp;&nbsp;&nbsp;&nbsp;&nbsp;&nbsp;&nbsp;&nbsp;&nbsp;&nbsp;&nbsp;&nbsp;&nbsp;HORA: 19:00<\/strong><\/li>\n<\/ul>\n\n\n\n<p><strong>A las y los estudiantes:<\/strong><\/p>\n\n\n\n<p>&nbsp;&nbsp;&nbsp;&nbsp;&nbsp;&nbsp;&nbsp;&nbsp;&nbsp;&nbsp;&nbsp; Se les informa que las mesas de examen final, del TURNO ORDINARIO deben tener en cuenta al momento de realizar la inscripci\u00f3n:<\/p>\n\n\n\n<p><img decoding=\"async\" loading=\"lazy\" width=\"25\" height=\"32\" src=\"\">1.- RESOLUCI\u00d3N N\u00b02484\/13 &#8211; REGLAMENTO ACADEMICO MACRO \u2013 R.A.M, es prioridad los siguientes art\u00edculos: 43\u00b0- 47\u00b0- 48\u00b0- 49\u00b0- 55\u00b0- 56\u00b0 (se sugiere la lectura de los mismos en <a href=\"https:\/\/int6029-sal.infd.edu.ar\/sitio\/profesorado-de-educacion-secundaria-en-psicologia-rm-n-3954-18\/\">https:\/\/int6029-sal.infd.edu.ar\/sitio\/profesorado-de-educacion-secundaria-en-psicologia-rm-n-3954-18\/<\/a> o en carteleras de la instituci\u00f3n)<\/p>\n\n\n\n<p>a.- <em>Se destaca la informaci\u00f3n puntual:<\/em><\/p>\n\n\n\n<ul>\n<li><strong>En los ex\u00e1menes finales, seg\u00fan la condici\u00f3n ser\u00e1n evaluados como: a) <em>Regulares<\/em>: debiendo rendir examen oral o escrito, b) <em>Libres<\/em>: debiendo rendir una evaluaci\u00f3n escrita(aprobar) y una oral- (art. 43\u00b0)<\/strong><\/li>\n\n\n\n<li><strong>Podr\u00e1n rendir hasta 2 (dos) unidades curriculares por d\u00eda- (art.48)<\/strong><\/li>\n\n\n\n<li><strong>Podr\u00e1n rendir en un mismo turno y llamado Unidades correlativas entre campos&nbsp;&nbsp; de la formaci\u00f3n, establecido en el correspondiente plan de estudio -(art.48)<\/strong><\/li>\n\n\n\n<li><strong>Presentar al inicio de la mesa de examen final (art. 49 \u2013 R.A.M): LIBRETA DE ALUMNO REGULAR \u2013 D.N.I. \u2013 PROGRAMA DE LA UNIDAD CURRICULAR.<\/strong><\/li>\n<\/ul>\n\n\n\n<p><strong>b.- de la INSCRIPCI\u00d3N:<\/strong><\/p>\n\n\n\n<p><strong>&#8211; se realiza por TAQINKI la inscripci\u00f3n de las mesas de ex\u00e1menes, Se podr\u00e1 <em>anular<\/em> la inscripci\u00f3n al mismo&nbsp;&nbsp; hasta <em>2(dos) d\u00edas h\u00e1biles<\/em> previo al examen final. (art. 47\u00b0)<\/strong><\/p>\n\n\n\n<p><strong><u>LAS INSCRIPCIONES SERAN SOLO LOS DIAS:&nbsp; LUNES 25 DE NOVIEMBRE 2024 PARA LOS DOS LLAMADOS.<\/u><\/strong><\/p>\n\n\n\n<p><strong><u>EN HORARIO INSTITUCIONAL de 19:00 a 22:00 horas. SIN EXCEPCION<\/u><\/strong><\/p>\n\n\n\n<div class=\"wp-block-file\"><object class=\"wp-block-file__embed\" data=\"https:\/\/int6029-sal.infd.edu.ar\/sitio\/wp-content\/uploads\/2024\/11\/PROFESORADO-EN-TEATRO-_-Informacion.pdf\" type=\"application\/pdf\" style=\"width:100%;height:600px\" aria-label=\"Incrustado de PROFESORADO-EN-TEATRO-_-Informacion.\"><\/object><a id=\"wp-block-file--media-0ead40b9-fac5-48d2-b2a6-1562c57ac454\" href=\"https:\/\/int6029-sal.infd.edu.ar\/sitio\/wp-content\/uploads\/2024\/11\/PROFESORADO-EN-TEATRO-_-Informacion.pdf\">PROFESORADO-EN-TEATRO-_-Informacion<\/a><a href=\"https:\/\/int6029-sal.infd.edu.ar\/sitio\/wp-content\/uploads\/2024\/11\/PROFESORADO-EN-TEATRO-_-Informacion.pdf\" class=\"wp-block-file__button wp-element-button\" download aria-describedby=\"wp-block-file--media-0ead40b9-fac5-48d2-b2a6-1562c57ac454\">Descarga<\/a><\/div>\n\n\n\n<div class=\"wp-block-file\"><object class=\"wp-block-file__embed\" data=\"https:\/\/int6029-sal.infd.edu.ar\/sitio\/wp-content\/uploads\/2024\/11\/PROFESORADO-EN-TEATRO-EXAMEN-DICIEMBRE-2024._-Cronograma.pdf\" type=\"application\/pdf\" style=\"width:100%;height:600px\" aria-label=\"Incrustado de PROFESORADO-EN-TEATRO-EXAMEN-DICIEMBRE-2024._-Cronograma.\"><\/object><a id=\"wp-block-file--media-21c3cf96-7552-484e-83f5-9597b714c8a7\" href=\"https:\/\/int6029-sal.infd.edu.ar\/sitio\/wp-content\/uploads\/2024\/11\/PROFESORADO-EN-TEATRO-EXAMEN-DICIEMBRE-2024._-Cronograma.pdf\">PROFESORADO-EN-TEATRO-EXAMEN-DICIEMBRE-2024._-Cronograma<\/a><a href=\"https:\/\/int6029-sal.infd.edu.ar\/sitio\/wp-content\/uploads\/2024\/11\/PROFESORADO-EN-TEATRO-EXAMEN-DICIEMBRE-2024._-Cronograma.pdf\" class=\"wp-block-file__button wp-element-button\" download aria-describedby=\"wp-block-file--media-21c3cf96-7552-484e-83f5-9597b714c8a7\">Descarga<\/a><\/div>\n\n\n\n<p class=\"has-text-align-center has-very-light-gray-to-cyan-bluish-gray-gradient-background has-background has-medium-font-size\"><strong>TURNO ORDINARIO JULIO-AGOSTO <\/strong>2024<\/p>\n\n\n\n<p><strong>PRIMER LLAMADO:&nbsp; 1\u00b0 AL 23 DE JULIO DE 2024<\/strong><\/p>\n\n\n\n<p><strong>RECESO INVERNAL: DEL 8&nbsp;&nbsp; AL 21 DE JULIO DE 2024<\/strong><strong><\/strong><\/p>\n\n\n\n<ul>\n<li><strong>SEGUNDO LLAMADO: 24 DE JULIO&nbsp;&nbsp; AL 3 DE AGOSTO DE 2024<\/strong><strong><\/strong><\/li>\n<\/ul>\n\n\n\n<p><strong>A las y los estudiantes:<\/strong><\/p>\n\n\n\n<p>&nbsp;&nbsp;&nbsp;&nbsp;&nbsp;&nbsp;&nbsp;&nbsp;&nbsp;&nbsp;&nbsp; Se les informa que las mesas de examen final, del PRIMER TURNO ORDINARIO correspondiente est\u00e1 destinada a:<\/p>\n\n\n\n<p>1.- Las y los que est\u00e9n cursando en el presente ciclo lectivo<\/p>\n\n\n\n<p>2.- Las y los que deben completar carrera.<\/p>\n\n\n\n<p>3.- Mesas abiertas para todas las cohortes<\/p>\n\n\n\n<p>Es importante a tener en cuenta al momento de realizar la inscripci\u00f3n:<\/p>\n\n\n\n<p>1.- RESOLUCI\u00d3N N\u00b02484\/13 &#8211; REGLAMENTO ACADEMICO MACRO \u2013 R.A.M, es prioridad los siguientes art\u00edculos: 43\u00b0 -47\u00b0-48\u00b0-49\u00b0- 55\u00b0 \u2013 56\u00b0<\/p>\n\n\n\n<p>a.- <em>se destaca la informaci\u00f3n puntual:<\/em><\/p>\n\n\n\n<ul>\n<li><strong>En los ex\u00e1menes finales, seg\u00fan la condici\u00f3n ser\u00e1n evaluados como: a) <em>Regulares<\/em>: debiendo rendir examen oral o escrito, b) <em>Libres<\/em>: debiendo rendir una evaluaci\u00f3n escrita(aprobar) y una oral- (art. 43\u00b0)<\/strong><\/li>\n\n\n\n<li><strong>Podr\u00e1n rendir hasta 2 (dos) unidades curriculares por d\u00eda- (art.48)<\/strong><\/li>\n\n\n\n<li><strong>Podr\u00e1n rendir en un mismo turno y llamado Unidades correlativas entre campos&nbsp;&nbsp; de la formaci\u00f3n, establecido en el correspondiente plan de estudio -(art.48)<\/strong><\/li>\n\n\n\n<li><strong>Presentar al inicio de la mesa de examen final (art. 49 \u2013 R.A.M): LIBRETA DE ALUMNO REGULAR \u2013 D.N.I. \u2013 PROGRAMA DE LA UNIDAD CURRICULAR.<\/strong><\/li>\n<\/ul>\n\n\n\n<p>2.- RESPETAR EL REGIMEN DE CORRELATIVIDAD R.M N\u00b0014\/10<\/p>\n\n\n\n<p>3.- De las <strong>inscripciones<\/strong><\/p>\n\n\n\n<p>&nbsp;&nbsp;&nbsp;&nbsp; a.- Las <strong>inscripciones<\/strong> se realizan por el SISTEMA DE TAKINQUI del 26 al 28 de junio del 2024 DE 19:00 A 22:00 horas.<\/p>\n\n\n\n<div class=\"wp-block-file\"><object class=\"wp-block-file__embed\" data=\"https:\/\/int6029-sal.infd.edu.ar\/sitio\/wp-content\/uploads\/2024\/06\/21_06_24_Profesorado-de-Teataro-Informacion.pdf\" type=\"application\/pdf\" style=\"width:100%;height:600px\" aria-label=\"Incrustado de 21_06_24_Profesorado-de-Teataro-Informacion<br&gt;21_06_24_Profesorado-de-Teataro-Informacion.\"><\/object><a id=\"wp-block-file--media-cfa1d7d6-6ac5-41ff-8337-64c53d3dffbf\" href=\"https:\/\/int6029-sal.infd.edu.ar\/sitio\/wp-content\/uploads\/2024\/06\/21_06_24_Profesorado-de-Teataro-Informacion.pdf\">21_06_24_Profesorado-de-Teataro-Informacion<br>21_06_24_Profesorado-de-Teataro-Informacion<\/a><a href=\"https:\/\/int6029-sal.infd.edu.ar\/sitio\/wp-content\/uploads\/2024\/06\/21_06_24_Profesorado-de-Teataro-Informacion.pdf\" class=\"wp-block-file__button wp-element-button\" download aria-describedby=\"wp-block-file--media-cfa1d7d6-6ac5-41ff-8337-64c53d3dffbf\">Descarga<\/a><\/div>\n\n\n\n<div class=\"wp-block-file\"><object class=\"wp-block-file__embed\" data=\"https:\/\/int6029-sal.infd.edu.ar\/sitio\/wp-content\/uploads\/2024\/06\/21_06_24-PROFESORADO-EN-TEATRO-CRONOGRAMA.pdf\" type=\"application\/pdf\" style=\"width:100%;height:600px\" aria-label=\"Incrustado de 21_06_24-PROFESORADO-EN-TEATRO-CRONOGRAMA.\"><\/object><a id=\"wp-block-file--media-bdbcdb49-5405-4b8b-978f-01facffbefd5\" href=\"https:\/\/int6029-sal.infd.edu.ar\/sitio\/wp-content\/uploads\/2024\/06\/21_06_24-PROFESORADO-EN-TEATRO-CRONOGRAMA.pdf\">21_06_24-PROFESORADO-EN-TEATRO-CRONOGRAMA<\/a><a href=\"https:\/\/int6029-sal.infd.edu.ar\/sitio\/wp-content\/uploads\/2024\/06\/21_06_24-PROFESORADO-EN-TEATRO-CRONOGRAMA.pdf\" class=\"wp-block-file__button wp-element-button\" download aria-describedby=\"wp-block-file--media-bdbcdb49-5405-4b8b-978f-01facffbefd5\">Descarga<\/a><\/div>\n","protected":false},"excerpt":{"rendered":"<p>MESAS DE EX\u00c1MENES TURNO ORDINARIO FEBRERO 2025 A las y los estudiantes: &nbsp;&nbsp;&nbsp;&nbsp;&nbsp;&nbsp;&nbsp;&nbsp;&nbsp;&nbsp;&nbsp; Se les informa que las mesas de examen final, del TURNO ORDINARIO deben tener en cuenta al momento de realizar la inscripci\u00f3n: 1.- RESOLUCI\u00d3N N\u00b02484\/13 &#8211; REGLAMENTO ACADEMICO MACRO \u2013 R.A.M, es prioridad los siguientes art\u00edculos: 43\u00b0- 47\u00b0- 48\u00b0- 49\u00b0- 55\u00b0- 56\u00b0 &#8230; <a title=\"PROFESORADO DE TEATRO\" class=\"read-more\" href=\"https:\/\/int6029-sal.infd.edu.ar\/sitio\/profesorado-de-teatro-2\/\" aria-label=\"More on PROFESORADO DE TEATRO\">[+]<\/a><\/p>\n","protected":false},"author":1319,"featured_media":0,"parent":0,"menu_order":0,"comment_status":"closed","ping_status":"closed","template":"","meta":[],"acf":[],"_links":{"self":[{"href":"https:\/\/int6029-sal.infd.edu.ar\/sitio\/wp-json\/wp\/v2\/pages\/4279"}],"collection":[{"href":"https:\/\/int6029-sal.infd.edu.ar\/sitio\/wp-json\/wp\/v2\/pages"}],"about":[{"href":"https:\/\/int6029-sal.infd.edu.ar\/sitio\/wp-json\/wp\/v2\/types\/page"}],"author":[{"embeddable":true,"href":"https:\/\/int6029-sal.infd.edu.ar\/sitio\/wp-json\/wp\/v2\/users\/1319"}],"replies":[{"embeddable":true,"href":"https:\/\/int6029-sal.infd.edu.ar\/sitio\/wp-json\/wp\/v2\/comments?post=4279"}],"version-history":[{"count":6,"href":"https:\/\/int6029-sal.infd.edu.ar\/sitio\/wp-json\/wp\/v2\/pages\/4279\/revisions"}],"predecessor-version":[{"id":4460,"href":"https:\/\/int6029-sal.infd.edu.ar\/sitio\/wp-json\/wp\/v2\/pages\/4279\/revisions\/4460"}],"wp:attachment":[{"href":"https:\/\/int6029-sal.infd.edu.ar\/sitio\/wp-json\/wp\/v2\/media?parent=4279"}],"curies":[{"name":"wp","href":"https:\/\/api.w.org\/{rel}","templated":true}]}}