{"id":4047,"date":"2023-12-04T17:18:06","date_gmt":"2023-12-04T20:18:06","guid":{"rendered":"https:\/\/int6029-sal.infd.edu.ar\/sitio\/?page_id=4047"},"modified":"2026-02-07T10:34:38","modified_gmt":"2026-02-07T13:34:38","slug":"prof-en-psicologia","status":"publish","type":"page","link":"https:\/\/int6029-sal.infd.edu.ar\/sitio\/prof-en-psicologia\/","title":{"rendered":"Prof. en Fisica"},"content":{"rendered":"\n<p><\/p>\n\n\n\n<p class=\"has-text-align-center has-contrast-color has-electric-grass-gradient-background has-text-color has-background has-medium-font-size\"><strong>Curso de Ingreso 2026<\/strong><\/p>\n\n\n\n<p class=\"has-text-align-center has-contrast-color has-base-background-color has-text-color has-background\">&#x1f4cc;&#x1f4cc;&#x1f4cc;<strong>INICIANDO RECORRIDO\u2026<\/strong><\/p>\n\n\n\n<p>Informamos a los postulantes que se les ha dado de alta en el campus del IES 6029, el usuario y contrase\u00f1a les fue enviado al mail declarado.<\/p>\n\n\n\n<p>En caso no haya recibido dicho mail y\/o este teniendo alguna dificultadad para acceder a la misma, informarlo a traves del Formulario de consulta que se encuentra al fianl de esta publicaci\u00f3n.<\/p>\n\n\n\n<p>Durante los proximos dias  estaremos publicando el cronograma y comisiones pertinentes.<\/p>\n\n\n\n<p>Agradecemos la buena predisposici\u00f3n y paciencia.<\/p>\n\n\n\n<p>Saludos&#8230;<\/p>\n\n\n\n<p>Prof.Dalila Gonzalez<\/p>\n\n\n\n<p>Vicerrectora IES 6029-Tartagal.<\/p>\n\n\n\n<p class=\"has-text-align-center has-base-background-color has-background\">FORMULARIO DE CONSULTA<\/p>\n\n\n\n<p>Estudiante,  toda consulta, solicitud o comentario sobre la postulaci\u00f3n para ingreso al&nbsp; ciclo lectivo 2026 debe ser realizado por formulario de consulta:<\/p>\n\n\n\n<p>&#x1f6d1; La respuesta se enviar\u00e1 al correo registrado en este formulario, en un lapso no mayor a 72 hs (d\u00edas h\u00e1biles)<\/p>\n\n\n\n<p>Para acceder al formulario de consulta, click en el link&#x1f447;&#x1f3fb;&#x1f447;&#x1f3fb;&#x1f447;&#x1f3fb;<\/p>\n\n\n\n<p class=\"has-text-align-center has-medium-font-size\"><a href=\"https:\/\/docs.google.com\/forms\/d\/e\/1FAIpQLScHikbkddQypCCCBatrq6Nyd2Q5uqk1sbOBs6UqrF66qRJ5OQ\/viewform?usp=header\" data-type=\"URL\" data-id=\"https:\/\/docs.google.com\/forms\/d\/e\/1FAIpQLScHikbkddQypCCCBatrq6Nyd2Q5uqk1sbOBs6UqrF66qRJ5OQ\/viewform?usp=header\">FORMULARIO DE CONSULTA<\/a><\/p>\n\n\n\n<p>&#x1f4e3;&#x1f4e3;SI NO PUEDE REALIZAR SU CONSULTA &nbsp;POR ESTE FORMULARIO, COMUN\u00cdQUESE AL CORREO&nbsp;<a href=\"mailto:int6029.tartagal@gmail.com\">int6029.tartagal@gmail.com<\/a>, por favor, sin olvidar detallar sus datos personales y adjuntar documentaci\u00f3n que fundamente y\/o corrobore lo que est\u00e1 planteando &#x1f4e3;&#x1f4e3;<br>&#8211; Nombre y apellido<br>&#8211; Carrera<br>&#8211; DNI<br>&#8211; Correo electr\u00f3nico<br>&#8211; Correo electr\u00f3nico alternativo<br>&#8211; N* de Tel\u00e9fono<br>&#8211; N* Tel\u00e9fono alternativo<\/p>\n\n\n\n<p>Saludos&#8230;<\/p>\n\n\n\n<p class=\"has-text-align-center has-base-background-color has-background\"><strong>C<\/strong>RONOGRAMAS<\/p>\n\n\n<div class=\"wp-block-image\">\n<figure class=\"aligncenter size-full\"><img decoding=\"async\" loading=\"lazy\" width=\"1280\" height=\"904\" src=\"https:\/\/int6029-sal.infd.edu.ar\/sitio\/wp-content\/uploads\/2026\/02\/WhatsApp-Image-2026-02-07-at-10.21.27-AM.jpeg\" alt=\"\" class=\"wp-image-4510\" srcset=\"https:\/\/int6029-sal.infd.edu.ar\/sitio\/wp-content\/uploads\/2026\/02\/WhatsApp-Image-2026-02-07-at-10.21.27-AM.jpeg 1280w, https:\/\/int6029-sal.infd.edu.ar\/sitio\/wp-content\/uploads\/2026\/02\/WhatsApp-Image-2026-02-07-at-10.21.27-AM-1000x706.jpeg 1000w, https:\/\/int6029-sal.infd.edu.ar\/sitio\/wp-content\/uploads\/2026\/02\/WhatsApp-Image-2026-02-07-at-10.21.27-AM-768x542.jpeg 768w\" sizes=\"(max-width: 1280px) 100vw, 1280px\" \/><\/figure><\/div>\n\n\n<p class=\"has-text-align-center has-contrast-color has-base-background-color has-text-color has-background\"><strong>COMISIONES<\/strong><\/p>\n\n\n\n<div class=\"wp-block-file aligncenter\"><object class=\"wp-block-file__embed\" data=\"https:\/\/int6029-sal.infd.edu.ar\/sitio\/wp-content\/uploads\/2026\/02\/Comisiones-Prof.-Fisica.pdf\" type=\"application\/pdf\" style=\"width:100%;height:600px\" aria-label=\"Incrustado de Comisiones-Prof.-Fisica.\"><\/object><a id=\"wp-block-file--media-b49d8d39-e3be-4ca1-9026-155be7eee7c5\" href=\"https:\/\/int6029-sal.infd.edu.ar\/sitio\/wp-content\/uploads\/2026\/02\/Comisiones-Prof.-Fisica.pdf\">Comisiones-Prof.-Fisica<\/a><a href=\"https:\/\/int6029-sal.infd.edu.ar\/sitio\/wp-content\/uploads\/2026\/02\/Comisiones-Prof.-Fisica.pdf\" class=\"wp-block-file__button wp-element-button\" download aria-describedby=\"wp-block-file--media-b49d8d39-e3be-4ca1-9026-155be7eee7c5\">Descarga<\/a><\/div>\n\n\n\n<p class=\"has-text-align-center has-contrast-color has-base-background-color has-text-color has-background\"><strong>MATERIAL DE ESTUDIO<\/strong><\/p>\n","protected":false},"excerpt":{"rendered":"<p>Curso de Ingreso 2026 &#x1f4cc;&#x1f4cc;&#x1f4cc;INICIANDO RECORRIDO\u2026 Informamos a los postulantes que se les ha dado de alta en el campus del IES 6029, el usuario y contrase\u00f1a les fue enviado al mail declarado. En caso no haya recibido dicho mail y\/o este teniendo alguna dificultadad para acceder a la misma, informarlo a traves del Formulario &#8230; <a title=\"Prof. en Fisica\" class=\"read-more\" href=\"https:\/\/int6029-sal.infd.edu.ar\/sitio\/prof-en-psicologia\/\" aria-label=\"More on Prof. en Fisica\">[+]<\/a><\/p>\n","protected":false},"author":873,"featured_media":0,"parent":0,"menu_order":0,"comment_status":"closed","ping_status":"closed","template":"","meta":[],"acf":[],"_links":{"self":[{"href":"https:\/\/int6029-sal.infd.edu.ar\/sitio\/wp-json\/wp\/v2\/pages\/4047"}],"collection":[{"href":"https:\/\/int6029-sal.infd.edu.ar\/sitio\/wp-json\/wp\/v2\/pages"}],"about":[{"href":"https:\/\/int6029-sal.infd.edu.ar\/sitio\/wp-json\/wp\/v2\/types\/page"}],"author":[{"embeddable":true,"href":"https:\/\/int6029-sal.infd.edu.ar\/sitio\/wp-json\/wp\/v2\/users\/873"}],"replies":[{"embeddable":true,"href":"https:\/\/int6029-sal.infd.edu.ar\/sitio\/wp-json\/wp\/v2\/comments?post=4047"}],"version-history":[{"count":12,"href":"https:\/\/int6029-sal.infd.edu.ar\/sitio\/wp-json\/wp\/v2\/pages\/4047\/revisions"}],"predecessor-version":[{"id":4512,"href":"https:\/\/int6029-sal.infd.edu.ar\/sitio\/wp-json\/wp\/v2\/pages\/4047\/revisions\/4512"}],"wp:attachment":[{"href":"https:\/\/int6029-sal.infd.edu.ar\/sitio\/wp-json\/wp\/v2\/media?parent=4047"}],"curies":[{"name":"wp","href":"https:\/\/api.w.org\/{rel}","templated":true}]}}