{"id":4029,"date":"2023-12-04T16:30:47","date_gmt":"2023-12-04T19:30:47","guid":{"rendered":"https:\/\/int6029-sal.infd.edu.ar\/sitio\/?page_id=4029"},"modified":"2023-12-04T16:57:47","modified_gmt":"2023-12-04T19:57:47","slug":"profesorado-de-educacion-secundaria-en-informatica","status":"publish","type":"page","link":"https:\/\/int6029-sal.infd.edu.ar\/sitio\/profesorado-de-educacion-secundaria-en-informatica\/","title":{"rendered":"Profesorado de Educaci\u00f3n Secundaria en Inform\u00e1tica"},"content":{"rendered":"\n<h3 class=\"wp-block-heading\">Denominaci\u00f3n de la Carrera:<\/h3>\n\n\n\n<h3 class=\"has-text-align-center has-light-green-cyan-to-vivid-green-cyan-gradient-background has-background wp-block-heading\">Profesorado de Educaci\u00f3n Secundaria en Infom\u00e1tica<\/h3>\n\n\n\n<h3 class=\"has-text-align-center wp-block-heading\">T\u00edtulo a otorgar:&nbsp;Profesor\/a de Educaci\u00f3n Secundaria en Inform\u00e1tica.<\/h3>\n\n\n\n<h3 class=\"wp-block-heading\">Duraci\u00f3n de la carrera:&nbsp;4 A\u00f1os<\/h3>\n\n\n\n<h3 class=\"has-text-align-center wp-block-heading\">R.M. N\u00b0 1168\/16<\/h3>\n\n\n\n<p class=\"has-text-align-center\"><a href=\"http:\/\/www.edusalta.gov.ar\/index.php\/docentes\/normativa-educativa\/resoluciones\/4485-res-min-n-1168-16\/file\">Resoluci\u00f3n<\/a><\/p>\n\n\n\n<p class=\"has-text-align-center\"><strong>INGRESO 2024<\/strong><\/p>\n\n\n\n<p class=\"has-text-align-center has-base-3-color has-midnight-gradient-background has-text-color has-background\"><strong>PREINSCRIPCIONES DICIEMBRE 2023<\/strong><\/p>\n\n\n\n<p class=\"has-text-align-center\"><strong>POSTULATE<\/strong>  <a href=\"https:\/\/int6029-sal.infd.edu.ar\/sitio\/postulantes-2024\/\">https:\/\/int6029-sal.infd.edu.ar\/sitio\/postulantes-2024\/<\/a><\/p>\n","protected":false},"excerpt":{"rendered":"<p>Denominaci\u00f3n de la Carrera: Profesorado de Educaci\u00f3n Secundaria en Infom\u00e1tica T\u00edtulo a otorgar:&nbsp;Profesor\/a de Educaci\u00f3n Secundaria en Inform\u00e1tica. Duraci\u00f3n de la carrera:&nbsp;4 A\u00f1os R.M. N\u00b0 1168\/16 Resoluci\u00f3n INGRESO 2024 PREINSCRIPCIONES DICIEMBRE 2023 POSTULATE https:\/\/int6029-sal.infd.edu.ar\/sitio\/postulantes-2024\/<\/p>\n","protected":false},"author":873,"featured_media":0,"parent":0,"menu_order":0,"comment_status":"closed","ping_status":"closed","template":"","meta":[],"acf":[],"_links":{"self":[{"href":"https:\/\/int6029-sal.infd.edu.ar\/sitio\/wp-json\/wp\/v2\/pages\/4029"}],"collection":[{"href":"https:\/\/int6029-sal.infd.edu.ar\/sitio\/wp-json\/wp\/v2\/pages"}],"about":[{"href":"https:\/\/int6029-sal.infd.edu.ar\/sitio\/wp-json\/wp\/v2\/types\/page"}],"author":[{"embeddable":true,"href":"https:\/\/int6029-sal.infd.edu.ar\/sitio\/wp-json\/wp\/v2\/users\/873"}],"replies":[{"embeddable":true,"href":"https:\/\/int6029-sal.infd.edu.ar\/sitio\/wp-json\/wp\/v2\/comments?post=4029"}],"version-history":[{"count":4,"href":"https:\/\/int6029-sal.infd.edu.ar\/sitio\/wp-json\/wp\/v2\/pages\/4029\/revisions"}],"predecessor-version":[{"id":4039,"href":"https:\/\/int6029-sal.infd.edu.ar\/sitio\/wp-json\/wp\/v2\/pages\/4029\/revisions\/4039"}],"wp:attachment":[{"href":"https:\/\/int6029-sal.infd.edu.ar\/sitio\/wp-json\/wp\/v2\/media?parent=4029"}],"curies":[{"name":"wp","href":"https:\/\/api.w.org\/{rel}","templated":true}]}}