{"id":2997,"date":"2022-06-02T15:40:49","date_gmt":"2022-06-02T18:40:49","guid":{"rendered":"https:\/\/int6029-sal.infd.edu.ar\/sitio\/?page_id=2997"},"modified":"2022-06-10T23:47:51","modified_gmt":"2022-06-11T02:47:51","slug":"concurso-institucional","status":"publish","type":"page","link":"https:\/\/int6029-sal.infd.edu.ar\/sitio\/concurso-institucional\/","title":{"rendered":"CONCURSO INSTITUCIONAL"},"content":{"rendered":"\n<figure class=\"wp-block-image size-large\"><img decoding=\"async\" loading=\"lazy\" width=\"1024\" height=\"768\" src=\"https:\/\/int6029-sal.infd.edu.ar\/sitio\/wp-content\/uploads\/2022\/06\/Concurso-Logo-1.jpeg\" alt=\"\" class=\"wp-image-3002\" srcset=\"https:\/\/int6029-sal.infd.edu.ar\/sitio\/wp-content\/uploads\/2022\/06\/Concurso-Logo-1.jpeg 1024w, https:\/\/int6029-sal.infd.edu.ar\/sitio\/wp-content\/uploads\/2022\/06\/Concurso-Logo-1-1000x750.jpeg 1000w, https:\/\/int6029-sal.infd.edu.ar\/sitio\/wp-content\/uploads\/2022\/06\/Concurso-Logo-1-768x576.jpeg 768w\" sizes=\"(max-width: 1024px) 100vw, 1024px\" \/><\/figure>\n\n\n\n<p><strong>En <\/strong><strong>b<\/strong><strong>\u00fa<\/strong><strong>squeda del logo institucional<\/strong><\/p>\n\n\n\n<p>En los \u00faltimos a\u00f1os la virtualidad en la educaci\u00f3n ha sido frecuente, y no hemos sido la excepci\u00f3n, debido a esto surgi\u00f3 el uso de un logo en el campus virtual de la instituci\u00f3n. Retomando la presencialidad y las festividades locales pr\u00f3ximas, en la preparaci\u00f3n de la participaci\u00f3n nos encontramos con la oportunidad de formalizar el uso de un logo institucional que refleje nuestra visi\u00f3n y misi\u00f3n y nos otorgue visibilidad en la comunidad.<\/p>\n\n\n\n<p>Importancia del logo institucional.<\/p>\n\n\n\n<p>El logo para una instituci\u00f3n educativa, es la cara p\u00fablica de la misma. Por lo tanto<strong>,<\/strong>&nbsp;debe informar acerca de su tipo de ense\u00f1anza y lo que representa, de forma que quede grabado en la memoria del p\u00fablico.<\/p>\n\n\n\n<p>Algunas sugerencias y consideraciones<\/p>\n\n\n\n<ul><li>Un&nbsp;logotipo&nbsp;eficaz&nbsp;debe&nbsp;funcionar en una gran variedad de formatos,&nbsp;medios y plataformas.<\/li><li>Debe ser apropiado para el prop\u00f3sito de la instituci\u00f3n.<\/li><li>Incluir como m\u00ednimo su nombre, para asegurar que el p\u00fablico comience a asociarlo con las im\u00e1genes del logotipo.<\/li><li>El tipo de letra que se utilice en el logotipo puede decir mucho de la instituci\u00f3n. Las tipograf\u00edas Serif, como Times New Roman y Century Schoolbook, se usan com\u00fanmente para logos educativos, son una opci\u00f3n tradicional.<\/li><li>Las instituciones de nivel superior usan a menudo tonos m\u00e1s profundos tales como borgo\u00f1a, verde esmeralda y azul marino.<\/li><\/ul>\n\n\n\n<p><strong>Requisitos del logotipo.<\/strong><\/p>\n\n\n\n<ul><li>Debe identificar al Instituto de Educaci\u00f3n Superior N\u00b0 6029 Tartagal, como instituci\u00f3n formadora de profesionales de carreras docentes y t\u00e9cnicas.<\/li><li>Ser coherente con la historia institucional, considerando que fue creado en el a\u00f1o 1979 y tambi\u00e9n, su misi\u00f3n y visi\u00f3n.<\/li><li>Contener el nombre de la instituci\u00f3n.<\/li><li>Simbolizar aspectos institucionales relevantes.<\/li><\/ul>\n\n\n\n<p class=\"has-text-align-center\"><strong>\u00bf<\/strong><strong>Qui<\/strong><strong>\u00e9<\/strong><strong>nes y c<\/strong><strong>\u00f3<\/strong><strong>mo pueden <\/strong><strong>participar?<\/strong><strong><\/strong><\/p>\n\n\n\n<ul><li>Docentes y estudiantes inscriptos en el presente ciclo lectivo.<\/li><li>Las presentaciones pueden ser grupales o individuales.<\/li><li>La propuesta debe ser enviada por el sitio web del IES N* 6029, hasta las 18:00 hs. del d\u00eda 09\/06\/2022 fecha de cierre del concurso.<\/li><li>Los trabajos pueden ser dise\u00f1ados en cualquier programa o en papel.<\/li><li>En caso de realizarlo en papel, se debe adjuntar de manera digital (formato PNG o JPG).<\/li><li>Se lo debe enviar por el formulario \u201cCONCURSO LOGO\u201d con los datos completos de les autores: nombre y apellido, N\u00b0 DNI, carrera, rol en la instituci\u00f3n, cohorte en caso de ser estudiante y rese\u00f1a del significado de su dise\u00f1o.<\/li><\/ul>\n\n\n\n<div class=\"wp-block-buttons is-content-justification-center is-layout-flex\">\n<div class=\"wp-block-button\"><a class=\"wp-block-button__link has-text-color has-background\" href=\"https:\/\/docs.google.com\/forms\/d\/e\/1FAIpQLSdWcNzwn_DkINCk8tJ3XBQkWL0ST6qcRYoet03FfjjYzflyQQ\/viewform?usp=sf_link\" style=\"border-radius:50px;background:linear-gradient(135deg,rgb(135,9,53) 0%,rgb(179,22,22) 100%);color:#fffffa\" target=\"_blank\" rel=\"noreferrer noopener\">INSCRIPCI\u00d3N CONCURSO LOGO<\/a><\/div>\n<\/div>\n\n\n\n<p class=\"has-text-align-center\"><strong>\u00a1<\/strong><strong>Logo ganador!<\/strong><strong><\/strong><\/p>\n\n\n\n<p>Esta instancia consta de dos etapas, la primera es la preselecci\u00f3n a cargo del jurado que ser\u00e1 conformado por 8 personas pertenecientes a la instituci\u00f3n no participantes en el concurso y la etapa final a continuaci\u00f3n se detallan.<\/p>\n\n\n\n<p><strong>Preselecci<\/strong><strong>\u00f3<\/strong><strong>n.<\/strong><\/p>\n\n\n\n<p>Todas las propuestas recepcionadas hasta la hora y fecha de cierre 09\/06\/2022, entran en la instancia de preselecci\u00f3n, en la misma el jurado ser\u00e1 el encargado de seleccionar las propuestas que cumplan con los requisitos y\/o cualidades que se mencionan:<\/p>\n\n\n\n<ul><li>Su imagen se relaciona a primera vista con el instituto.<\/li><li>No posea cualidades que causen mal interpretaciones.<\/li><li>Su significado est\u00e1 muy relacionado con la misi\u00f3n del instituto.<\/li><\/ul>\n\n\n\n<p>Esta instancia se realizar\u00e1 el d\u00eda 09\/06\/2022 dentro del horario de 19:00 a 23:00 hs., al finalizar se dar\u00e1 a conocer las presentaciones que pasan a la etapa final.<\/p>\n\n\n\n<p><strong>Elecci<\/strong><strong>\u00f3<\/strong><strong>n: Etapa final<\/strong><\/p>\n\n\n\n<p>La elecci\u00f3n definitiva del logo institucional ser\u00e1 por votaci\u00f3n de la poblaci\u00f3n educativa (los estudiantes deben ir a votar con su DNI o libreta y su recibo de seguro y cooperadora de su inscripci\u00f3n en el presente ciclo lectivo), para esto se abrir\u00e1 una urna el d\u00eda 10\/06\/2022 en el horario de 19:00 hs a 22:00 hs. Finalizado el horario se realizar\u00e1 el recuento de los votos, luego se publicar\u00e1 el logo ganador con sus autores y se dar\u00e1 a conocer la fecha de entrega del premio, el mismo ser\u00e1 documentado y publicado.<\/p>\n\n\n\n<h2 class=\"has-text-align-center has-vivid-red-color has-light-green-cyan-background-color has-text-color has-background wp-block-heading\">Cronograma del concurso<\/h2>\n\n\n\n<ol><li><strong>Fecha de Cierre 09\/06\/2022 a las 18:00 hs.<\/strong> Para participar completa el formulario <strong>CONCURSO LOGO.<\/strong><\/li><li><strong>Fecha de Preselecci\u00f3n 09\/06\/2022 a las 23:00 hs.<\/strong> se publicara los dise\u00f1os que pasan a la instancia final.<\/li><li><strong>Fecha de votaci\u00f3n de la poblaci\u00f3n estudiantil y docente mediante apertura de urna el d\u00eda 10\/06\/2022 de 19:00 a 22:00 hs.<\/strong> al finalizar se publicara el logo ganador y se dar\u00e1 a conocer la fecha de entrega del premio, el mismo ser\u00e1 documentado y publicado.<\/li><\/ol>\n\n\n\n<h2 class=\"has-text-align-center has-vivid-red-color has-light-green-cyan-background-color has-text-color has-background wp-block-heading\">Propuestas que participan de la votaci\u00f3n<\/h2>\n\n\n\n<div class=\"alignnormal\"><div id=\"metaslider-id-3078\" style=\"max-width: 1400px; margin: 0 auto;\" class=\"ml-slider-3-33-0 metaslider metaslider-flex metaslider-3078 ml-slider ms-theme-default nav-hidden\" role=\"region\" aria-roledescription=\"Slideshow\" aria-label=\"Slideshow\">\n    <div id=\"metaslider_container_3078\">\n        <div id=\"metaslider_3078\" class=\"flexslider\">\n            <ul aria-live=\"polite\" class=\"slides\">\n                <li style=\"display: block; width: 100%;\" class=\"slide-3085 ms-image\" aria-roledescription=\"slide\" aria-label=\"slide-3085\"><img src=\"https:\/\/int6029-sal.infd.edu.ar\/sitio\/wp-content\/uploads\/2022\/06\/voto-A-1400x800.png\" height=\"800\" width=\"1400\" alt=\"\" class=\"slider-3078 slide-3085\" title=\"voto A\" \/><\/li>\n                <li style=\"display: none; width: 100%;\" class=\"slide-3086 ms-image\" aria-roledescription=\"slide\" aria-label=\"slide-3086\"><img src=\"https:\/\/int6029-sal.infd.edu.ar\/sitio\/wp-content\/uploads\/2022\/06\/voto-B-1400x800.png\" height=\"800\" width=\"1400\" alt=\"\" class=\"slider-3078 slide-3086\" title=\"voto B\" \/><\/li>\n                <li style=\"display: none; width: 100%;\" class=\"slide-3087 ms-image\" aria-roledescription=\"slide\" aria-label=\"slide-3087\"><img src=\"https:\/\/int6029-sal.infd.edu.ar\/sitio\/wp-content\/uploads\/2022\/06\/voto-C-1400x800.png\" height=\"800\" width=\"1400\" alt=\"\" class=\"slider-3078 slide-3087\" title=\"voto C\" \/><\/li>\n                <li style=\"display: none; width: 100%;\" class=\"slide-3088 ms-image\" aria-roledescription=\"slide\" aria-label=\"slide-3088\"><img src=\"https:\/\/int6029-sal.infd.edu.ar\/sitio\/wp-content\/uploads\/2022\/06\/voto-D-1400x800.png\" height=\"800\" width=\"1400\" alt=\"\" class=\"slider-3078 slide-3088\" title=\"voto D\" \/><\/li>\n                <li style=\"display: none; width: 100%;\" class=\"slide-3089 ms-image\" aria-roledescription=\"slide\" aria-label=\"slide-3089\"><img src=\"https:\/\/int6029-sal.infd.edu.ar\/sitio\/wp-content\/uploads\/2022\/06\/voto-E-1400x800.png\" height=\"800\" width=\"1400\" alt=\"\" class=\"slider-3078 slide-3089\" title=\"voto E\" \/><\/li>\n                <li style=\"display: none; width: 100%;\" class=\"slide-3090 ms-image\" aria-roledescription=\"slide\" aria-label=\"slide-3090\"><img src=\"https:\/\/int6029-sal.infd.edu.ar\/sitio\/wp-content\/uploads\/2022\/06\/voto-F-1400x800.png\" height=\"800\" width=\"1400\" alt=\"\" class=\"slider-3078 slide-3090\" title=\"voto F\" \/><\/li>\n            <\/ul>\n        <\/div>\n        \n    <\/div>\n<\/div><\/div>\n\n\n\n<p><\/p>\n\n\n\n<h2 class=\"has-text-align-center has-vivid-red-color has-vivid-green-cyan-background-color has-text-color has-background wp-block-heading\">\u00a1LOGO GANADOR!<\/h2>\n\n\n\n<div class=\"wp-block-image\"><figure class=\"aligncenter size-large\"><img decoding=\"async\" loading=\"lazy\" width=\"1901\" height=\"1066\" src=\"https:\/\/int6029-sal.infd.edu.ar\/sitio\/wp-content\/uploads\/2022\/06\/voto-D.png\" alt=\"\" class=\"wp-image-3082\" srcset=\"https:\/\/int6029-sal.infd.edu.ar\/sitio\/wp-content\/uploads\/2022\/06\/voto-D.png 1901w, https:\/\/int6029-sal.infd.edu.ar\/sitio\/wp-content\/uploads\/2022\/06\/voto-D-1000x561.png 1000w, https:\/\/int6029-sal.infd.edu.ar\/sitio\/wp-content\/uploads\/2022\/06\/voto-D-768x431.png 768w, https:\/\/int6029-sal.infd.edu.ar\/sitio\/wp-content\/uploads\/2022\/06\/voto-D-1536x861.png 1536w\" sizes=\"(max-width: 1901px) 100vw, 1901px\" \/><\/figure><\/div>\n\n\n\n<p>La premiaci\u00f3n ser\u00e1 el jueves 16\/06\/2022 a  las 20:30 hs. el encuentro sera documentado y publicado.<\/p>\n\n\n\n<p>Se solicita a la ganadora comunicarse v\u00eda mail  a <a href=\"mailto:int6029.tartagal@gmail.com\">int6029.tartagal@gmail.com<\/a> .<\/p>\n\n\n\n<div class=\"wp-block-buttons is-content-justification-center is-layout-flex\">\n<div class=\"wp-block-button\"><a class=\"wp-block-button__link has-text-color has-background\" style=\"border-radius:50px;background:linear-gradient(317deg,rgb(135,9,53) 0%,rgb(179,22,22) 100%);color:#fffffa\">PREMIACI\u00d3N<\/a><\/div>\n<\/div>\n","protected":false},"excerpt":{"rendered":"<p>En b\u00fasqueda del logo institucional En los \u00faltimos a\u00f1os la virtualidad en la educaci\u00f3n ha sido frecuente, y no hemos sido la excepci\u00f3n, debido a esto surgi\u00f3 el uso de un logo en el campus virtual de la instituci\u00f3n. Retomando la presencialidad y las festividades locales pr\u00f3ximas, en la preparaci\u00f3n de la participaci\u00f3n nos encontramos &#8230; <a title=\"CONCURSO INSTITUCIONAL\" class=\"read-more\" href=\"https:\/\/int6029-sal.infd.edu.ar\/sitio\/concurso-institucional\/\" aria-label=\"More on CONCURSO INSTITUCIONAL\">[+]<\/a><\/p>\n","protected":false},"author":1319,"featured_media":0,"parent":0,"menu_order":0,"comment_status":"closed","ping_status":"closed","template":"","meta":[],"acf":[],"_links":{"self":[{"href":"https:\/\/int6029-sal.infd.edu.ar\/sitio\/wp-json\/wp\/v2\/pages\/2997"}],"collection":[{"href":"https:\/\/int6029-sal.infd.edu.ar\/sitio\/wp-json\/wp\/v2\/pages"}],"about":[{"href":"https:\/\/int6029-sal.infd.edu.ar\/sitio\/wp-json\/wp\/v2\/types\/page"}],"author":[{"embeddable":true,"href":"https:\/\/int6029-sal.infd.edu.ar\/sitio\/wp-json\/wp\/v2\/users\/1319"}],"replies":[{"embeddable":true,"href":"https:\/\/int6029-sal.infd.edu.ar\/sitio\/wp-json\/wp\/v2\/comments?post=2997"}],"version-history":[{"count":16,"href":"https:\/\/int6029-sal.infd.edu.ar\/sitio\/wp-json\/wp\/v2\/pages\/2997\/revisions"}],"predecessor-version":[{"id":3104,"href":"https:\/\/int6029-sal.infd.edu.ar\/sitio\/wp-json\/wp\/v2\/pages\/2997\/revisions\/3104"}],"wp:attachment":[{"href":"https:\/\/int6029-sal.infd.edu.ar\/sitio\/wp-json\/wp\/v2\/media?parent=2997"}],"curies":[{"name":"wp","href":"https:\/\/api.w.org\/{rel}","templated":true}]}}