{"id":2632,"date":"2022-03-15T12:05:00","date_gmt":"2022-03-15T15:05:00","guid":{"rendered":"https:\/\/int6029-sal.infd.edu.ar\/sitio\/?page_id=2632"},"modified":"2022-06-21T09:52:31","modified_gmt":"2022-06-21T12:52:31","slug":"estructura-curricular-r-m-n-4279-16","status":"publish","type":"page","link":"https:\/\/int6029-sal.infd.edu.ar\/sitio\/estructura-curricular-r-m-n-4279-16\/","title":{"rendered":"Estructura Curricular. (R.M N\u00b0 4279\/16)."},"content":{"rendered":"\n<div class=\"wp-block-image\"><figure class=\"aligncenter size-large is-resized\"><img decoding=\"async\" loading=\"lazy\" src=\"https:\/\/int6029-sal.infd.edu.ar\/sitio\/wp-content\/uploads\/2022\/06\/Captura-de-Pantalla-2022-06-19-a-las-10.13.27.png\" alt=\"\" class=\"wp-image-3121\" width=\"688\" height=\"682\" srcset=\"https:\/\/int6029-sal.infd.edu.ar\/sitio\/wp-content\/uploads\/2022\/06\/Captura-de-Pantalla-2022-06-19-a-las-10.13.27.png 1074w, https:\/\/int6029-sal.infd.edu.ar\/sitio\/wp-content\/uploads\/2022\/06\/Captura-de-Pantalla-2022-06-19-a-las-10.13.27-1000x993.png 1000w, https:\/\/int6029-sal.infd.edu.ar\/sitio\/wp-content\/uploads\/2022\/06\/Captura-de-Pantalla-2022-06-19-a-las-10.13.27-768x762.png 768w\" sizes=\"(max-width: 688px) 100vw, 688px\" \/><figcaption>***<em>En el campo de la Pr\u00e1ctica docente I, se desarrollan dos talleres, uno durante el 1* Cuatrimestre &#8211; \u00abM\u00e9todos y t\u00e9cnicas de indagaci\u00f3n\u00bb &#8211; y otro, en el 2* Cuatrimestre, \u00abInstituciones educativas en contexto de diversidad cultural\u00bb.<\/em><\/figcaption><\/figure><\/div>\n\n\n\n<div class=\"wp-block-image\"><figure class=\"aligncenter size-large is-resized\"><img decoding=\"async\" loading=\"lazy\" src=\"https:\/\/int6029-sal.infd.edu.ar\/sitio\/wp-content\/uploads\/2022\/06\/Captura-de-Pantalla-2022-06-19-a-las-10.13.49.png\" alt=\"\" class=\"wp-image-3122\" width=\"697\" height=\"721\" srcset=\"https:\/\/int6029-sal.infd.edu.ar\/sitio\/wp-content\/uploads\/2022\/06\/Captura-de-Pantalla-2022-06-19-a-las-10.13.49.png 1164w, https:\/\/int6029-sal.infd.edu.ar\/sitio\/wp-content\/uploads\/2022\/06\/Captura-de-Pantalla-2022-06-19-a-las-10.13.49-965x1000.png 965w, https:\/\/int6029-sal.infd.edu.ar\/sitio\/wp-content\/uploads\/2022\/06\/Captura-de-Pantalla-2022-06-19-a-las-10.13.49-768x796.png 768w\" sizes=\"(max-width: 697px) 100vw, 697px\" \/><figcaption>***<em>En el campo de la Pr\u00e1ctica docente II, se desarrollan dos talleres, uno durante el 1* Cuatrimestre &#8211; \u00abCurr\u00edculum y organizadores escolares\u00bb -, y otro, en el 2* Cuatrimestre, \u00abLa programaci\u00f3n de la ense\u00f1anza primaria\u00bb.<\/em><\/figcaption><\/figure><\/div>\n\n\n\n<div class=\"wp-block-image\"><figure class=\"aligncenter size-large is-resized\"><img decoding=\"async\" loading=\"lazy\" src=\"https:\/\/int6029-sal.infd.edu.ar\/sitio\/wp-content\/uploads\/2022\/06\/Captura-de-Pantalla-2022-06-19-a-las-10.14.09.png\" alt=\"\" class=\"wp-image-3123\" width=\"699\" height=\"720\" srcset=\"https:\/\/int6029-sal.infd.edu.ar\/sitio\/wp-content\/uploads\/2022\/06\/Captura-de-Pantalla-2022-06-19-a-las-10.14.09.png 1152w, https:\/\/int6029-sal.infd.edu.ar\/sitio\/wp-content\/uploads\/2022\/06\/Captura-de-Pantalla-2022-06-19-a-las-10.14.09-970x1000.png 970w, https:\/\/int6029-sal.infd.edu.ar\/sitio\/wp-content\/uploads\/2022\/06\/Captura-de-Pantalla-2022-06-19-a-las-10.14.09-768x792.png 768w\" sizes=\"(max-width: 699px) 100vw, 699px\" \/><figcaption>***<em>En el campo de la Pr\u00e1ctica docente III, se desarrollan dos talleres integradores, uno durante el 1* Cuatrimestre &#8211; \u00abEvaluaci\u00f3n de los aprendizajes\u00bb y otro, en el 2* Cuatrimestre<\/em> &#8211; \u00abLa construcci\u00f3n de materiales did\u00e1cticos\u00bb.<\/figcaption><\/figure><\/div>\n\n\n\n<div class=\"wp-block-image\"><figure class=\"aligncenter size-large is-resized\"><img decoding=\"async\" loading=\"lazy\" src=\"https:\/\/int6029-sal.infd.edu.ar\/sitio\/wp-content\/uploads\/2022\/06\/Captura-de-Pantalla-2022-06-21-a-las-09.48.11.png\" alt=\"\" class=\"wp-image-3141\" width=\"698\" height=\"746\" srcset=\"https:\/\/int6029-sal.infd.edu.ar\/sitio\/wp-content\/uploads\/2022\/06\/Captura-de-Pantalla-2022-06-21-a-las-09.48.11.png 1232w, https:\/\/int6029-sal.infd.edu.ar\/sitio\/wp-content\/uploads\/2022\/06\/Captura-de-Pantalla-2022-06-21-a-las-09.48.11-936x1000.png 936w, https:\/\/int6029-sal.infd.edu.ar\/sitio\/wp-content\/uploads\/2022\/06\/Captura-de-Pantalla-2022-06-21-a-las-09.48.11-768x820.png 768w\" sizes=\"(max-width: 698px) 100vw, 698px\" \/><\/figure><\/div>\n\n\n\n<figure class=\"wp-block-image size-large\"><img decoding=\"async\" src=\"blob:https:\/\/int6029-sal.infd.edu.ar\/42ba2e4f-f93e-46ad-95b5-cd7538f5d6e6\" alt=\"\"\/><\/figure>\n\n\n\n<p class=\"has-text-align-center\"><a href=\"http:\/\/www.edusalta.gov.ar\/index.php\/docentes\/normativa-educativa\/disenos-curriculares\/disenos-curriculares-educacion-superior\/4467-diseno-curricular-de-la-carrera-de-profesorado-de-educacion-primaria-con-orientacion-en-educacion-intercultural-bilinguee\/file\">Click para descargar R. M 479\/16<\/a><\/p>\n","protected":false},"excerpt":{"rendered":"<p>Click para descargar R. M 479\/16<\/p>\n","protected":false},"author":1319,"featured_media":0,"parent":0,"menu_order":0,"comment_status":"closed","ping_status":"closed","template":"","meta":[],"acf":[],"_links":{"self":[{"href":"https:\/\/int6029-sal.infd.edu.ar\/sitio\/wp-json\/wp\/v2\/pages\/2632"}],"collection":[{"href":"https:\/\/int6029-sal.infd.edu.ar\/sitio\/wp-json\/wp\/v2\/pages"}],"about":[{"href":"https:\/\/int6029-sal.infd.edu.ar\/sitio\/wp-json\/wp\/v2\/types\/page"}],"author":[{"embeddable":true,"href":"https:\/\/int6029-sal.infd.edu.ar\/sitio\/wp-json\/wp\/v2\/users\/1319"}],"replies":[{"embeddable":true,"href":"https:\/\/int6029-sal.infd.edu.ar\/sitio\/wp-json\/wp\/v2\/comments?post=2632"}],"version-history":[{"count":7,"href":"https:\/\/int6029-sal.infd.edu.ar\/sitio\/wp-json\/wp\/v2\/pages\/2632\/revisions"}],"predecessor-version":[{"id":3145,"href":"https:\/\/int6029-sal.infd.edu.ar\/sitio\/wp-json\/wp\/v2\/pages\/2632\/revisions\/3145"}],"wp:attachment":[{"href":"https:\/\/int6029-sal.infd.edu.ar\/sitio\/wp-json\/wp\/v2\/media?parent=2632"}],"curies":[{"name":"wp","href":"https:\/\/api.w.org\/{rel}","templated":true}]}}