{"id":2142,"date":"2021-12-12T10:07:36","date_gmt":"2021-12-12T13:07:36","guid":{"rendered":"https:\/\/int6029-sal.infd.edu.ar\/sitio\/?page_id=2142"},"modified":"2021-12-12T10:07:37","modified_gmt":"2021-12-12T13:07:37","slug":"equivalencias","status":"publish","type":"page","link":"https:\/\/int6029-sal.infd.edu.ar\/sitio\/equivalencias\/","title":{"rendered":"Equivalencias"},"content":{"rendered":"\n<p>El r\u00e9gimen de equivalencias est\u00e1 establecido en el <strong>Cap\u00edtulo 7 <\/strong>del <strong>Reglamento Acad\u00e9mico Marco<\/strong> (RAM).<\/p>\n\n\n\n<div class=\"wp-block-buttons is-content-justification-center is-layout-flex\">\n<div class=\"wp-block-button\"><a class=\"wp-block-button__link\" href=\"http:\/\/www.edusalta.gov.ar\/index.php\/docentes\/normativa-educativa\/reglamentos\/3670-reglamento-academico-marco-ram-institutos-de-educacion-superior\/file\" target=\"_blank\" rel=\"noreferrer noopener\">Ver aqu\u00ed<\/a><\/div>\n<\/div>\n\n\n\n<p class=\"has-drop-cap\"><\/p>\n","protected":false},"excerpt":{"rendered":"<p>El r\u00e9gimen de equivalencias est\u00e1 establecido en el Cap\u00edtulo 7 del Reglamento Acad\u00e9mico Marco (RAM).<\/p>\n","protected":false},"author":698,"featured_media":0,"parent":0,"menu_order":0,"comment_status":"closed","ping_status":"closed","template":"","meta":[],"acf":[],"_links":{"self":[{"href":"https:\/\/int6029-sal.infd.edu.ar\/sitio\/wp-json\/wp\/v2\/pages\/2142"}],"collection":[{"href":"https:\/\/int6029-sal.infd.edu.ar\/sitio\/wp-json\/wp\/v2\/pages"}],"about":[{"href":"https:\/\/int6029-sal.infd.edu.ar\/sitio\/wp-json\/wp\/v2\/types\/page"}],"author":[{"embeddable":true,"href":"https:\/\/int6029-sal.infd.edu.ar\/sitio\/wp-json\/wp\/v2\/users\/698"}],"replies":[{"embeddable":true,"href":"https:\/\/int6029-sal.infd.edu.ar\/sitio\/wp-json\/wp\/v2\/comments?post=2142"}],"version-history":[{"count":1,"href":"https:\/\/int6029-sal.infd.edu.ar\/sitio\/wp-json\/wp\/v2\/pages\/2142\/revisions"}],"predecessor-version":[{"id":2143,"href":"https:\/\/int6029-sal.infd.edu.ar\/sitio\/wp-json\/wp\/v2\/pages\/2142\/revisions\/2143"}],"wp:attachment":[{"href":"https:\/\/int6029-sal.infd.edu.ar\/sitio\/wp-json\/wp\/v2\/media?parent=2142"}],"curies":[{"name":"wp","href":"https:\/\/api.w.org\/{rel}","templated":true}]}}