{"id":1898,"date":"2021-10-21T17:33:14","date_gmt":"2021-10-21T20:33:14","guid":{"rendered":"https:\/\/int6029-sal.infd.edu.ar\/sitio\/?page_id=1898"},"modified":"2022-08-08T16:25:23","modified_gmt":"2022-08-08T19:25:23","slug":"estudiantes","status":"publish","type":"page","link":"https:\/\/int6029-sal.infd.edu.ar\/sitio\/estudiantes\/","title":{"rendered":"ESTUDIANTES"},"content":{"rendered":"\n<p>El Instituto de Educaci\u00f3n Superior N\u00b0 6029 Tartagal, reconoce como estudiante a toda persona que haya cumplimentado las instancias de ingreso en alg\u00fan ciclo lectivo, \u00e9stas se mencionan a continuaci\u00f3n:<\/p>\n\n\n\n<ul><li>PREINSCRIPCI\u00d3N (con presentaci\u00f3n de documentaci\u00f3n)<\/li><li>Asistencia y aprobaci\u00f3n (con puntaje promedio superior al 70% y haber ingresado al orden de m\u00e9rito) del CURSO DE AMBIENTACI\u00d3N, ORIENTACI\u00d3N Y NIVELACI\u00d3N.<\/li><li>INSCRIPCI\u00d3N (con presentaci\u00f3n de documentaci\u00f3n).<\/li><\/ul>\n\n\n\n<p>Con el prop\u00f3sito de cursar el plan de estudios de alguna carrera, debiendo realizar cada a\u00f1o su reinscripci\u00f3n que los habilita al cursado de asignaturas y a rendir en las mesas de ex\u00e1menes a lo largo de ese ciclo lectivo.<\/p>\n\n\n\n<p>Una vez inscriptos en la carrera, todos los estudiantes que desarrollen sus estudios en condici\u00f3n de regular, registrar\u00e1n su inscripci\u00f3n por unidad curricular al inicio del per\u00edodo lectivo para el caso de las unidades curriculares anuales y al comienzo del primer o segundo cuatrimestre, seg\u00fan el r\u00e9gimen de cursado de las mismas, debiendo respetar en todos los casos el r\u00e9gimen de correlatividades vigente.<\/p>\n\n\n\n<p><strong>REGULARIDAD EN UNA UNIDAD CURRICULAR<\/strong><\/p>\n\n\n\n<p>Ser\u00e1n <strong>estudiantes regulares<\/strong> aquellos que hayan realizado su inscripci\u00f3n en la unidad curricular en su debido tiempo respetando el r\u00e9gimen de correlatividad vigente, cursen y cumplan el programa previsto para las unidades curriculares, bajo la orientaci\u00f3n o conducci\u00f3n de los respectivos docentes, siendo evaluados durante el transcurso de dicha cursada. En caso de no cumplir con las condiciones establecidas en el programa de c\u00e1tedra, quedaran en <strong>condici\u00f3n de libre<\/strong>.<\/p>\n\n\n\n<p><strong>Condiciones b\u00e1sicas para obtener la regularidad en las unidades curriculares.<\/strong><\/p>\n\n\n\n<ul><li>Asistencia a clase de car\u00e1cter te\u00f3rico o pr\u00e1ctico es de m\u00ednimo 70%, el porcentaje podr\u00e1 reducirse al 60% cuando las ausencias obedezcan a razones de salud, de trabajo o de fuerza mayor debidamente justificadas.<\/li><li>Realizaci\u00f3n y aprobaci\u00f3n del 80% de los trabajos pr\u00e1cticos.<\/li><li>Aprobaci\u00f3n de las evaluaciones parciales. Deber\u00e1n realizarse 2 (dos) ex\u00e1menes parciales como m\u00ednimo para cada unidad curricular de r\u00e9gimen anual, y un m\u00ednimo de 1 (uno) para las unidades de r\u00e9gimen cuatrimestral.<\/li><li>De no alcanzar en los ex\u00e1menes parciales la calificaci\u00f3n <strong>APROBADO<\/strong> o registrar\u00e1n <strong>ausentes<\/strong> por razones debidamente justificadas, tendr\u00e1n derecho a un examen recuperatorio por parcial.<\/li><li>Podr\u00e1n realizar una <strong>evaluaci\u00f3n integradora<\/strong> que incluya los temas abordados durante el per\u00edodo lectivo correspondiente para regularizar la asignatura en cuesti\u00f3n, aquellos que como m\u00ednimo alcancen el 60% de asistencias a clases te\u00f3rico o practicas, o registren ausentes en alguna evaluaci\u00f3n parcial por razones debidamente justificadas. <\/li><\/ul>\n\n\n\n<p>Un estudiante <strong>regular, perder\u00e1 su condici\u00f3n de tal<\/strong> en una unidad curricular por las siguientes razones:<\/p>\n\n\n\n<ol><li>Desaprobar tres veces los ex\u00e1menes finales correspondientes.<\/li><li>Vencimiento de la regularidad alcanza conforme al plazo establecido dos periodos consecutivos.<\/li><\/ol>\n\n\n\n<p>Si una de las razones anteriores sucede un estudiante pierde la regularidad en la unidad curricular, podr\u00e1 rendirla en condici\u00f3n de libre. Al efecto deber\u00e1 respetar el r\u00e9gimen de correlatividades vigente y la limitaci\u00f3n de las unidades curriculares de talleres, practicas educativas y\/o profesional, seminarios o las previstas en el plan de estudio correspondiente que impliquen un desarrollo eminentemente pr\u00e1ctico de las mismas.<\/p>\n\n\n\n<p>Reglamento Acad\u00e9mico Marco (RAM) Institutos de Educaci\u00f3n Superior 2484\/13<\/p>\n\n\n\n<p><\/p>\n\n\n\n<div class=\"wp-block-buttons is-content-justification-center is-layout-flex\">\n<div class=\"wp-block-button\"><a class=\"wp-block-button__link\" href=\"hidden&quot; scrolling=&quot;no&quot; frameborder=&quot;0&quot; allowfullscreen=&quot;true&quot; allow=&quot;autoplay; clipboard-write; encrypted-media; picture-in-picture; web-share&quot; allowFullScreen=&quot;true&quot;&gt;<\/iframe&gt;\" target=\"_blank\" rel=\"noreferrer noopener\">Reglamento Acad\u00e9mico Marco (RAM)<\/a><\/div>\n\n\n\n<div class=\"wp-block-button\"><a class=\"wp-block-button__link\" href=\"http:\/\/www.edusalta.gov.ar\/index.php\/docentes\/normativa-educativa\/reglamentos\/3627-reglamento-organico-marco-r-o-m-de-los-institutos-de-nivel-superior\/file\" target=\"_blank\" rel=\"noreferrer noopener\">Reglamento Org\u00e1nico Marco (ROM)<\/a><\/div>\n<\/div>\n\n\n\n<div class=\"wp-block-buttons is-content-justification-center is-layout-flex\">\n<div class=\"wp-block-button\"><a class=\"wp-block-button__link\" href=\"https:\/\/int6029-sal.infd.edu.ar\/aula\/acceso.cgi\" target=\"_blank\" rel=\"noreferrer noopener\">CAMPUS VIRTUAL<\/a><\/div>\n<\/div>\n\n\n\n<p><\/p>\n","protected":false},"excerpt":{"rendered":"<p>El Instituto de Educaci\u00f3n Superior N\u00b0 6029 Tartagal, reconoce como estudiante a toda persona que haya cumplimentado las instancias de ingreso en alg\u00fan ciclo lectivo, \u00e9stas se mencionan a continuaci\u00f3n: PREINSCRIPCI\u00d3N (con presentaci\u00f3n de documentaci\u00f3n) Asistencia y aprobaci\u00f3n (con puntaje promedio superior al 70% y haber ingresado al orden de m\u00e9rito) del CURSO DE AMBIENTACI\u00d3N, &#8230; <a title=\"ESTUDIANTES\" class=\"read-more\" href=\"https:\/\/int6029-sal.infd.edu.ar\/sitio\/estudiantes\/\" aria-label=\"More on ESTUDIANTES\">[+]<\/a><\/p>\n","protected":false},"author":873,"featured_media":0,"parent":0,"menu_order":0,"comment_status":"closed","ping_status":"closed","template":"","meta":[],"acf":[],"_links":{"self":[{"href":"https:\/\/int6029-sal.infd.edu.ar\/sitio\/wp-json\/wp\/v2\/pages\/1898"}],"collection":[{"href":"https:\/\/int6029-sal.infd.edu.ar\/sitio\/wp-json\/wp\/v2\/pages"}],"about":[{"href":"https:\/\/int6029-sal.infd.edu.ar\/sitio\/wp-json\/wp\/v2\/types\/page"}],"author":[{"embeddable":true,"href":"https:\/\/int6029-sal.infd.edu.ar\/sitio\/wp-json\/wp\/v2\/users\/873"}],"replies":[{"embeddable":true,"href":"https:\/\/int6029-sal.infd.edu.ar\/sitio\/wp-json\/wp\/v2\/comments?post=1898"}],"version-history":[{"count":5,"href":"https:\/\/int6029-sal.infd.edu.ar\/sitio\/wp-json\/wp\/v2\/pages\/1898\/revisions"}],"predecessor-version":[{"id":2184,"href":"https:\/\/int6029-sal.infd.edu.ar\/sitio\/wp-json\/wp\/v2\/pages\/1898\/revisions\/2184"}],"wp:attachment":[{"href":"https:\/\/int6029-sal.infd.edu.ar\/sitio\/wp-json\/wp\/v2\/media?parent=1898"}],"curies":[{"name":"wp","href":"https:\/\/api.w.org\/{rel}","templated":true}]}}