{"id":1890,"date":"2021-10-21T16:50:34","date_gmt":"2021-10-21T19:50:34","guid":{"rendered":"https:\/\/int6029-sal.infd.edu.ar\/sitio\/?page_id=1890"},"modified":"2023-12-01T19:00:13","modified_gmt":"2023-12-01T22:00:13","slug":"ingresantes","status":"publish","type":"page","link":"https:\/\/int6029-sal.infd.edu.ar\/sitio\/ingresantes\/","title":{"rendered":"PREINSCRIPCI\u00d3N AL INGRESO 2.024"},"content":{"rendered":"\n<p>Bienvenido al Instituto de Educaci\u00f3n Superior N\u00b0 6029 Tartagal. Aqu\u00ed encontrar\u00e1s informaci\u00f3n importante si est\u00e1s interesado en ingresar a nuestra Instituci\u00f3n en cualquiera de las carreras que ofrece.<\/p>\n\n\n<div class=\"wp-block-image\">\n<figure class=\"aligncenter size-full\"><img decoding=\"async\" loading=\"lazy\" width=\"1748\" height=\"1240\" src=\"https:\/\/int6029-sal.infd.edu.ar\/sitio\/wp-content\/uploads\/2023\/12\/PREINSCRIPCIONES-2023-1-2.png\" alt=\"\" class=\"wp-image-4016\" srcset=\"https:\/\/int6029-sal.infd.edu.ar\/sitio\/wp-content\/uploads\/2023\/12\/PREINSCRIPCIONES-2023-1-2.png 1748w, https:\/\/int6029-sal.infd.edu.ar\/sitio\/wp-content\/uploads\/2023\/12\/PREINSCRIPCIONES-2023-1-2-1000x709.png 1000w, https:\/\/int6029-sal.infd.edu.ar\/sitio\/wp-content\/uploads\/2023\/12\/PREINSCRIPCIONES-2023-1-2-768x545.png 768w, https:\/\/int6029-sal.infd.edu.ar\/sitio\/wp-content\/uploads\/2023\/12\/PREINSCRIPCIONES-2023-1-2-1536x1090.png 1536w\" sizes=\"(max-width: 1748px) 100vw, 1748px\" \/><\/figure><\/div>\n\n<div class=\"wp-block-image\">\n<figure class=\"aligncenter size-full\"><img decoding=\"async\" loading=\"lazy\" width=\"1748\" height=\"1240\" src=\"https:\/\/int6029-sal.infd.edu.ar\/sitio\/wp-content\/uploads\/2023\/12\/PREINSCRIPCIONES-2023-3-1.png\" alt=\"\" class=\"wp-image-4017\" srcset=\"https:\/\/int6029-sal.infd.edu.ar\/sitio\/wp-content\/uploads\/2023\/12\/PREINSCRIPCIONES-2023-3-1.png 1748w, https:\/\/int6029-sal.infd.edu.ar\/sitio\/wp-content\/uploads\/2023\/12\/PREINSCRIPCIONES-2023-3-1-1000x709.png 1000w, https:\/\/int6029-sal.infd.edu.ar\/sitio\/wp-content\/uploads\/2023\/12\/PREINSCRIPCIONES-2023-3-1-768x545.png 768w, https:\/\/int6029-sal.infd.edu.ar\/sitio\/wp-content\/uploads\/2023\/12\/PREINSCRIPCIONES-2023-3-1-1536x1090.png 1536w\" sizes=\"(max-width: 1748px) 100vw, 1748px\" \/><\/figure><\/div>\n\n\n<h2 class=\"wp-block-heading\">PREINSCRIPCI\u00d3N AL INGRESO 2022<\/h2>\n\n\n\n<p>Bienvenido al Instituto de Educaci\u00f3n Superior N\u00b0 6029 Tartagal. Aqu\u00ed encontrar\u00e1s informaci\u00f3n importante si est\u00e1s interesado en ingresar a nuestra Instituci\u00f3n en cualquiera de las carreras que ofrece.<\/p>\n\n\n<p><iframe loading=\"lazy\" style=\"border: none; overflow: hidden;\" src=\"https:\/\/www.facebook.com\/plugins\/video.php?height=314&amp;href=https%3A%2F%2Fwww.facebook.com%2Fnoticiasenvideotar%2Fvideos%2F936316050325236%2F&amp;show_text=false&amp;width=560&amp;t=0\" width=\"560\" height=\"314\" frameborder=\"0\" scrolling=\"no\" allowfullscreen=\"allowfullscreen\"><\/iframe><\/p>\n\n\n<p>Se considera aspirante a ingresar a la Instituci\u00f3n a todo aquel interesado que haya completado el nivel secundario y lo acredite mediante el titulo de secundario o constancia de titulo secundario en tr\u00e1mite.<\/p>\n\n\n\n<figure class=\"wp-block-gallery has-nested-images columns-default is-cropped wp-block-gallery-1 is-layout-flex\">\n<figure class=\"wp-block-image size-large\"><img decoding=\"async\" loading=\"lazy\" width=\"1900\" height=\"713\" data-id=\"1960\"  src=\"https:\/\/int6029-sal.infd.edu.ar\/sitio\/wp-content\/uploads\/2021\/11\/atencion-1-1900x713.png\" alt=\"\" class=\"wp-image-1960\" srcset=\"https:\/\/int6029-sal.infd.edu.ar\/sitio\/wp-content\/uploads\/2021\/11\/atencion-1-1900x713.png 1900w, https:\/\/int6029-sal.infd.edu.ar\/sitio\/wp-content\/uploads\/2021\/11\/atencion-1-1000x375.png 1000w, https:\/\/int6029-sal.infd.edu.ar\/sitio\/wp-content\/uploads\/2021\/11\/atencion-1-768x288.png 768w, https:\/\/int6029-sal.infd.edu.ar\/sitio\/wp-content\/uploads\/2021\/11\/atencion-1-1536x576.png 1536w, https:\/\/int6029-sal.infd.edu.ar\/sitio\/wp-content\/uploads\/2021\/11\/atencion-1-2048x768.png 2048w\" sizes=\"(max-width: 1900px) 100vw, 1900px\" \/><\/figure>\n<\/figure>\n\n\n\n<p>En nuestra Instituci\u00f3n un aspirante pasa a ser estudiante, si cumple con las siguientes instancias:<\/p>\n\n\n\n<p><strong>Preinscripci\u00f3n<\/strong>: Se debe presentar en tiempo y forma los requisitos  (S\u00e1bado 11 de Diciembre del 2021 a partir de 09.00 hs hasta 16.00 hs).<\/p>\n\n\n\n<p><strong>ASISTENCIA y APROBACI\u00d3N <\/strong>(con promedio mayor al 70% y seg\u00fan orden de m\u00e9rito) del curso de ambientaci\u00f3n y nivelaci\u00f3n.<\/p>\n\n\n\n<p><strong>Inscripci\u00f3n:<\/strong> Pasadas las instancias anteriores se publicar\u00e1n los requisitos.<\/p>\n\n\n\n<figure class=\"wp-block-gallery has-nested-images columns-default is-cropped wp-block-gallery-3 is-layout-flex\">\n<figure class=\"wp-block-image size-large\"><img decoding=\"async\" loading=\"lazy\" width=\"1352\" height=\"1900\" data-id=\"2045\"  src=\"https:\/\/int6029-sal.infd.edu.ar\/sitio\/wp-content\/uploads\/2021\/12\/la-Institucion-sito-en-calle-Guemes-950el-dia-Sabado-11-de-diciembre-de-2021-desde-las-09.00-a-16.00-Hrs.-1-1352x1900.png\" alt=\"\" class=\"wp-image-2045\" srcset=\"https:\/\/int6029-sal.infd.edu.ar\/sitio\/wp-content\/uploads\/2021\/12\/la-Institucion-sito-en-calle-Guemes-950el-dia-Sabado-11-de-diciembre-de-2021-desde-las-09.00-a-16.00-Hrs.-1-1352x1900.png 1352w, https:\/\/int6029-sal.infd.edu.ar\/sitio\/wp-content\/uploads\/2021\/12\/la-Institucion-sito-en-calle-Guemes-950el-dia-Sabado-11-de-diciembre-de-2021-desde-las-09.00-a-16.00-Hrs.-1-712x1000.png 712w, https:\/\/int6029-sal.infd.edu.ar\/sitio\/wp-content\/uploads\/2021\/12\/la-Institucion-sito-en-calle-Guemes-950el-dia-Sabado-11-de-diciembre-de-2021-desde-las-09.00-a-16.00-Hrs.-1-768x1079.png 768w, https:\/\/int6029-sal.infd.edu.ar\/sitio\/wp-content\/uploads\/2021\/12\/la-Institucion-sito-en-calle-Guemes-950el-dia-Sabado-11-de-diciembre-de-2021-desde-las-09.00-a-16.00-Hrs.-1-1093x1536.png 1093w, https:\/\/int6029-sal.infd.edu.ar\/sitio\/wp-content\/uploads\/2021\/12\/la-Institucion-sito-en-calle-Guemes-950el-dia-Sabado-11-de-diciembre-de-2021-desde-las-09.00-a-16.00-Hrs.-1-1457x2048.png 1457w\" sizes=\"(max-width: 1352px) 100vw, 1352px\" \/><\/figure>\n<\/figure>\n\n\n\n<p><\/p>\n\n\n\n<p><\/p>\n","protected":false},"excerpt":{"rendered":"<p>Bienvenido al Instituto de Educaci\u00f3n Superior N\u00b0 6029 Tartagal. Aqu\u00ed encontrar\u00e1s informaci\u00f3n importante si est\u00e1s interesado en ingresar a nuestra Instituci\u00f3n en cualquiera de las carreras que ofrece. PREINSCRIPCI\u00d3N AL INGRESO 2022 Bienvenido al Instituto de Educaci\u00f3n Superior N\u00b0 6029 Tartagal. Aqu\u00ed encontrar\u00e1s informaci\u00f3n importante si est\u00e1s interesado en ingresar a nuestra Instituci\u00f3n en cualquiera &#8230; <a title=\"PREINSCRIPCI\u00d3N AL INGRESO 2.024\" class=\"read-more\" href=\"https:\/\/int6029-sal.infd.edu.ar\/sitio\/ingresantes\/\" aria-label=\"More on PREINSCRIPCI\u00d3N AL INGRESO 2.024\">[+]<\/a><\/p>\n","protected":false},"author":873,"featured_media":0,"parent":0,"menu_order":0,"comment_status":"closed","ping_status":"closed","template":"","meta":[],"acf":[],"_links":{"self":[{"href":"https:\/\/int6029-sal.infd.edu.ar\/sitio\/wp-json\/wp\/v2\/pages\/1890"}],"collection":[{"href":"https:\/\/int6029-sal.infd.edu.ar\/sitio\/wp-json\/wp\/v2\/pages"}],"about":[{"href":"https:\/\/int6029-sal.infd.edu.ar\/sitio\/wp-json\/wp\/v2\/types\/page"}],"author":[{"embeddable":true,"href":"https:\/\/int6029-sal.infd.edu.ar\/sitio\/wp-json\/wp\/v2\/users\/873"}],"replies":[{"embeddable":true,"href":"https:\/\/int6029-sal.infd.edu.ar\/sitio\/wp-json\/wp\/v2\/comments?post=1890"}],"version-history":[{"count":16,"href":"https:\/\/int6029-sal.infd.edu.ar\/sitio\/wp-json\/wp\/v2\/pages\/1890\/revisions"}],"predecessor-version":[{"id":4018,"href":"https:\/\/int6029-sal.infd.edu.ar\/sitio\/wp-json\/wp\/v2\/pages\/1890\/revisions\/4018"}],"wp:attachment":[{"href":"https:\/\/int6029-sal.infd.edu.ar\/sitio\/wp-json\/wp\/v2\/media?parent=1890"}],"curies":[{"name":"wp","href":"https:\/\/api.w.org\/{rel}","templated":true}]}}