{"id":1602,"date":"2021-03-22T15:40:33","date_gmt":"2021-03-22T18:40:33","guid":{"rendered":"https:\/\/int6029-sal.infd.edu.ar\/sitio\/?page_id=1602"},"modified":"2022-12-14T23:55:30","modified_gmt":"2022-12-15T02:55:30","slug":"prof-mat-cursado-2-021","status":"publish","type":"page","link":"https:\/\/int6029-sal.infd.edu.ar\/sitio\/inicio\/prof-de-ed-sec-en-matematica\/prof-mat-cursado-2-021\/","title":{"rendered":"Prof. de Ed. Sec. en Matem\u00e1tica: Cursado 2.023"},"content":{"rendered":"<p><a href=\"https:\/\/int6029-sal.infd.edu.ar\/sitio\/wp-content\/uploads\/2021\/03\/Captura-de-pantalla-2021-03-27-a-las-15.36.55.png\"><img decoding=\"async\" loading=\"lazy\" class=\"wp-image-1637 alignnone\" src=\"https:\/\/int6029-sal.infd.edu.ar\/sitio\/wp-content\/uploads\/2021\/03\/Captura-de-pantalla-2021-03-27-a-las-15.36.55.png\" alt=\"\" width=\"445\" height=\"160\" srcset=\"https:\/\/int6029-sal.infd.edu.ar\/sitio\/wp-content\/uploads\/2021\/03\/Captura-de-pantalla-2021-03-27-a-las-15.36.55.png 1242w, https:\/\/int6029-sal.infd.edu.ar\/sitio\/wp-content\/uploads\/2021\/03\/Captura-de-pantalla-2021-03-27-a-las-15.36.55-1000x357.png 1000w, https:\/\/int6029-sal.infd.edu.ar\/sitio\/wp-content\/uploads\/2021\/03\/Captura-de-pantalla-2021-03-27-a-las-15.36.55-768x275.png 768w\" sizes=\"(max-width: 445px) 100vw, 445px\" \/><\/a><\/p>\n<h3><span style=\"color: #0000ff;\">Diciembre 2022<\/span>: preinscripci\u00f3n de postulantes al 1* a\u00f1o de la Carrera.<\/h3>\n<h3><span style=\"color: #0000ff;\">Febrero\/Marzo 2.023<\/span>: curso de ingreso e inscripci\u00f3n de ingresantes.<\/h3>\n<h3><span style=\"color: #0000ff;\">Febrero\/Marzo 2.023<\/span>: inscripci\u00f3n por materia para 1*, 2*, 3* y 4* a\u00f1o de la Carrera.<\/h3>\n<h3><span style=\"color: #0000ff;\">Febrero\/Marzo 2.023:<\/span> Turno de ex\u00e1menes ordinarios para unidades curriculares de 1*, 2*, 3* y 4* a\u00f1o de la Carrera.<\/h3>\n<p><a href=\"https:\/\/int6029-sal.infd.edu.ar\/sitio\/wp-content\/uploads\/2021\/03\/Captura-de-pantalla-2021-03-27-a-las-15.37.33.png\"><img decoding=\"async\" loading=\"lazy\" class=\"wp-image-1639 alignnone\" src=\"https:\/\/int6029-sal.infd.edu.ar\/sitio\/wp-content\/uploads\/2021\/03\/Captura-de-pantalla-2021-03-27-a-las-15.37.33.png\" alt=\"\" width=\"444\" height=\"161\" srcset=\"https:\/\/int6029-sal.infd.edu.ar\/sitio\/wp-content\/uploads\/2021\/03\/Captura-de-pantalla-2021-03-27-a-las-15.37.33.png 1240w, https:\/\/int6029-sal.infd.edu.ar\/sitio\/wp-content\/uploads\/2021\/03\/Captura-de-pantalla-2021-03-27-a-las-15.37.33-1000x363.png 1000w, https:\/\/int6029-sal.infd.edu.ar\/sitio\/wp-content\/uploads\/2021\/03\/Captura-de-pantalla-2021-03-27-a-las-15.37.33-768x279.png 768w\" sizes=\"(max-width: 444px) 100vw, 444px\" \/><\/a><\/p>\n<h3 style=\"text-align: left;\">La carrera es presencial, con <span style=\"color: #0000ff;\"><strong>clases en el edificio escolar<\/strong><\/span> en d\u00edas h\u00e1biles desde las 19.00 hasta las 23.00 hs. Esa modalidad, al igual que el horario de cierre de jornada, puede variar en funci\u00f3n de disposiciones institucionales, municipales, provinciales y\/o nacionales, en funci\u00f3n de respuestas comunitarias a emergentes. (Art. 63 &#8211; RAM)<\/h3>\n<h3>La <span style=\"color: #0000ff;\">asistencia<\/span> se computa por c\u00e1tedra, a cargo del docente o del auxiliar docente, Es obligatoria a las clases te\u00f3ricas, pr\u00e1cticas y complementarias previstas por el docente responsable de la c\u00e1tedra en un 70%.<\/h3>\n<h3>Este porcentaje podr\u00e1 reducirse en un 60% por cuestiones de salud, trabajo o fuerza mayor debidamente justificadas por el Consejo Asesor de cada unidad educativa. El o la estudiante en esta situaci\u00f3n, deber\u00e1 realizar una evaluaci\u00f3n integradora referida a los contenidos abordados en el tiempo de ausencia, su no aprobaci\u00f3n implicar\u00e1 pasar a la condici\u00f3n de libre en la c\u00e1tedra en cuesti\u00f3n.\u00a0 (Cap. IV &#8211; R.A.M.)<\/h3>\n<h3 style=\"text-align: center;\"><a href=\"http:\/\/www.edusalta.gov.ar\/index.php\/docentes\/normativa-educativa\/reglamentos\/3670-reglamento-academico-marco-ram-institutos-de-educacion-superior\/file\">Ver RAM<\/a><\/h3>\n<h3 style=\"text-align: center;\"><\/h3>\n<p><a href=\"https:\/\/int6029-sal.infd.edu.ar\/sitio\/wp-content\/uploads\/2021\/03\/Captura-de-pantalla-2021-03-27-a-las-16.01.18.png\"><img decoding=\"async\" loading=\"lazy\" class=\"wp-image-1640 alignnone\" src=\"https:\/\/int6029-sal.infd.edu.ar\/sitio\/wp-content\/uploads\/2021\/03\/Captura-de-pantalla-2021-03-27-a-las-16.01.18.png\" alt=\"\" width=\"436\" height=\"156\" srcset=\"https:\/\/int6029-sal.infd.edu.ar\/sitio\/wp-content\/uploads\/2021\/03\/Captura-de-pantalla-2021-03-27-a-las-16.01.18.png 1226w, https:\/\/int6029-sal.infd.edu.ar\/sitio\/wp-content\/uploads\/2021\/03\/Captura-de-pantalla-2021-03-27-a-las-16.01.18-1000x357.png 1000w, https:\/\/int6029-sal.infd.edu.ar\/sitio\/wp-content\/uploads\/2021\/03\/Captura-de-pantalla-2021-03-27-a-las-16.01.18-768x274.png 768w\" sizes=\"(max-width: 436px) 100vw, 436px\" \/><\/a><\/p>\n<h5><\/h5>\n<h3>Todas las materias, seminarios, talleres y espacios de pr\u00e1cticas de la Carrera, tienen su respectiva aula virtual en el <span style=\"color: #0000ff;\">campus virtual<\/span> del Instituto. La forma de uso de la misma responde a la propuesta de trabajo de cada docente responsable de su dictado.<\/h3>\n<h3>En el campus virtual, est\u00e1n disponibles cursos de ofim\u00e1tica y de TIC aplicadas a la educaci\u00f3n, l@ invitamos a explorar el <span style=\"color: #0000ff;\">Cat\u00e1logo de Cursos<\/span> y a realizarlos en la medida de sus intereses y posibilidades. Son de acceso gratuito, autoasistidos y de formaci\u00f3n personal.<\/h3>\n<p style=\"text-align: right;\">Actualizado: 14\/12\/2022, 23.55 hs.<\/p>\n","protected":false},"excerpt":{"rendered":"<p>Diciembre 2022: preinscripci\u00f3n de postulantes al 1* a\u00f1o de la Carrera. Febrero\/Marzo 2.023: curso de ingreso e inscripci\u00f3n de ingresantes. Febrero\/Marzo 2.023: inscripci\u00f3n por materia para 1*, 2*, 3* y 4* a\u00f1o de la Carrera. Febrero\/Marzo 2.023: Turno de ex\u00e1menes ordinarios para unidades curriculares de 1*, 2*, 3* y 4* a\u00f1o de la Carrera. La &#8230; <a title=\"Prof. de Ed. Sec. en Matem\u00e1tica: Cursado 2.023\" class=\"read-more\" href=\"https:\/\/int6029-sal.infd.edu.ar\/sitio\/inicio\/prof-de-ed-sec-en-matematica\/prof-mat-cursado-2-021\/\" aria-label=\"More on Prof. de Ed. Sec. en Matem\u00e1tica: Cursado 2.023\">[+]<\/a><\/p>\n","protected":false},"author":698,"featured_media":0,"parent":1232,"menu_order":0,"comment_status":"closed","ping_status":"closed","template":"","meta":[],"acf":[],"_links":{"self":[{"href":"https:\/\/int6029-sal.infd.edu.ar\/sitio\/wp-json\/wp\/v2\/pages\/1602"}],"collection":[{"href":"https:\/\/int6029-sal.infd.edu.ar\/sitio\/wp-json\/wp\/v2\/pages"}],"about":[{"href":"https:\/\/int6029-sal.infd.edu.ar\/sitio\/wp-json\/wp\/v2\/types\/page"}],"author":[{"embeddable":true,"href":"https:\/\/int6029-sal.infd.edu.ar\/sitio\/wp-json\/wp\/v2\/users\/698"}],"replies":[{"embeddable":true,"href":"https:\/\/int6029-sal.infd.edu.ar\/sitio\/wp-json\/wp\/v2\/comments?post=1602"}],"version-history":[{"count":30,"href":"https:\/\/int6029-sal.infd.edu.ar\/sitio\/wp-json\/wp\/v2\/pages\/1602\/revisions"}],"predecessor-version":[{"id":3604,"href":"https:\/\/int6029-sal.infd.edu.ar\/sitio\/wp-json\/wp\/v2\/pages\/1602\/revisions\/3604"}],"up":[{"embeddable":true,"href":"https:\/\/int6029-sal.infd.edu.ar\/sitio\/wp-json\/wp\/v2\/pages\/1232"}],"wp:attachment":[{"href":"https:\/\/int6029-sal.infd.edu.ar\/sitio\/wp-json\/wp\/v2\/media?parent=1602"}],"curies":[{"name":"wp","href":"https:\/\/api.w.org\/{rel}","templated":true}]}}