{"id":1599,"date":"2021-03-22T15:39:24","date_gmt":"2021-03-22T18:39:24","guid":{"rendered":"https:\/\/int6029-sal.infd.edu.ar\/sitio\/?page_id=1599"},"modified":"2022-12-14T23:59:14","modified_gmt":"2022-12-15T02:59:14","slug":"eib-cursado-2-021","status":"publish","type":"page","link":"https:\/\/int6029-sal.infd.edu.ar\/sitio\/prof-de-eib\/eib-cursado-2-021\/","title":{"rendered":"Prof. de Ed. Sec. en Psicolog\u00eda: Cursado 2.023"},"content":{"rendered":"\n<figure class=\"wp-block-image size-large is-resized\"><img decoding=\"async\" loading=\"lazy\" src=\"https:\/\/int6029-sal.infd.edu.ar\/sitio\/wp-content\/uploads\/2021\/12\/Captura-de-pantalla-2021-12-12-a-las-11.03.43.png\" alt=\"\" class=\"wp-image-2155\" width=\"484\" height=\"117\"\/><\/figure>\n\n\n\n<h3 class=\"wp-block-heading\">Diciembre 2022: preinscripci\u00f3n de postulantes al 1* a\u00f1o de la Carrera.<\/h3>\n\n\n\n<h3 class=\"wp-block-heading\">Febrero\/Marzo 2.023: curso de ingreso e inscripci\u00f3n de ingresantes.<\/h3>\n\n\n\n<h3 class=\"wp-block-heading\">Febrero\/Marzo 2.023: inscripci\u00f3n por materia para 1*<\/h3>\n\n\n\n<h3 class=\"wp-block-heading\"><\/h3>\n\n\n\n<p><\/p>\n\n\n\n<figure class=\"wp-block-image size-large is-resized\"><img decoding=\"async\" loading=\"lazy\" src=\"https:\/\/int6029-sal.infd.edu.ar\/sitio\/wp-content\/uploads\/2021\/12\/Captura-de-pantalla-2021-12-12-a-las-10.57.20.png\" alt=\"\" class=\"wp-image-2153\" width=\"450\" height=\"120\"\/><\/figure>\n\n\n\n<h3 class=\"wp-block-heading\">La carrera es presencial, con <strong>clases en el edificio escolar<\/strong> en d\u00edas h\u00e1biles desde las 19.00 hasta las 23.00 hs. Esa modalidad, al igual que el horario de cierre de jornada, puede variar en funci\u00f3n de disposiciones institucionales, municipales, provinciales y\/o nacionales, en funci\u00f3n de respuestas comunitarias a emergentes. (Art. 63 &#8211; RAM)<\/h3>\n\n\n\n<h3 class=\"wp-block-heading\">La asistencia se computa por c\u00e1tedra, a cargo del docente o del auxiliar docente, Es obligatoria a las clases te\u00f3ricas, pr\u00e1cticas y complementarias previstas por el docente responsable de la c\u00e1tedra en un 70%.<\/h3>\n\n\n\n<h3 class=\"wp-block-heading\">Este porcentaje podr\u00e1 reducirse en un 60% por cuestiones de salud, trabajo o fuerza mayor debidamente justificadas por el Consejo Asesor de cada unidad educativa. El o la estudiante en esta situaci\u00f3n, deber\u00e1 realizar una evaluaci\u00f3n integradora referida a los contenidos abordados en el tiempo de ausencia, su no aprobaci\u00f3n implicar\u00e1 pasar a la condici\u00f3n de libre en la c\u00e1tedra en cuesti\u00f3n.&nbsp; (Cap. IV &#8211; R.A.M.)<\/h3>\n\n\n\n<h3 class=\"has-text-align-center wp-block-heading\"><a href=\"http:\/\/www.edusalta.gov.ar\/index.php\/docentes\/normativa-educativa\/reglamentos\/3670-reglamento-academico-marco-ram-institutos-de-educacion-superior\/file\">Ver RAM<\/a><\/h3>\n\n\n\n<p><\/p>\n\n\n\n<figure class=\"wp-block-image size-large is-resized\"><img decoding=\"async\" loading=\"lazy\" src=\"https:\/\/int6029-sal.infd.edu.ar\/sitio\/wp-content\/uploads\/2021\/12\/Captura-de-pantalla-2021-12-12-a-las-10.57.14.png\" alt=\"\" class=\"wp-image-2154\" width=\"459\" height=\"116\"\/><\/figure>\n\n\n\n<h3 class=\"wp-block-heading\">Todas las materias, seminarios, talleres y espacios de pr\u00e1cticas de la Carrera, tienen su respectiva aula virtual en el campus virtual del Instituto. La forma de uso de la misma responde a la propuesta de trabajo de cada docente responsable de su dictado.<\/h3>\n\n\n\n<h3 class=\"wp-block-heading\">En el campus virtual, est\u00e1n disponibles cursos de ofim\u00e1tica y de TIC aplicadas a la educaci\u00f3n, l@ invitamos a explorar el Cat\u00e1logo de Cursos y a realizarlos en la medida de sus intereses y posibilidades. Son de acceso gratuito, autoasistidos y de formaci\u00f3n personal.<\/h3>\n\n\n\n<p class=\"has-text-align-right\"><em>Actualizado al 14\/12\/22. 23.55 hs<\/em><\/p>\n\n\n\n<p><\/p>\n","protected":false},"excerpt":{"rendered":"<p>Diciembre 2022: preinscripci\u00f3n de postulantes al 1* a\u00f1o de la Carrera. Febrero\/Marzo 2.023: curso de ingreso e inscripci\u00f3n de ingresantes. Febrero\/Marzo 2.023: inscripci\u00f3n por materia para 1* La carrera es presencial, con clases en el edificio escolar en d\u00edas h\u00e1biles desde las 19.00 hasta las 23.00 hs. Esa modalidad, al igual que el horario de &#8230; <a title=\"Prof. de Ed. Sec. en Psicolog\u00eda: Cursado 2.023\" class=\"read-more\" href=\"https:\/\/int6029-sal.infd.edu.ar\/sitio\/prof-de-eib\/eib-cursado-2-021\/\" aria-label=\"More on Prof. de Ed. Sec. en Psicolog\u00eda: Cursado 2.023\">[+]<\/a><\/p>\n","protected":false},"author":698,"featured_media":0,"parent":1386,"menu_order":0,"comment_status":"closed","ping_status":"closed","template":"","meta":[],"acf":[],"_links":{"self":[{"href":"https:\/\/int6029-sal.infd.edu.ar\/sitio\/wp-json\/wp\/v2\/pages\/1599"}],"collection":[{"href":"https:\/\/int6029-sal.infd.edu.ar\/sitio\/wp-json\/wp\/v2\/pages"}],"about":[{"href":"https:\/\/int6029-sal.infd.edu.ar\/sitio\/wp-json\/wp\/v2\/types\/page"}],"author":[{"embeddable":true,"href":"https:\/\/int6029-sal.infd.edu.ar\/sitio\/wp-json\/wp\/v2\/users\/698"}],"replies":[{"embeddable":true,"href":"https:\/\/int6029-sal.infd.edu.ar\/sitio\/wp-json\/wp\/v2\/comments?post=1599"}],"version-history":[{"count":15,"href":"https:\/\/int6029-sal.infd.edu.ar\/sitio\/wp-json\/wp\/v2\/pages\/1599\/revisions"}],"predecessor-version":[{"id":3607,"href":"https:\/\/int6029-sal.infd.edu.ar\/sitio\/wp-json\/wp\/v2\/pages\/1599\/revisions\/3607"}],"up":[{"embeddable":true,"href":"https:\/\/int6029-sal.infd.edu.ar\/sitio\/wp-json\/wp\/v2\/pages\/1386"}],"wp:attachment":[{"href":"https:\/\/int6029-sal.infd.edu.ar\/sitio\/wp-json\/wp\/v2\/media?parent=1599"}],"curies":[{"name":"wp","href":"https:\/\/api.w.org\/{rel}","templated":true}]}}