{"id":1444,"date":"2021-03-07T23:09:46","date_gmt":"2021-03-08T02:09:46","guid":{"rendered":"https:\/\/int6029-sal.infd.edu.ar\/sitio\/?page_id=1444"},"modified":"2022-12-06T18:31:27","modified_gmt":"2022-12-06T21:31:27","slug":"inscripciones-2-021","status":"publish","type":"page","link":"https:\/\/int6029-sal.infd.edu.ar\/sitio\/inscripciones-2-021\/","title":{"rendered":""},"content":{"rendered":"\n<div class=\"wp-block-cover has-light-green-cyan-background-color has-background-dim\" style=\"min-height:84px\"><div class=\"wp-block-cover__inner-container\">\n<p class=\"has-text-align-center has-large-font-size\"><\/p>\n<\/div><\/div>\n\n\n\n<p class=\"has-text-align-center\"><\/p>\n\n\n\n<div class=\"wp-block-image\"><figure class=\"aligncenter size-large\"><img decoding=\"async\" loading=\"lazy\" width=\"1748\" height=\"1240\" src=\"https:\/\/int6029-sal.infd.edu.ar\/sitio\/wp-content\/uploads\/2022\/12\/PREINSCRIPCIONES-2023-3.png\" alt=\"\" class=\"wp-image-3568\" srcset=\"https:\/\/int6029-sal.infd.edu.ar\/sitio\/wp-content\/uploads\/2022\/12\/PREINSCRIPCIONES-2023-3.png 1748w, https:\/\/int6029-sal.infd.edu.ar\/sitio\/wp-content\/uploads\/2022\/12\/PREINSCRIPCIONES-2023-3-1000x709.png 1000w, https:\/\/int6029-sal.infd.edu.ar\/sitio\/wp-content\/uploads\/2022\/12\/PREINSCRIPCIONES-2023-3-768x545.png 768w, https:\/\/int6029-sal.infd.edu.ar\/sitio\/wp-content\/uploads\/2022\/12\/PREINSCRIPCIONES-2023-3-1536x1090.png 1536w\" sizes=\"(max-width: 1748px) 100vw, 1748px\" \/><\/figure><\/div>\n\n\n\n<div class=\"wp-block-image\"><figure class=\"aligncenter size-large\"><img decoding=\"async\" loading=\"lazy\" width=\"1748\" height=\"1240\" src=\"https:\/\/int6029-sal.infd.edu.ar\/sitio\/wp-content\/uploads\/2022\/12\/PREINSCRIPCIONES-2023-2.png\" alt=\"\" class=\"wp-image-3552\" srcset=\"https:\/\/int6029-sal.infd.edu.ar\/sitio\/wp-content\/uploads\/2022\/12\/PREINSCRIPCIONES-2023-2.png 1748w, https:\/\/int6029-sal.infd.edu.ar\/sitio\/wp-content\/uploads\/2022\/12\/PREINSCRIPCIONES-2023-2-1000x709.png 1000w, https:\/\/int6029-sal.infd.edu.ar\/sitio\/wp-content\/uploads\/2022\/12\/PREINSCRIPCIONES-2023-2-768x545.png 768w, https:\/\/int6029-sal.infd.edu.ar\/sitio\/wp-content\/uploads\/2022\/12\/PREINSCRIPCIONES-2023-2-1536x1090.png 1536w\" sizes=\"(max-width: 1748px) 100vw, 1748px\" \/><\/figure><\/div>\n\n\n\n<p><\/p>\n\n\n\n<p>Para descargar el formulario de Preinscripci\u00f3n, hacer click en el siguiente enlace. &#x1f447;&#x1f3fd;&#x1f447;&#x1f3fd;&#x1f447;&#x1f3fd;<\/p>\n\n\n\n<div class=\"wp-block-file\"><a href=\"https:\/\/int6029-sal.infd.edu.ar\/sitio\/wp-content\/uploads\/2022\/12\/06_12_22_Formulario-de-Preinscripcion2023-1.pdf\">06_12_22_Formulario-de-Preinscripcion2023-1<\/a><a href=\"https:\/\/int6029-sal.infd.edu.ar\/sitio\/wp-content\/uploads\/2022\/12\/06_12_22_Formulario-de-Preinscripcion2023-1.pdf\" class=\"wp-block-file__button\" download>Descarga<\/a><\/div>\n\n\n\n<p>&#x25fc;&#xfe0f; La informaci\u00f3n en relaci\u00f3n al curso de ingreso se publicar\u00e1 en el sitio web, en la pesta\u00f1a, <strong><em>Postlantes- Prof.  de Educaci\u00f3n Secundaria en Matem\u00e1tica<\/em><\/strong> y se enviar\u00e1 al correo electr\u00f3nico registrado en la  preinscripci\u00f3n. Por favor: chequee que su correo electr\u00f3nico est\u00e9 escrito de manera correcta.<\/p>\n\n\n\n<p>Agradecidas\/os por su disposici\u00f3n&#8230;<\/p>\n\n\n\n<p>Vicerector\u00eda y Equipo Docente<\/p>\n\n\n\n<p>IES N* 6029<\/p>\n","protected":false},"excerpt":{"rendered":"<p>Para descargar el formulario de Preinscripci\u00f3n, hacer click en el siguiente enlace. &#x1f447;&#x1f3fd;&#x1f447;&#x1f3fd;&#x1f447;&#x1f3fd; &#x25fc;&#xfe0f; La informaci\u00f3n en relaci\u00f3n al curso de ingreso se publicar\u00e1 en el sitio web, en la pesta\u00f1a, Postlantes- Prof. de Educaci\u00f3n Secundaria en Matem\u00e1tica y se enviar\u00e1 al correo electr\u00f3nico registrado en la preinscripci\u00f3n. Por favor: chequee que su correo electr\u00f3nico &#8230; <a title=\"\" class=\"read-more\" href=\"https:\/\/int6029-sal.infd.edu.ar\/sitio\/inscripciones-2-021\/\" aria-label=\"More on \">[+]<\/a><\/p>\n","protected":false},"author":698,"featured_media":0,"parent":0,"menu_order":0,"comment_status":"closed","ping_status":"closed","template":"","meta":[],"acf":[],"_links":{"self":[{"href":"https:\/\/int6029-sal.infd.edu.ar\/sitio\/wp-json\/wp\/v2\/pages\/1444"}],"collection":[{"href":"https:\/\/int6029-sal.infd.edu.ar\/sitio\/wp-json\/wp\/v2\/pages"}],"about":[{"href":"https:\/\/int6029-sal.infd.edu.ar\/sitio\/wp-json\/wp\/v2\/types\/page"}],"author":[{"embeddable":true,"href":"https:\/\/int6029-sal.infd.edu.ar\/sitio\/wp-json\/wp\/v2\/users\/698"}],"replies":[{"embeddable":true,"href":"https:\/\/int6029-sal.infd.edu.ar\/sitio\/wp-json\/wp\/v2\/comments?post=1444"}],"version-history":[{"count":10,"href":"https:\/\/int6029-sal.infd.edu.ar\/sitio\/wp-json\/wp\/v2\/pages\/1444\/revisions"}],"predecessor-version":[{"id":3570,"href":"https:\/\/int6029-sal.infd.edu.ar\/sitio\/wp-json\/wp\/v2\/pages\/1444\/revisions\/3570"}],"wp:attachment":[{"href":"https:\/\/int6029-sal.infd.edu.ar\/sitio\/wp-json\/wp\/v2\/media?parent=1444"}],"curies":[{"name":"wp","href":"https:\/\/api.w.org\/{rel}","templated":true}]}}