{"id":1425,"date":"2021-03-07T01:51:18","date_gmt":"2021-03-07T04:51:18","guid":{"rendered":"https:\/\/int6029-sal.infd.edu.ar\/sitio\/?page_id=1425"},"modified":"2022-03-03T11:38:36","modified_gmt":"2022-03-03T14:38:36","slug":"postulantes-2021-cronograma-marzo","status":"publish","type":"page","link":"https:\/\/int6029-sal.infd.edu.ar\/sitio\/prof-de-eib\/postulantes-2021-cronograma-marzo\/","title":{"rendered":"EIB: Postulantes 2021 &#8211; CURSO DE INGRESO"},"content":{"rendered":"<h1 style=\"text-align: center;\">CURSO DE INGRESO AL PROF. DE E.I.B.<\/h1>\n<p>&nbsp;<\/p>\n<h2><a href=\"https:\/\/int6029-sal.infd.edu.ar\/sitio\/wp-content\/uploads\/2021\/03\/Captura-de-pantalla-2021-03-11-a-las-09.31.11.png\"><img decoding=\"async\" loading=\"lazy\" class=\"wp-image-1460 alignnone\" src=\"https:\/\/int6029-sal.infd.edu.ar\/sitio\/wp-content\/uploads\/2021\/03\/Captura-de-pantalla-2021-03-11-a-las-09.31.11-1000x254.png\" alt=\"\" width=\"405\" height=\"103\" srcset=\"https:\/\/int6029-sal.infd.edu.ar\/sitio\/wp-content\/uploads\/2021\/03\/Captura-de-pantalla-2021-03-11-a-las-09.31.11-1000x254.png 1000w, https:\/\/int6029-sal.infd.edu.ar\/sitio\/wp-content\/uploads\/2021\/03\/Captura-de-pantalla-2021-03-11-a-las-09.31.11-768x195.png 768w, https:\/\/int6029-sal.infd.edu.ar\/sitio\/wp-content\/uploads\/2021\/03\/Captura-de-pantalla-2021-03-11-a-las-09.31.11.png 1688w\" sizes=\"(max-width: 405px) 100vw, 405px\" \/><\/a><\/h2>\n<p style=\"text-align: center;\">Actualizaci\u00f3n: 19\/03\/2021 &#8211; 02.20 hs. PM<\/p>\n<ul>\n<li>\n<h2><a href=\"https:\/\/int6029-sal.infd.edu.ar\/sitio\/wp-content\/uploads\/2021\/03\/Captura-de-pantalla-2021-03-12-a-las-16.12.50.png\"><img decoding=\"async\" loading=\"lazy\" class=\"aligncenter wp-image-1497\" src=\"https:\/\/int6029-sal.infd.edu.ar\/sitio\/wp-content\/uploads\/2021\/03\/Captura-de-pantalla-2021-03-12-a-las-16.12.50-657x1000.png\" alt=\"\" width=\"840\" height=\"1279\" srcset=\"https:\/\/int6029-sal.infd.edu.ar\/sitio\/wp-content\/uploads\/2021\/03\/Captura-de-pantalla-2021-03-12-a-las-16.12.50-657x1000.png 657w, https:\/\/int6029-sal.infd.edu.ar\/sitio\/wp-content\/uploads\/2021\/03\/Captura-de-pantalla-2021-03-12-a-las-16.12.50-768x1169.png 768w, https:\/\/int6029-sal.infd.edu.ar\/sitio\/wp-content\/uploads\/2021\/03\/Captura-de-pantalla-2021-03-12-a-las-16.12.50.png 916w\" sizes=\"(max-width: 840px) 100vw, 840px\" \/><\/a><\/h2>\n<\/li>\n<\/ul>\n<p>&nbsp;<\/p>\n<p>&nbsp;<\/p>\n<p><a href=\"https:\/\/int6029-sal.infd.edu.ar\/sitio\/wp-content\/uploads\/2021\/03\/Cronograma2-2.gif\"><img decoding=\"async\" loading=\"lazy\" class=\"aligncenter size-full wp-image-1578\" src=\"https:\/\/int6029-sal.infd.edu.ar\/sitio\/wp-content\/uploads\/2021\/03\/Cronograma2-2.gif\" alt=\"\" width=\"1080\" height=\"1080\"><\/a><\/p>\n<p><a href=\"https:\/\/int6029-sal.infd.edu.ar\/sitio\/wp-content\/uploads\/2021\/03\/Captura-de-pantalla-2021-03-12-a-las-16.41.43.png\"><img decoding=\"async\" loading=\"lazy\" class=\"aligncenter wp-image-1498\" src=\"https:\/\/int6029-sal.infd.edu.ar\/sitio\/wp-content\/uploads\/2021\/03\/Captura-de-pantalla-2021-03-12-a-las-16.41.43-1000x261.png\" alt=\"\" width=\"545\" height=\"142\" srcset=\"https:\/\/int6029-sal.infd.edu.ar\/sitio\/wp-content\/uploads\/2021\/03\/Captura-de-pantalla-2021-03-12-a-las-16.41.43-1000x261.png 1000w, https:\/\/int6029-sal.infd.edu.ar\/sitio\/wp-content\/uploads\/2021\/03\/Captura-de-pantalla-2021-03-12-a-las-16.41.43-768x200.png 768w, https:\/\/int6029-sal.infd.edu.ar\/sitio\/wp-content\/uploads\/2021\/03\/Captura-de-pantalla-2021-03-12-a-las-16.41.43.png 1572w\" sizes=\"(max-width: 545px) 100vw, 545px\" \/><\/a><\/p>\n<p>&nbsp;<\/p>\n<h2><a href=\"https:\/\/int6029-sal.infd.edu.ar\/sitio\/wp-content\/uploads\/2021\/03\/Captura-de-pantalla-2021-03-11-a-las-09.31.33.png\"><img decoding=\"async\" loading=\"lazy\" class=\"wp-image-1462 alignnone\" src=\"https:\/\/int6029-sal.infd.edu.ar\/sitio\/wp-content\/uploads\/2021\/03\/Captura-de-pantalla-2021-03-11-a-las-09.31.33-1000x249.png\" alt=\"\" width=\"453\" height=\"113\" srcset=\"https:\/\/int6029-sal.infd.edu.ar\/sitio\/wp-content\/uploads\/2021\/03\/Captura-de-pantalla-2021-03-11-a-las-09.31.33-1000x249.png 1000w, https:\/\/int6029-sal.infd.edu.ar\/sitio\/wp-content\/uploads\/2021\/03\/Captura-de-pantalla-2021-03-11-a-las-09.31.33-768x191.png 768w, https:\/\/int6029-sal.infd.edu.ar\/sitio\/wp-content\/uploads\/2021\/03\/Captura-de-pantalla-2021-03-11-a-las-09.31.33.png 1680w\" sizes=\"(max-width: 453px) 100vw, 453px\" \/><\/a><\/h2>\n<h2><\/h2>\n<ul>\n<li>\n<h3>Cartilla base: <a href=\"https:\/\/drive.google.com\/file\/d\/1s5BEZDYKRiBciZNfbvIXRTJA25YpJVQX\/view?usp=sharing\">click aqu\u00ed<\/a><\/h3>\n<\/li>\n<li>\n<h3>Cartilla 1 &#8211; Ciencias Sociales: <a href=\"https:\/\/drive.google.com\/file\/d\/1ZA-SqfvAo9Io2iiXZwfBoyRRsKASzmlL\/view?usp=sharing\">click aqu\u00ed<\/a><\/h3>\n<\/li>\n<li>\n<h3>Cartilla 2 &#8211; Lengua: <a href=\"https:\/\/drive.google.com\/file\/d\/119i_SZbnBD4TOStQgq54ULxNK3YDzRjD\/view?usp=sharing\">click aqu\u00ed<\/a><\/h3>\n<\/li>\n<li>\n<h3>Cartilla 2 &#8211; Anexo: <a href=\"https:\/\/drive.google.com\/file\/d\/1S3IkhlmYa-BjFRnMaJR011-r02_e2d9-\/view?usp=sharing\">click aqu\u00ed<\/a><\/h3>\n<\/li>\n<li>\n<h3>Cartilla 3 &#8211; Matem\u00e1tica &#8211; <a href=\"https:\/\/drive.google.com\/file\/d\/1JR2EsI-lQ2l-wow01aGhRyO4NYavmQsE\/view?usp=sharing\">click aqu\u00ed<\/a><\/h3>\n<\/li>\n<\/ul>\n<h2><\/h2>\n<p>&nbsp;<\/p>\n<p><a href=\"https:\/\/int6029-sal.infd.edu.ar\/sitio\/wp-content\/uploads\/2021\/03\/Captura-de-pantalla-2021-03-11-a-las-09.41.28.png\"><img decoding=\"async\" loading=\"lazy\" class=\"wp-image-1473 alignnone\" src=\"https:\/\/int6029-sal.infd.edu.ar\/sitio\/wp-content\/uploads\/2021\/03\/Captura-de-pantalla-2021-03-11-a-las-09.41.28-1000x254.png\" alt=\"\" width=\"465\" height=\"118\" srcset=\"https:\/\/int6029-sal.infd.edu.ar\/sitio\/wp-content\/uploads\/2021\/03\/Captura-de-pantalla-2021-03-11-a-las-09.41.28-1000x254.png 1000w, https:\/\/int6029-sal.infd.edu.ar\/sitio\/wp-content\/uploads\/2021\/03\/Captura-de-pantalla-2021-03-11-a-las-09.41.28-768x195.png 768w, https:\/\/int6029-sal.infd.edu.ar\/sitio\/wp-content\/uploads\/2021\/03\/Captura-de-pantalla-2021-03-11-a-las-09.41.28.png 1690w\" sizes=\"(max-width: 465px) 100vw, 465px\" \/><\/a><\/p>\n<p>&nbsp;<\/p>\n<h2 style=\"text-align: center;\">Actualizaci\u00f3n<\/h2>\n<h2 style=\"text-align: center;\">11\/03\/2021<\/h2>\n<p style=\"text-align: center;\"><iframe src=\"https:\/\/docs.google.com\/spreadsheets\/d\/e\/2PACX-1vTs0Z4nrFjeKya8sTXnS8855Pa7i4us0caj2pYvaO4Qp2zfUQEHVeU84xKBUDk-eg\/pubhtml?widget=true&amp;headers=false\"><\/iframe><\/p>\n<p>&nbsp;<\/p>\n<h2 style=\"text-align: center;\"><strong>Actualizaci\u00f3n de Comisiones Verde y Blanca <\/strong><\/h2>\n<h2 style=\"text-align: center;\"><strong>17\/03\/2021 &#8211; 02.45 hs.<\/strong><\/h2>\n<p style=\"text-align: center;\"><iframe src=\"https:\/\/docs.google.com\/spreadsheets\/d\/e\/2PACX-1vSl9_PXZfLEImQZJw8amPf17sgm3ctJ67cbs5Y41PbYc2BTjud4ykIBnDBsZHSnyg\/pubhtml?widget=true&amp;headers=false\"><\/iframe><\/p>\n<p>&nbsp;<\/p>\n<h2 style=\"text-align: center;\"><strong>Actualizaci\u00f3n de Comisiones Verde y Blanca <\/strong><\/h2>\n<h2 style=\"text-align: center;\"><strong>19\/03\/2021 &#8211; 12.30 hs. PM<\/strong><\/h2>\n<p style=\"text-align: center;\"><iframe src=\"https:\/\/docs.google.com\/spreadsheets\/d\/e\/2PACX-1vTAd4a0nRcLH5AbS-i3-cRwYbnJQ7dgrWsCAEtcp98Bq98G3oQYOuTzG3zfsiaYI5AAGS6tsHaH4Ycp\/pubhtml?widget=true&amp;headers=false\"><\/iframe><\/p>\n<p>&nbsp;<\/p>\n<p><a href=\"https:\/\/int6029-sal.infd.edu.ar\/sitio\/wp-content\/uploads\/2021\/03\/Comisiones.gif\"><img decoding=\"async\" loading=\"lazy\" class=\"aligncenter wp-image-1477\" src=\"https:\/\/int6029-sal.infd.edu.ar\/sitio\/wp-content\/uploads\/2021\/03\/Comisiones-1000x1000.gif\" alt=\"\" width=\"646\" height=\"647\" srcset=\"https:\/\/int6029-sal.infd.edu.ar\/sitio\/wp-content\/uploads\/2021\/03\/Comisiones-1000x1000.gif 1000w, https:\/\/int6029-sal.infd.edu.ar\/sitio\/wp-content\/uploads\/2021\/03\/Comisiones-500x500.gif 500w, https:\/\/int6029-sal.infd.edu.ar\/sitio\/wp-content\/uploads\/2021\/03\/Comisiones-768x768.gif 768w\" sizes=\"(max-width: 646px) 100vw, 646px\" \/><\/a><\/p>\n<p>&nbsp;<\/p>\n<p>&nbsp;<\/p>\n<p style=\"text-align: left;\"><a href=\"https:\/\/int6029-sal.infd.edu.ar\/sitio\/wp-content\/uploads\/2021\/03\/Captura-de-pantalla-2021-03-11-a-las-09.31.23.png\"><img decoding=\"async\" loading=\"lazy\" class=\"wp-image-1461 alignnone\" src=\"https:\/\/int6029-sal.infd.edu.ar\/sitio\/wp-content\/uploads\/2021\/03\/Captura-de-pantalla-2021-03-11-a-las-09.31.23-1000x251.png\" alt=\"\" width=\"449\" height=\"113\" srcset=\"https:\/\/int6029-sal.infd.edu.ar\/sitio\/wp-content\/uploads\/2021\/03\/Captura-de-pantalla-2021-03-11-a-las-09.31.23-1000x251.png 1000w, https:\/\/int6029-sal.infd.edu.ar\/sitio\/wp-content\/uploads\/2021\/03\/Captura-de-pantalla-2021-03-11-a-las-09.31.23-768x193.png 768w, https:\/\/int6029-sal.infd.edu.ar\/sitio\/wp-content\/uploads\/2021\/03\/Captura-de-pantalla-2021-03-11-a-las-09.31.23.png 1686w\" sizes=\"(max-width: 449px) 100vw, 449px\" \/><\/a><\/p>\n<p><a href=\"https:\/\/int6029-sal.infd.edu.ar\/sitio\/wp-content\/uploads\/2021\/03\/Captura-de-pantalla-2021-03-11-a-las-21.26.48.png\"><img decoding=\"async\" loading=\"lazy\" class=\"aligncenter wp-image-1489\" src=\"https:\/\/int6029-sal.infd.edu.ar\/sitio\/wp-content\/uploads\/2021\/03\/Captura-de-pantalla-2021-03-11-a-las-21.26.48.png\" alt=\"\" width=\"747\" height=\"202\" srcset=\"https:\/\/int6029-sal.infd.edu.ar\/sitio\/wp-content\/uploads\/2021\/03\/Captura-de-pantalla-2021-03-11-a-las-21.26.48.png 952w, https:\/\/int6029-sal.infd.edu.ar\/sitio\/wp-content\/uploads\/2021\/03\/Captura-de-pantalla-2021-03-11-a-las-21.26.48-768x207.png 768w\" sizes=\"(max-width: 747px) 100vw, 747px\" \/><\/a><\/p>\n<p>&nbsp;<\/p>\n<h2><\/h2>\n<h2 style=\"text-align: center;\"><strong>NOTAS DE EXAMENES POR GRUPO: 20\/02, 27\/02 y 08\/03<\/strong><\/h2>\n<p style=\"text-align: center;\">(TAL COMO FUERON ENVIADAS A LOS CORREOS)<\/p>\n<p style=\"text-align: center;\"><iframe src=\"https:\/\/docs.google.com\/spreadsheets\/d\/e\/2PACX-1vQjbZ44H74tqsmU9SyaYGUJ2aTI3azTi52Pd3mXwUttQScl-raqF9PVt2vlh5ZwwQ\/pubhtml?widget=true&amp;headers=false\"><\/iframe><\/p>\n<p>&nbsp;<\/p>\n<h3 style=\"text-align: center;\"><a href=\"https:\/\/int6029-sal.infd.edu.ar\/sitio\/wp-content\/uploads\/2021\/03\/Aviso12.gif\"><img decoding=\"async\" loading=\"lazy\" class=\"aligncenter wp-image-1614\" src=\"https:\/\/int6029-sal.infd.edu.ar\/sitio\/wp-content\/uploads\/2021\/03\/Aviso12.gif\" alt=\"\" width=\"527\" height=\"527\"><\/a><a href=\"https:\/\/int6029-sal.infd.edu.ar\/sitio\/wp-content\/uploads\/2021\/03\/Captura-de-pantalla-2021-03-17-a-las-21.05.58.png\"><img decoding=\"async\" loading=\"lazy\" class=\"aligncenter wp-image-1533\" src=\"https:\/\/int6029-sal.infd.edu.ar\/sitio\/wp-content\/uploads\/2021\/03\/Captura-de-pantalla-2021-03-17-a-las-21.05.58.png\" alt=\"\" width=\"62\" height=\"75\"><\/a><\/h3>\n<h1 style=\"text-align: center;\"><iframe src=\"https:\/\/docs.google.com\/spreadsheets\/d\/e\/2PACX-1vRlxJA2IhijYLBUNh47Y5k_cRof0msoQz_Yiq2vf14gkwYec4NRjRnPy0RZvRr0mA\/pubhtml?widget=true&amp;headers=false\"><\/iframe><\/h1>\n<p style=\"text-align: center;\">(ORDEN ALFABETICO RESPETANDO LA ESCRITURA REALIZADA POR EL O LA AUTORA)<\/p>\n<p style=\"text-align: center;\">Actualizado: 23\/03\/2021, 00.30 hs. p.m.<\/p>\n<p>&nbsp;<\/p>\n<p>&nbsp;<\/p>\n<p><a href=\"https:\/\/int6029-sal.infd.edu.ar\/sitio\/wp-content\/uploads\/2021\/03\/Captura-de-pantalla-2021-03-17-a-las-10.19.00.png\"><img decoding=\"async\" loading=\"lazy\" class=\"wp-image-1524 alignnone\" src=\"https:\/\/int6029-sal.infd.edu.ar\/sitio\/wp-content\/uploads\/2021\/03\/Captura-de-pantalla-2021-03-17-a-las-10.19.00-1000x263.png\" alt=\"\" width=\"498\" height=\"131\" srcset=\"https:\/\/int6029-sal.infd.edu.ar\/sitio\/wp-content\/uploads\/2021\/03\/Captura-de-pantalla-2021-03-17-a-las-10.19.00-1000x263.png 1000w, https:\/\/int6029-sal.infd.edu.ar\/sitio\/wp-content\/uploads\/2021\/03\/Captura-de-pantalla-2021-03-17-a-las-10.19.00-768x202.png 768w, https:\/\/int6029-sal.infd.edu.ar\/sitio\/wp-content\/uploads\/2021\/03\/Captura-de-pantalla-2021-03-17-a-las-10.19.00.png 1004w\" sizes=\"(max-width: 498px) 100vw, 498px\" \/><\/a><\/p>\n<h3><\/h3>\n<h2 style=\"text-align: center;\"><strong>1* RONDA DE INGRESANTES &#8211; 17\/03\/2021<\/strong><\/h2>\n<p style=\"text-align: center;\"><iframe src=\"https:\/\/docs.google.com\/spreadsheets\/d\/e\/2PACX-1vTX4yEmhTaw92oDzkzPEmICb6VHoM-wOlTKFw4lqOSGSmG5lrW3hr9q88sgOf44Nw\/pubhtml?widget=true&amp;headers=false\"><\/iframe><\/p>\n<p style=\"text-align: center;\"><strong>Inscripci\u00f3n<\/strong>: 17 y 18\/02 virtual y confirmaci\u00f3n presencial, el 19\/03\/2021.<\/p>\n<p>&nbsp;<\/p>\n<h2 style=\"text-align: center;\"><strong>2* RONDA DE INGRESANTES &#8211; 23\/03\/2021<\/strong><\/h2>\n<p>&nbsp;<\/p>\n<p style=\"text-align: center;\"><iframe src=\"https:\/\/docs.google.com\/spreadsheets\/d\/e\/2PACX-1vS7bRpkmQkC8BPMcBqR1jcEC2Y9RTEMIAhbIRCQIpT2rD4yi_X9_zuY2UtxuOS6Tg\/pubhtml?widget=true&amp;headers=false\"><\/iframe><\/p>\n<p>&nbsp;<\/p>\n<h1 style=\"text-align: center;\">INSCRIPCI\u00d3N PARA LA 2* RONDA DE INGRESANTES<\/h1>\n<h3><\/h3>\n<h3 style=\"text-align: center;\">PASO 1: MODALIDAD VIRTUAL<\/h3>\n<h4 style=\"text-align: center;\"><a href=\"https:\/\/forms.gle\/oQp8mKFWX6asUdQR8\">Formulario<\/a><\/h4>\n<h3><a href=\"https:\/\/int6029-sal.infd.edu.ar\/sitio\/wp-content\/uploads\/2021\/03\/Captura-de-pantalla-2021-03-17-a-las-21.05.58.png\"><img decoding=\"async\" loading=\"lazy\" class=\"aligncenter wp-image-1533\" src=\"https:\/\/int6029-sal.infd.edu.ar\/sitio\/wp-content\/uploads\/2021\/03\/Captura-de-pantalla-2021-03-17-a-las-21.05.58.png\" alt=\"\" width=\"68\" height=\"81\"><\/a><\/h3>\n<h4 style=\"text-align: center;\"><em>Si Ud. completa este formulario y su nombre NO se encuentra en la lista publicada como 2* Ronda de Ingresantes, sus respuestas ser\u00e1n eliminadas. En este momento, la inscripci\u00f3n s\u00f3lo est\u00e1 habilitada para las personas que se encuentran en esa lista. Gracias por su colaboraci\u00f3n.<\/em><\/h4>\n<p>&nbsp;<\/p>\n<h3><\/h3>\n<h3 style=\"text-align: center;\">PASO 2: MODALIDAD PRESENCIAL<\/h3>\n<h4 style=\"text-align: center;\">FECHA: 23\/03\/2020<\/h4>\n<h4 style=\"text-align: center;\">HORARIO: 20.00 a 21.00 HS.<\/h4>\n<h4 style=\"text-align: center;\">ATENCI\u00d3N POR ORDEN ALFAB\u00c9TICO, A CARGO DE LA PROF. DALILA GONZALEZ<\/h4>\n<h4 style=\"text-align: center;\"><em><strong>Recuerde cumplir el protocolo de bioseguridad!<\/strong><\/em><\/h4>\n<p>&nbsp;<\/p>\n<p style=\"text-align: center;\">Actualizaci\u00f3n: 23\/03\/2021, 00.30 hs. p.m.<\/p>\n<p>&nbsp;<\/p>\n<h1 style=\"text-align: left;\"><a href=\"https:\/\/int6029-sal.infd.edu.ar\/sitio\/wp-content\/uploads\/2021\/03\/Captura-de-pantalla-2021-03-11-a-las-09.31.02.png\"><img decoding=\"async\" loading=\"lazy\" class=\"wp-image-1459 alignnone\" src=\"https:\/\/int6029-sal.infd.edu.ar\/sitio\/wp-content\/uploads\/2021\/03\/Captura-de-pantalla-2021-03-11-a-las-09.31.02-1000x253.png\" alt=\"\" width=\"447\" height=\"112\" srcset=\"https:\/\/int6029-sal.infd.edu.ar\/sitio\/wp-content\/uploads\/2021\/03\/Captura-de-pantalla-2021-03-11-a-las-09.31.02-1000x253.png 1000w, https:\/\/int6029-sal.infd.edu.ar\/sitio\/wp-content\/uploads\/2021\/03\/Captura-de-pantalla-2021-03-11-a-las-09.31.02-768x194.png 768w, https:\/\/int6029-sal.infd.edu.ar\/sitio\/wp-content\/uploads\/2021\/03\/Captura-de-pantalla-2021-03-11-a-las-09.31.02.png 1690w\" sizes=\"(max-width: 447px) 100vw, 447px\" \/><\/a><\/h1>\n<p>&nbsp;<\/p>\n<p>&nbsp;<\/p>\n<p><a href=\"https:\/\/int6029-sal.infd.edu.ar\/sitio\/wp-content\/uploads\/2021\/03\/Captura-de-pantalla-2021-03-17-a-las-21.35.58.png\"><img decoding=\"async\" loading=\"lazy\" class=\"aligncenter size-medium wp-image-1545\" src=\"https:\/\/int6029-sal.infd.edu.ar\/sitio\/wp-content\/uploads\/2021\/03\/Captura-de-pantalla-2021-03-17-a-las-21.35.58-1000x29.png\" alt=\"\" width=\"1000\" height=\"29\" srcset=\"https:\/\/int6029-sal.infd.edu.ar\/sitio\/wp-content\/uploads\/2021\/03\/Captura-de-pantalla-2021-03-17-a-las-21.35.58-1000x29.png 1000w, https:\/\/int6029-sal.infd.edu.ar\/sitio\/wp-content\/uploads\/2021\/03\/Captura-de-pantalla-2021-03-17-a-las-21.35.58-768x22.png 768w, https:\/\/int6029-sal.infd.edu.ar\/sitio\/wp-content\/uploads\/2021\/03\/Captura-de-pantalla-2021-03-17-a-las-21.35.58.png 1048w\" sizes=\"(max-width: 1000px) 100vw, 1000px\" \/><\/a><\/p>\n<h1><\/h1>\n<h1 style=\"text-align: center;\">COMPARTIMOS CON UDS., ALGUNAS SITUACIONES EMERGENTES<\/h1>\n<h1 style=\"text-align: center;\">Y LAS RESPUESTAS INSTITUCIONALES IMPLEMENTADAS.<\/h1>\n<h2 style=\"text-align: center;\"><a href=\"https:\/\/int6029-sal.infd.edu.ar\/sitio\/wp-content\/uploads\/2021\/03\/EIB_-Situaciones_emergentes.pdf\">EIB_-Situaciones_emergentes.pdf<\/a><\/h2>\n<p style=\"text-align: center;\">(Haga click hasta visualizar el documento en formato pdf)<\/p>\n<p>&nbsp;<\/p>\n<p><a href=\"https:\/\/int6029-sal.infd.edu.ar\/sitio\/wp-content\/uploads\/2021\/03\/Captura-de-pantalla-2021-03-17-a-las-21.35.58.png\"><img decoding=\"async\" loading=\"lazy\" class=\"size-medium wp-image-1545 aligncenter\" src=\"https:\/\/int6029-sal.infd.edu.ar\/sitio\/wp-content\/uploads\/2021\/03\/Captura-de-pantalla-2021-03-17-a-las-21.35.58-1000x29.png\" alt=\"\" width=\"1000\" height=\"29\" srcset=\"https:\/\/int6029-sal.infd.edu.ar\/sitio\/wp-content\/uploads\/2021\/03\/Captura-de-pantalla-2021-03-17-a-las-21.35.58-1000x29.png 1000w, https:\/\/int6029-sal.infd.edu.ar\/sitio\/wp-content\/uploads\/2021\/03\/Captura-de-pantalla-2021-03-17-a-las-21.35.58-768x22.png 768w, https:\/\/int6029-sal.infd.edu.ar\/sitio\/wp-content\/uploads\/2021\/03\/Captura-de-pantalla-2021-03-17-a-las-21.35.58.png 1048w\" sizes=\"(max-width: 1000px) 100vw, 1000px\" \/><\/a><\/p>\n<h4><\/h4>\n<h4 style=\"text-align: center;\">Actualizado 19\/03\/2021 &#8211; 23.50 hs. PM<\/h4>\n<p>&nbsp;<\/p>\n","protected":false},"excerpt":{"rendered":"<p>CURSO DE INGRESO AL PROF. DE E.I.B. &nbsp; Actualizaci\u00f3n: 19\/03\/2021 &#8211; 02.20 hs. PM &nbsp; &nbsp; &nbsp; Cartilla base: click aqu\u00ed Cartilla 1 &#8211; Ciencias Sociales: click aqu\u00ed Cartilla 2 &#8211; Lengua: click aqu\u00ed Cartilla 2 &#8211; Anexo: click aqu\u00ed Cartilla 3 &#8211; Matem\u00e1tica &#8211; click aqu\u00ed &nbsp; &nbsp; Actualizaci\u00f3n 11\/03\/2021 &nbsp; Actualizaci\u00f3n de Comisiones &#8230; <a title=\"EIB: Postulantes 2021 &#8211; CURSO DE INGRESO\" class=\"read-more\" href=\"https:\/\/int6029-sal.infd.edu.ar\/sitio\/prof-de-eib\/postulantes-2021-cronograma-marzo\/\" aria-label=\"More on EIB: Postulantes 2021 &#8211; CURSO DE INGRESO\">[+]<\/a><\/p>\n","protected":false},"author":698,"featured_media":0,"parent":1386,"menu_order":0,"comment_status":"closed","ping_status":"closed","template":"","meta":[],"acf":[],"_links":{"self":[{"href":"https:\/\/int6029-sal.infd.edu.ar\/sitio\/wp-json\/wp\/v2\/pages\/1425"}],"collection":[{"href":"https:\/\/int6029-sal.infd.edu.ar\/sitio\/wp-json\/wp\/v2\/pages"}],"about":[{"href":"https:\/\/int6029-sal.infd.edu.ar\/sitio\/wp-json\/wp\/v2\/types\/page"}],"author":[{"embeddable":true,"href":"https:\/\/int6029-sal.infd.edu.ar\/sitio\/wp-json\/wp\/v2\/users\/698"}],"replies":[{"embeddable":true,"href":"https:\/\/int6029-sal.infd.edu.ar\/sitio\/wp-json\/wp\/v2\/comments?post=1425"}],"version-history":[{"count":93,"href":"https:\/\/int6029-sal.infd.edu.ar\/sitio\/wp-json\/wp\/v2\/pages\/1425\/revisions"}],"predecessor-version":[{"id":2510,"href":"https:\/\/int6029-sal.infd.edu.ar\/sitio\/wp-json\/wp\/v2\/pages\/1425\/revisions\/2510"}],"up":[{"embeddable":true,"href":"https:\/\/int6029-sal.infd.edu.ar\/sitio\/wp-json\/wp\/v2\/pages\/1386"}],"wp:attachment":[{"href":"https:\/\/int6029-sal.infd.edu.ar\/sitio\/wp-json\/wp\/v2\/media?parent=1425"}],"curies":[{"name":"wp","href":"https:\/\/api.w.org\/{rel}","templated":true}]}}