{"id":1389,"date":"2021-02-23T11:47:18","date_gmt":"2021-02-23T14:47:18","guid":{"rendered":"https:\/\/int6029-sal.infd.edu.ar\/sitio\/?page_id=1389"},"modified":"2021-12-08T18:42:34","modified_gmt":"2021-12-08T21:42:34","slug":"eib-regimen-de-correlatividades","status":"publish","type":"page","link":"https:\/\/int6029-sal.infd.edu.ar\/sitio\/prof-de-eib\/eib-regimen-de-correlatividades\/","title":{"rendered":"Profesorado de Educaci\u00f3n Secundaria en Psicolog\u00eda &#8211; R\u00e9gimen de correlatividades"},"content":{"rendered":"\n<p><strong><em>La informaci\u00f3n pertinente se subir\u00e1 a la brevedad&#8230;.<\/em><\/strong><\/p>\n\n\n\n<p>Agradecidas\/os por su disposici\u00f3n, el IES N* 6029 le hace llegar las disculpas por los inconvenientes. Estamos trabajando para solucionar a la brevedad.<\/p>\n\n\n\n<p>Vicerector\u00eda y Equipo Docente IES N* 6029<\/p>\n","protected":false},"excerpt":{"rendered":"<p>La informaci\u00f3n pertinente se subir\u00e1 a la brevedad&#8230;. Agradecidas\/os por su disposici\u00f3n, el IES N* 6029 le hace llegar las disculpas por los inconvenientes. Estamos trabajando para solucionar a la brevedad. Vicerector\u00eda y Equipo Docente IES N* 6029<\/p>\n","protected":false},"author":698,"featured_media":0,"parent":1386,"menu_order":0,"comment_status":"closed","ping_status":"closed","template":"","meta":[],"acf":[],"_links":{"self":[{"href":"https:\/\/int6029-sal.infd.edu.ar\/sitio\/wp-json\/wp\/v2\/pages\/1389"}],"collection":[{"href":"https:\/\/int6029-sal.infd.edu.ar\/sitio\/wp-json\/wp\/v2\/pages"}],"about":[{"href":"https:\/\/int6029-sal.infd.edu.ar\/sitio\/wp-json\/wp\/v2\/types\/page"}],"author":[{"embeddable":true,"href":"https:\/\/int6029-sal.infd.edu.ar\/sitio\/wp-json\/wp\/v2\/users\/698"}],"replies":[{"embeddable":true,"href":"https:\/\/int6029-sal.infd.edu.ar\/sitio\/wp-json\/wp\/v2\/comments?post=1389"}],"version-history":[{"count":2,"href":"https:\/\/int6029-sal.infd.edu.ar\/sitio\/wp-json\/wp\/v2\/pages\/1389\/revisions"}],"predecessor-version":[{"id":2053,"href":"https:\/\/int6029-sal.infd.edu.ar\/sitio\/wp-json\/wp\/v2\/pages\/1389\/revisions\/2053"}],"up":[{"embeddable":true,"href":"https:\/\/int6029-sal.infd.edu.ar\/sitio\/wp-json\/wp\/v2\/pages\/1386"}],"wp:attachment":[{"href":"https:\/\/int6029-sal.infd.edu.ar\/sitio\/wp-json\/wp\/v2\/media?parent=1389"}],"curies":[{"name":"wp","href":"https:\/\/api.w.org\/{rel}","templated":true}]}}