{"id":1386,"date":"2021-02-23T10:39:04","date_gmt":"2021-02-23T13:39:04","guid":{"rendered":"https:\/\/int6029-sal.infd.edu.ar\/sitio\/?page_id=1386"},"modified":"2023-12-04T16:59:39","modified_gmt":"2023-12-04T19:59:39","slug":"prof-de-eib","status":"publish","type":"page","link":"https:\/\/int6029-sal.infd.edu.ar\/sitio\/prof-de-eib\/","title":{"rendered":"Profesorado de Educaci\u00f3n Secundaria en Psicolog\u00eda"},"content":{"rendered":"\n<h4 class=\"wp-block-heading\">&nbsp;<\/h4>\n\n\n\n<h3 class=\"wp-block-heading\">Denominaci\u00f3n de la Carrera:<\/h3>\n\n\n\n<h3 class=\"has-text-align-center has-vivid-green-cyan-color has-text-color wp-block-heading\">Profesorado de Educaci\u00f3n Secundaria en Psicolog\u00eda<\/h3>\n\n\n\n<p><\/p>\n\n\n\n<h3 class=\"wp-block-heading\">T\u00edtulo a otorgar:&nbsp;Profesor\/a de Educaci\u00f3n Secundaria en Psicolog\u00eda<\/h3>\n\n\n\n<p><\/p>\n\n\n\n<h3 class=\"wp-block-heading\">Duraci\u00f3n de la carrera:&nbsp;4 A\u00f1os<\/h3>\n\n\n\n<h3 class=\"wp-block-heading\">R.M. N\u00b0 3.954\/16<\/h3>\n\n\n\n<div class=\"wp-block-buttons is-horizontal is-content-justification-center is-layout-flex wp-container-1\">\n<div class=\"wp-block-button\"><a class=\"wp-block-button__link wp-element-button\" href=\"https:\/\/int6029-sal.infd.edu.ar\/sitio\/prof-de-eib\/estructura-curricular\/\" target=\"_blank\" rel=\"noreferrer noopener\">Estructura curricular<\/a><\/div>\n<\/div>\n\n\n\n<div class=\"wp-block-buttons is-horizontal is-content-justification-center is-layout-flex wp-container-2\">\n<div class=\"wp-block-button\"><a class=\"wp-block-button__link wp-element-button\" href=\"https:\/\/int6029-sal.infd.edu.ar\/sitio\/prof-de-eib\/eib-regimen-de-correlatividades\/\" target=\"_blank\" rel=\"noreferrer noopener\">R\u00e9gimen de correlatividades<\/a><\/div>\n<\/div>\n\n\n\n<div class=\"wp-block-buttons is-horizontal is-content-justification-center is-layout-flex wp-container-3\">\n<div class=\"wp-block-button\"><a class=\"wp-block-button__link wp-element-button\" href=\"https:\/\/int6029-sal.infd.edu.ar\/sitio\/equivalencias\/\" target=\"_blank\" rel=\"noreferrer noopener\">Equivalencias<\/a><\/div>\n<\/div>\n\n\n\n<div class=\"wp-block-buttons is-horizontal is-content-justification-center is-layout-flex wp-container-4\">\n<div class=\"wp-block-button\"><a class=\"wp-block-button__link wp-element-button\" href=\"https:\/\/int6029-sal.infd.edu.ar\/sitio\/prof-de-eib\/eib-perfil-de-egresada-o\/\" target=\"_blank\" rel=\"noreferrer noopener\">Perfil de egresad@s<\/a><\/div>\n<\/div>\n\n\n\n<div class=\"wp-block-buttons is-horizontal is-content-justification-center is-layout-flex wp-container-5\">\n<div class=\"wp-block-button\"><a class=\"wp-block-button__link wp-element-button\" href=\"https:\/\/int6029-sal.infd.edu.ar\/sitio\/prof-de-eib\/eib-cursado-2-021\/\" target=\"_blank\" rel=\"noreferrer noopener\">Cursado 2.022<\/a><\/div>\n<\/div>\n\n\n\n<p class=\"has-text-align-center\"><strong>INGRESO 2024<\/strong><\/p>\n\n\n\n<p class=\"has-text-align-center has-base-3-color has-blush-bordeaux-gradient-background has-text-color has-background\"><strong>PREINSCRIPCIONES &#8211; DICIEMBRE 2023<\/strong><\/p>\n\n\n\n<p class=\"has-text-align-center\"><strong>POSTULATE<\/strong>  <a href=\"https:\/\/int6029-sal.infd.edu.ar\/sitio\/postulantes-2024\/\">https:\/\/int6029-sal.infd.edu.ar\/sitio\/postulantes-2024\/<\/a><\/p>\n","protected":false},"excerpt":{"rendered":"<p>&nbsp; Denominaci\u00f3n de la Carrera: Profesorado de Educaci\u00f3n Secundaria en Psicolog\u00eda T\u00edtulo a otorgar:&nbsp;Profesor\/a de Educaci\u00f3n Secundaria en Psicolog\u00eda Duraci\u00f3n de la carrera:&nbsp;4 A\u00f1os R.M. N\u00b0 3.954\/16 INGRESO 2024 PREINSCRIPCIONES &#8211; DICIEMBRE 2023 POSTULATE https:\/\/int6029-sal.infd.edu.ar\/sitio\/postulantes-2024\/<\/p>\n","protected":false},"author":1319,"featured_media":0,"parent":0,"menu_order":0,"comment_status":"closed","ping_status":"closed","template":"","meta":[],"acf":[],"_links":{"self":[{"href":"https:\/\/int6029-sal.infd.edu.ar\/sitio\/wp-json\/wp\/v2\/pages\/1386"}],"collection":[{"href":"https:\/\/int6029-sal.infd.edu.ar\/sitio\/wp-json\/wp\/v2\/pages"}],"about":[{"href":"https:\/\/int6029-sal.infd.edu.ar\/sitio\/wp-json\/wp\/v2\/types\/page"}],"author":[{"embeddable":true,"href":"https:\/\/int6029-sal.infd.edu.ar\/sitio\/wp-json\/wp\/v2\/users\/1319"}],"replies":[{"embeddable":true,"href":"https:\/\/int6029-sal.infd.edu.ar\/sitio\/wp-json\/wp\/v2\/comments?post=1386"}],"version-history":[{"count":17,"href":"https:\/\/int6029-sal.infd.edu.ar\/sitio\/wp-json\/wp\/v2\/pages\/1386\/revisions"}],"predecessor-version":[{"id":4041,"href":"https:\/\/int6029-sal.infd.edu.ar\/sitio\/wp-json\/wp\/v2\/pages\/1386\/revisions\/4041"}],"wp:attachment":[{"href":"https:\/\/int6029-sal.infd.edu.ar\/sitio\/wp-json\/wp\/v2\/media?parent=1386"}],"curies":[{"name":"wp","href":"https:\/\/api.w.org\/{rel}","templated":true}]}}