{"id":1293,"date":"2020-08-12T07:47:59","date_gmt":"2020-08-12T10:47:59","guid":{"rendered":"https:\/\/int6029-sal.infd.edu.ar\/sitio\/?page_id=1293"},"modified":"2022-06-19T11:15:58","modified_gmt":"2022-06-19T14:15:58","slug":"catalogo","status":"publish","type":"page","link":"https:\/\/int6029-sal.infd.edu.ar\/sitio\/catalogo\/","title":{"rendered":"CURSOS DE ACCESO LIBRE"},"content":{"rendered":"<p>\u00bfEst\u00e1s interesado en realizar cursos on line? El campus virtual del IES N\u00b0 6029 pone a disposici\u00f3n, la siguiente oferta de cursos autoasistidos y gratuitos:<\/p>\n<ul>\n<li>\n<h5>Formaci\u00f3n docente inicial<\/h5>\n<\/li>\n<li>\n<h5>Lectura, escritura y oralidad con TIC<\/h5>\n<\/li>\n<li>\n<h5>Evaluaci\u00f3n y TIC<\/h5>\n<\/li>\n<li>\n<h5>Ense\u00f1ar F\u00edsica con TIC I<\/h5>\n<\/li>\n<li>\n<h5>Ense\u00f1ar F\u00edsica con TIC II<\/h5>\n<\/li>\n<li>\n<h5>El video en el aula<\/h5>\n<\/li>\n<li>\n<h5>Edici\u00f3n de im\u00e1genes y presentaciones visuales<\/h5>\n<\/li>\n<li>\n<h5>Herramientas de autor<\/h5>\n<\/li>\n<li>\n<h5>Planilla de c\u00e1lculo para docentes<\/h5>\n<\/li>\n<li>\n<h5>Publicaciones digitales<img decoding=\"async\" loading=\"lazy\" class=\"size-full wp-image-1220 alignright\" src=\"https:\/\/int6029-sal.infd.edu.ar\/sitio\/wp-content\/uploads\/2020\/04\/LogoRedInfod.jpeg\" alt=\"\" width=\"359\" height=\"140\"><\/h5>\n<\/li>\n<li dir=\"ltr\">\n<h5>Excel Nivel B\u00e1sico<\/h5>\n<\/li>\n<li dir=\"ltr\">\n<h5>Excel Nivel Avanzado<\/h5>\n<\/li>\n<li dir=\"ltr\">\n<h5>Word Nivel B\u00e1sico<\/h5>\n<\/li>\n<li dir=\"ltr\">\n<h5>Word Nivel Avanzado<\/h5>\n<\/li>\n<li dir=\"ltr\">\n<h5>PowerPoint Nivel B\u00e1sico<\/h5>\n<\/li>\n<li dir=\"ltr\">\n<h5>PowerPoint Nivel Avanzado<\/h5>\n<\/li>\n<\/ul>\n<p>&nbsp;<\/p>\n<h3 style=\"text-align: center;\">EXPLORA LA OFERTA, HAZ CLICK EN LA QUE TE INTERESE<\/h3>\n<h3 style=\"text-align: center;\">Y SI EST\u00c1 ABIERTA LA INSCRIPCI\u00d3N&#8230;<\/h3>\n<h3 style=\"text-align: center;\">A REGISTRARSE Y CURSAR!!<\/h3>\n<p>&nbsp;<\/p>\n<p><a href=\"http:\/\/www.edusalta.gov.ar\/index.php\/docman\/expo-futuro-2020\/educacion-superior\/5698-guia-del-estudiante-2021-ver-001\/file\"><!--more--><\/a><\/p>\n<p><iframe loading=\"lazy\" src=\"\/aula\/catalogo.cgi?embed=1\" width=\"100%\" height=\"1000\" scrolling=\"yes\"><\/iframe><\/p>\n","protected":false},"excerpt":{"rendered":"<p>\u00bfEst\u00e1s interesado en realizar cursos on line? El campus virtual del IES N\u00b0 6029 pone a disposici\u00f3n, la siguiente oferta de cursos autoasistidos y gratuitos: Formaci\u00f3n docente inicial Lectura, escritura y oralidad con TIC Evaluaci\u00f3n y TIC Ense\u00f1ar F\u00edsica con TIC I Ense\u00f1ar F\u00edsica con TIC II El video en el aula Edici\u00f3n de im\u00e1genes &#8230; <a title=\"CURSOS DE ACCESO LIBRE\" class=\"read-more\" href=\"https:\/\/int6029-sal.infd.edu.ar\/sitio\/catalogo\/\" aria-label=\"More on CURSOS DE ACCESO LIBRE\">[+]<\/a><\/p>\n","protected":false},"author":698,"featured_media":0,"parent":0,"menu_order":0,"comment_status":"closed","ping_status":"closed","template":"","meta":[],"acf":[],"_links":{"self":[{"href":"https:\/\/int6029-sal.infd.edu.ar\/sitio\/wp-json\/wp\/v2\/pages\/1293"}],"collection":[{"href":"https:\/\/int6029-sal.infd.edu.ar\/sitio\/wp-json\/wp\/v2\/pages"}],"about":[{"href":"https:\/\/int6029-sal.infd.edu.ar\/sitio\/wp-json\/wp\/v2\/types\/page"}],"author":[{"embeddable":true,"href":"https:\/\/int6029-sal.infd.edu.ar\/sitio\/wp-json\/wp\/v2\/users\/698"}],"replies":[{"embeddable":true,"href":"https:\/\/int6029-sal.infd.edu.ar\/sitio\/wp-json\/wp\/v2\/comments?post=1293"}],"version-history":[{"count":24,"href":"https:\/\/int6029-sal.infd.edu.ar\/sitio\/wp-json\/wp\/v2\/pages\/1293\/revisions"}],"predecessor-version":[{"id":3140,"href":"https:\/\/int6029-sal.infd.edu.ar\/sitio\/wp-json\/wp\/v2\/pages\/1293\/revisions\/3140"}],"wp:attachment":[{"href":"https:\/\/int6029-sal.infd.edu.ar\/sitio\/wp-json\/wp\/v2\/media?parent=1293"}],"curies":[{"name":"wp","href":"https:\/\/api.w.org\/{rel}","templated":true}]}}