{"id":1253,"date":"2020-08-08T17:01:14","date_gmt":"2020-08-08T20:01:14","guid":{"rendered":"https:\/\/int6029-sal.infd.edu.ar\/sitio\/?page_id=1253"},"modified":"2021-03-22T15:43:48","modified_gmt":"2021-03-22T18:43:48","slug":"https-forms-gle-qiujf5nzzrbnompm7","status":"publish","type":"page","link":"https:\/\/int6029-sal.infd.edu.ar\/sitio\/https-forms-gle-qiujf5nzzrbnompm7\/","title":{"rendered":"Prof. Mat.: \u00bfAlguna solicitud y\/o consulta?"},"content":{"rendered":"<p>Estudiantes y\/o egresados del Prof. de educaci\u00f3n secundaria en Matem\u00e1tica:<\/p>\n<p>Si desean realizar alguna consulta o solicitar alguna documentaci\u00f3n, h\u00e1galo a trav\u00e9s del siguiente formulario, por favor.<\/p>\n<p style=\"text-align: center;\"><a href=\"https:\/\/forms.gle\/QiuJf5nZzrBnoMPm7\"><strong>CLICK AQU\u00cd<\/strong><\/a><\/p>\n<p>Considere:<\/p>\n<ul>\n<li>Para solicitar <strong>constancia de alumno regular y\/o certificado de finalizaci\u00f3n de cursado<\/strong>, no debe enviar ninguna documentaci\u00f3n para que se procese su pedido.<\/li>\n<li>Para realizar cualquier <strong>consulta<\/strong>, no debe enviar ninguna documentaci\u00f3n para que se procese la misma.<\/li>\n<li>Para solicitar <strong>constancia de estado curricular <\/strong>y que se procese la respuesta,\u00a0debe enviar en formato pdf, la siguiente documentaci\u00f3n:\n<ul>\n<li>nota de solicitud,<\/li>\n<li>copia de DNI,<\/li>\n<li>copia de CUIL,<\/li>\n<li>copia del t\u00edtulo de educaci\u00f3n secundaria<\/li>\n<li>y copia de su libreta de estudiante (hoja 1 y hojas con calificaciones de ex\u00e1menes registrados).<\/li>\n<\/ul>\n<\/li>\n<\/ul>\n<p>&nbsp;<\/p>\n<p>Estamos a disposici\u00f3n por este medio, cualquier d\u00eda h\u00e1bil entre 19.00 y 23.00 hs.<\/p>\n<p>Prof. Dalila Gonz\u00e1lez<\/p>\n<p>Vicerrectora del IES N* 6029<\/p>\n<p><a href=\"https:\/\/int6029-sal.infd.edu.ar\/sitio\/wp-content\/uploads\/2021\/02\/Captura-de-pantalla-2021-02-14-a-las-19.19.31.png\"><img decoding=\"async\" loading=\"lazy\" class=\"aligncenter wp-image-1384\" src=\"https:\/\/int6029-sal.infd.edu.ar\/sitio\/wp-content\/uploads\/2021\/02\/Captura-de-pantalla-2021-02-14-a-las-19.19.31.png\" alt=\"\" width=\"402\" height=\"277\" srcset=\"https:\/\/int6029-sal.infd.edu.ar\/sitio\/wp-content\/uploads\/2021\/02\/Captura-de-pantalla-2021-02-14-a-las-19.19.31.png 930w, https:\/\/int6029-sal.infd.edu.ar\/sitio\/wp-content\/uploads\/2021\/02\/Captura-de-pantalla-2021-02-14-a-las-19.19.31-768x529.png 768w\" sizes=\"(max-width: 402px) 100vw, 402px\" \/><\/a><\/p>\n<p>&nbsp;<\/p>\n<p>&nbsp;<\/p>\n<p>&nbsp;<\/p>\n","protected":false},"excerpt":{"rendered":"<p>Estudiantes y\/o egresados del Prof. de educaci\u00f3n secundaria en Matem\u00e1tica: Si desean realizar alguna consulta o solicitar alguna documentaci\u00f3n, h\u00e1galo a trav\u00e9s del siguiente formulario, por favor. CLICK AQU\u00cd Considere: Para solicitar constancia de alumno regular y\/o certificado de finalizaci\u00f3n de cursado, no debe enviar ninguna documentaci\u00f3n para que se procese su pedido. Para realizar &#8230; <a title=\"Prof. Mat.: \u00bfAlguna solicitud y\/o consulta?\" class=\"read-more\" href=\"https:\/\/int6029-sal.infd.edu.ar\/sitio\/https-forms-gle-qiujf5nzzrbnompm7\/\" aria-label=\"More on Prof. Mat.: \u00bfAlguna solicitud y\/o consulta?\">[+]<\/a><\/p>\n","protected":false},"author":698,"featured_media":0,"parent":0,"menu_order":0,"comment_status":"closed","ping_status":"closed","template":"","meta":[],"acf":[],"_links":{"self":[{"href":"https:\/\/int6029-sal.infd.edu.ar\/sitio\/wp-json\/wp\/v2\/pages\/1253"}],"collection":[{"href":"https:\/\/int6029-sal.infd.edu.ar\/sitio\/wp-json\/wp\/v2\/pages"}],"about":[{"href":"https:\/\/int6029-sal.infd.edu.ar\/sitio\/wp-json\/wp\/v2\/types\/page"}],"author":[{"embeddable":true,"href":"https:\/\/int6029-sal.infd.edu.ar\/sitio\/wp-json\/wp\/v2\/users\/698"}],"replies":[{"embeddable":true,"href":"https:\/\/int6029-sal.infd.edu.ar\/sitio\/wp-json\/wp\/v2\/comments?post=1253"}],"version-history":[{"count":7,"href":"https:\/\/int6029-sal.infd.edu.ar\/sitio\/wp-json\/wp\/v2\/pages\/1253\/revisions"}],"predecessor-version":[{"id":1606,"href":"https:\/\/int6029-sal.infd.edu.ar\/sitio\/wp-json\/wp\/v2\/pages\/1253\/revisions\/1606"}],"wp:attachment":[{"href":"https:\/\/int6029-sal.infd.edu.ar\/sitio\/wp-json\/wp\/v2\/media?parent=1253"}],"curies":[{"name":"wp","href":"https:\/\/api.w.org\/{rel}","templated":true}]}}