{"id":1232,"date":"2020-08-07T18:55:54","date_gmt":"2020-08-07T21:55:54","guid":{"rendered":"https:\/\/int6029-sal.infd.edu.ar\/sitio\/?page_id=1232"},"modified":"2023-02-10T11:35:01","modified_gmt":"2023-02-10T14:35:01","slug":"prof-de-ed-sec-en-matematica","status":"publish","type":"page","link":"https:\/\/int6029-sal.infd.edu.ar\/sitio\/inicio\/prof-de-ed-sec-en-matematica\/","title":{"rendered":"Prof. de Ed. Sec. en Matem\u00e1tica"},"content":{"rendered":"<h3>Denominaci\u00f3n de la Carrera:<\/h3>\n<h3 style=\"text-align: center;\"><span style=\"color: #993366;\">Profesorado de Educaci\u00f3n Secundaria en Matem\u00e1tica <\/span><\/h3>\n<h3>\u00a0<\/h3>\n<h3>T\u00edtulo a otorgar: <span style=\"color: #993366;\">Profesor\/a de Educaci\u00f3n Secundaria en Matem\u00e1tica <\/span><\/h3>\n<h3>\u00a0<\/h3>\n<h3>Duraci\u00f3n de la carrera: <span style=\"color: #993366;\">4 A\u00f1os <\/span><\/h3>\n<h3>\u00a0<\/h3>\n<h3>Carga horaria total de la carrera: <span style=\"color: #993366;\">3.904 Hs. C\u00e1tedras- 2.928 Hs. Reloj<\/span><\/h3>\n<p>\u00a0<\/p>\n<h3 style=\"text-align: center;\"><span style=\"color: #000000;\"><a style=\"color: #000000;\" href=\"http:\/\/www.edusalta.gov.ar\/index.php\/docentes\/normativa-educativa\/disenos-curriculares\/disenos-curriculares-educacion-superior\/2866-diseno-curricular-profesorado-de-educacion-secundaria-en-matematica\/file\" target=\"_blank\" rel=\"noopener\">R.M. N\u00b0 3.125\/14<\/a><\/span><\/h3>\n<p>\u00a0<\/p>\n\n\n<div class=\"wp-block-buttons is-horizontal is-content-justification-center is-layout-flex wp-container-1\">\n<div class=\"wp-block-button\"><a class=\"wp-block-button__link wp-element-button\" href=\"https:\/\/int6029-sal.infd.edu.ar\/sitio\/inicio\/prof-de-ed-sec-en-matematica\/estructura-curricular-rm-3125-14\/\" target=\"_blank\" rel=\"noreferrer noopener\">Estructura curricular<\/a><\/div>\n<\/div>\n\n\n\n<div class=\"wp-block-buttons is-horizontal is-content-justification-center is-layout-flex wp-container-2\">\n<div class=\"wp-block-button\"><a class=\"wp-block-button__link wp-element-button\" href=\"https:\/\/int6029-sal.infd.edu.ar\/sitio\/inicio\/prof-de-ed-sec-en-matematica\/regimen-de-correlatividades\/\" target=\"_blank\" rel=\"noreferrer noopener\">R\u00e9gimen de correlatividades<\/a><\/div>\n<\/div>\n\n\n\n<div class=\"wp-block-buttons is-horizontal is-content-justification-center is-layout-flex wp-container-3\">\n<div class=\"wp-block-button\"><a class=\"wp-block-button__link wp-element-button\" href=\"https:\/\/int6029-sal.infd.edu.ar\/sitio\/equivalencias\/\" target=\"_blank\" rel=\"noreferrer noopener\">Equivalencias<\/a><\/div>\n<\/div>\n\n\n\n<div class=\"wp-block-buttons is-horizontal is-content-justification-center is-layout-flex wp-container-4\">\n<div class=\"wp-block-button\"><a class=\"wp-block-button__link wp-element-button\" href=\"https:\/\/int6029-sal.infd.edu.ar\/sitio\/perfil-del-egresado\/\" target=\"_blank\" rel=\"noreferrer noopener\">Perfil de egresad@s<\/a><\/div>\n<\/div>\n\n\n\n<div class=\"wp-block-buttons is-horizontal is-content-justification-center is-layout-flex wp-container-5\">\n<div class=\"wp-block-button\"><a class=\"wp-block-button__link wp-element-button\" href=\"https:\/\/int6029-sal.infd.edu.ar\/sitio\/inicio\/prof-de-ed-sec-en-matematica\/prof-mat-cursado-2-021\/\" target=\"_blank\" rel=\"noreferrer noopener\">Cursado 2.022<\/a><\/div>\n<\/div>\n\n\n\n<div class=\"wp-block-buttons is-horizontal is-content-justification-center is-layout-flex wp-container-6\">\n<div class=\"wp-block-button\"><a class=\"wp-block-button__link wp-element-button\" href=\"https:\/\/int6029-sal.infd.edu.ar\/sitio\/https-forms-gle-qiujf5nzzrbnompm7\/\" target=\"_blank\" rel=\"noreferrer noopener\">Espacio de consultas<\/a><\/div>\n<\/div>\n","protected":false},"excerpt":{"rendered":"<p>Denominaci\u00f3n de la Carrera: Profesorado de Educaci\u00f3n Secundaria en Matem\u00e1tica \u00a0 T\u00edtulo a otorgar: Profesor\/a de Educaci\u00f3n Secundaria en Matem\u00e1tica \u00a0 Duraci\u00f3n de la carrera: 4 A\u00f1os \u00a0 Carga horaria total de la carrera: 3.904 Hs. C\u00e1tedras- 2.928 Hs. Reloj \u00a0 R.M. N\u00b0 3.125\/14 \u00a0<\/p>\n","protected":false},"author":698,"featured_media":0,"parent":286,"menu_order":5,"comment_status":"closed","ping_status":"closed","template":"","meta":[],"acf":[],"_links":{"self":[{"href":"https:\/\/int6029-sal.infd.edu.ar\/sitio\/wp-json\/wp\/v2\/pages\/1232"}],"collection":[{"href":"https:\/\/int6029-sal.infd.edu.ar\/sitio\/wp-json\/wp\/v2\/pages"}],"about":[{"href":"https:\/\/int6029-sal.infd.edu.ar\/sitio\/wp-json\/wp\/v2\/types\/page"}],"author":[{"embeddable":true,"href":"https:\/\/int6029-sal.infd.edu.ar\/sitio\/wp-json\/wp\/v2\/users\/698"}],"replies":[{"embeddable":true,"href":"https:\/\/int6029-sal.infd.edu.ar\/sitio\/wp-json\/wp\/v2\/comments?post=1232"}],"version-history":[{"count":6,"href":"https:\/\/int6029-sal.infd.edu.ar\/sitio\/wp-json\/wp\/v2\/pages\/1232\/revisions"}],"predecessor-version":[{"id":3782,"href":"https:\/\/int6029-sal.infd.edu.ar\/sitio\/wp-json\/wp\/v2\/pages\/1232\/revisions\/3782"}],"up":[{"embeddable":true,"href":"https:\/\/int6029-sal.infd.edu.ar\/sitio\/wp-json\/wp\/v2\/pages\/286"}],"wp:attachment":[{"href":"https:\/\/int6029-sal.infd.edu.ar\/sitio\/wp-json\/wp\/v2\/media?parent=1232"}],"curies":[{"name":"wp","href":"https:\/\/api.w.org\/{rel}","templated":true}]}}