{"id":1210,"date":"2020-04-16T03:36:04","date_gmt":"2020-04-16T06:36:04","guid":{"rendered":"https:\/\/int6029-sal.infd.edu.ar\/sitio\/?page_id=1210"},"modified":"2020-12-16T23:31:13","modified_gmt":"2020-12-17T02:31:13","slug":"catalogo-de-cursos-autoasistidos","status":"publish","type":"page","link":"https:\/\/int6029-sal.infd.edu.ar\/sitio\/catalogo-de-cursos-autoasistidos\/","title":{"rendered":"Cursos autoasistidos!"},"content":{"rendered":"<h4 dir=\"ltr\">\u00bfEst\u00e1s interesado en realizar cursos on line? El campus virtual del IES N\u00b0 6029 pone a disposici\u00f3n, la siguiente oferta de cursos autoasistidos y gratuitos:<\/h4>\n<ul>\n<li>\n<h5>Formaci\u00f3n docente inicial<\/h5>\n<\/li>\n<li>\n<h5>Lectura, escritura y oralidad con TIC<\/h5>\n<\/li>\n<li>\n<h5>Ense\u00f1ar F\u00edsica con TIC I<\/h5>\n<\/li>\n<li>\n<h5>Ense\u00f1ar F\u00edsica con TIC II<\/h5>\n<\/li>\n<li>\n<h5>El video en el aula<\/h5>\n<\/li>\n<li>\n<h5>Edici\u00f3n de im\u00e1genes y presentaciones visuales<\/h5>\n<\/li>\n<li>\n<h5>Herramientas de autor<\/h5>\n<\/li>\n<li>\n<h5>Planilla de c\u00e1lculo para docentes<\/h5>\n<\/li>\n<li>\n<h5>Publicaciones digitales<img decoding=\"async\" loading=\"lazy\" class=\"size-full wp-image-1220 alignright\" src=\"https:\/\/int6029-sal.infd.edu.ar\/sitio\/wp-content\/uploads\/2020\/04\/LogoRedInfod.jpeg\" alt=\"\" width=\"359\" height=\"140\" \/><\/h5>\n<\/li>\n<li dir=\"ltr\">\n<h5>Excel Nivel B\u00e1sico<\/h5>\n<\/li>\n<li dir=\"ltr\">\n<h5>Excel Nivel Avanzado<\/h5>\n<\/li>\n<li dir=\"ltr\">\n<h5>Word Nivel B\u00e1sico<\/h5>\n<\/li>\n<li dir=\"ltr\">\n<h5>Word Nivel Avanzado<\/h5>\n<\/li>\n<li dir=\"ltr\">\n<h5>PowerPoint Nivel B\u00e1sico<\/h5>\n<\/li>\n<li dir=\"ltr\">\n<h5>PowerPoint Nivel Avanzado<\/h5>\n<\/li>\n<\/ul>\n<p>&nbsp;<\/p>\n<h3 style=\"text-align: center;\">Para inscribirse, click en CATALOGO DE CURSOS!!<\/h3>\n<p>&nbsp;<\/p>\n","protected":false},"excerpt":{"rendered":"<p>\u00bfEst\u00e1s interesado en realizar cursos on line? El campus virtual del IES N\u00b0 6029 pone a disposici\u00f3n, la siguiente oferta de cursos autoasistidos y gratuitos: Formaci\u00f3n docente inicial Lectura, escritura y oralidad con TIC Ense\u00f1ar F\u00edsica con TIC I Ense\u00f1ar F\u00edsica con TIC II El video en el aula Edici\u00f3n de im\u00e1genes y presentaciones visuales &#8230; <a title=\"Cursos autoasistidos!\" class=\"read-more\" href=\"https:\/\/int6029-sal.infd.edu.ar\/sitio\/catalogo-de-cursos-autoasistidos\/\" aria-label=\"More on Cursos autoasistidos!\">[+]<\/a><\/p>\n","protected":false},"author":698,"featured_media":0,"parent":0,"menu_order":0,"comment_status":"closed","ping_status":"closed","template":"","meta":[],"acf":[],"_links":{"self":[{"href":"https:\/\/int6029-sal.infd.edu.ar\/sitio\/wp-json\/wp\/v2\/pages\/1210"}],"collection":[{"href":"https:\/\/int6029-sal.infd.edu.ar\/sitio\/wp-json\/wp\/v2\/pages"}],"about":[{"href":"https:\/\/int6029-sal.infd.edu.ar\/sitio\/wp-json\/wp\/v2\/types\/page"}],"author":[{"embeddable":true,"href":"https:\/\/int6029-sal.infd.edu.ar\/sitio\/wp-json\/wp\/v2\/users\/698"}],"replies":[{"embeddable":true,"href":"https:\/\/int6029-sal.infd.edu.ar\/sitio\/wp-json\/wp\/v2\/comments?post=1210"}],"version-history":[{"count":16,"href":"https:\/\/int6029-sal.infd.edu.ar\/sitio\/wp-json\/wp\/v2\/pages\/1210\/revisions"}],"predecessor-version":[{"id":1373,"href":"https:\/\/int6029-sal.infd.edu.ar\/sitio\/wp-json\/wp\/v2\/pages\/1210\/revisions\/1373"}],"wp:attachment":[{"href":"https:\/\/int6029-sal.infd.edu.ar\/sitio\/wp-json\/wp\/v2\/media?parent=1210"}],"curies":[{"name":"wp","href":"https:\/\/api.w.org\/{rel}","templated":true}]}}